{"id":6377,"date":"2021-08-10T03:57:09","date_gmt":"2021-08-10T07:57:09","guid":{"rendered":"https:\/\/healthcliner.com\/tac-gia\/"},"modified":"2021-10-01T22:21:44","modified_gmt":"2021-10-02T02:21:44","slug":"tac-gia","status":"publish","type":"page","link":"https:\/\/healthcliner.com\/vi\/tac-gia\/","title":{"rendered":"T\u00e1c gi\u1ea3"},"content":{"rendered":"<p>[et_pb_section fb_built=&#8221;1&#8243; admin_label=&#8221;section&#8221; _builder_version=&#8221;3.22&#8243; global_colors_info=&#8221;{}&#8221;][et_pb_row admin_label=&#8221;h\u00e0ng&#8221; _builder_version=&#8221;4.10.4&#8243; background_size=&#8221;initial&#8221; background_position=&#8221;top_left&#8221; background_repeat=&#8221;repeat&#8221; custom_margin=&#8221;240px||||false|false&#8221; hover_enabled=&#8221;0&#8243; global_colors_info=&#8221;{}&#8221; custom_padding=&#8221;0px||0px||true|false&#8221; sticky_enabled=&#8221;0&#8243;][et_pb_column type=&#8221;4_4&#8243; _builder_version=&#8221;3.25&#8243; custom_padding=&#8221;|||&#8221; global_colors_info=&#8221;{}&#8221; custom_padding__hover=&#8221;|||&#8221;][et_pb_image src=&#8221;@ET-DC@eyJkeW5hbWljIjp0cnVlLCJjb250ZW50IjoicG9zdF9hdXRob3JfcHJvZmlsZV9waWN0dXJlIiwic2V0dGluZ3MiOnt9fQ==@&#8221; _builder_version=&#8221;4.9.9&#8243; _dynamic_attributes=&#8221;src&#8221; _module_preset=&#8221;default&#8221; custom_margin=&#8221;-25px|||30vw|false|false&#8221; border_radii=&#8221;on|50px|50px|50px|50px&#8221; global_colors_info=&#8221;{}&#8221;][\/et_pb_image][et_pb_text admin_label=&#8221;Text&#8221; _builder_version=&#8221;4.9.9&#8243; text_font=&#8221;Roboto||||||||&#8221; text_text_color=&#8221;#000000&#8243; text_font_size=&#8221;16px&#8221; background_size=&#8221;initial&#8221; background_position=&#8221;top_left&#8221; background_repeat=&#8221;repeat&#8221; width=&#8221;48%&#8221; module_alignment=&#8221;center&#8221; custom_margin=&#8221;25px||||false|false&#8221; global_colors_info=&#8221;{}&#8221;]<\/p>\n<p style=\"text-align: left;\">Alfred Amaechi l\u00e0 m\u1ed9t y t\u00e1 \u0111\u00e3 \u0111\u0103ng k\u00fd (RN), m\u1ed9t nh\u00e0 h\u00f3a h\u1ecdc c\u00f4ng nghi\u1ec7p v\u00e0 m\u1ed9t t\u00e1c gi\u1ea3. \u00d4ng c\u00f3 b\u1eb1ng C\u1eed nh\u00e2n Khoa h\u1ecdc (BSc) v\u1ec1 H\u00f3a h\u1ecdc C\u00f4ng nghi\u1ec7p v\u00e0 C\u1eed nh\u00e2n Khoa h\u1ecdc \u0110i\u1ec1u d\u01b0\u1ee1ng (BSN), v\u00e0 l\u00e0m vi\u1ec7c t\u1ea1i c\u00e1c c\u01a1 s\u1edf ch\u0103m s\u00f3c s\u1ee9c kh\u1ecfe kh\u00e1c nhau.<\/p>\n<p>[\/et_pb_text][\/et_pb_column][\/et_pb_row][\/et_pb_section]<\/p>\n","protected":false},"excerpt":{"rendered":"<p>[et_pb_section fb_built=&#8221;1&#8243; admin_label=&#8221;section&#8221; _builder_version=&#8221;3.22&#8243; global_colors_info=&#8221;{}&#8221;][et_pb_row admin_label=&#8221;h\u00e0ng&#8221; _builder_version=&#8221;4.10.4&#8243; background_size=&#8221;initial&#8221; background_position=&#8221;top_left&#8221; background_repeat=&#8221;repeat&#8221; custom_margin=&#8221;240px||||false|false&#8221; hover_enabled=&#8221;0&#8243; global_colors_info=&#8221;{}&#8221; custom_padding=&#8221;0px||0px||true|false&#8221; sticky_enabled=&#8221;0&#8243;][et_pb_column type=&#8221;4_4&#8243; _builder_version=&#8221;3.25&#8243; custom_padding=&#8221;|||&#8221; global_colors_info=&#8221;{}&#8221; custom_padding__hover=&#8221;|||&#8221;][et_pb_image src=&#8221;@ET-DC@eyJkeW5hbWljIjp0cnVlLCJjb250ZW50IjoicG9zdF9hdXRob3JfcHJvZmlsZV9waWN0dXJlIiwic2V0dGluZ3MiOnt9fQ==@&#8221; _builder_version=&#8221;4.9.9&#8243; _dynamic_attributes=&#8221;src&#8221; _module_preset=&#8221;default&#8221; custom_margin=&#8221;-25px|||30vw|false|false&#8221; border_radii=&#8221;on|50px|50px|50px|50px&#8221; global_colors_info=&#8221;{}&#8221;][\/et_pb_image][et_pb_text admin_label=&#8221;Text&#8221; _builder_version=&#8221;4.9.9&#8243; text_font=&#8221;Roboto||||||||&#8221; text_text_color=&#8221;#000000&#8243; text_font_size=&#8221;16px&#8221; background_size=&#8221;initial&#8221; background_position=&#8221;top_left&#8221; background_repeat=&#8221;repeat&#8221; width=&#8221;48%&#8221; module_alignment=&#8221;center&#8221; custom_margin=&#8221;25px||||false|false&#8221; global_colors_info=&#8221;{}&#8221;] Alfred Amaechi l\u00e0 m\u1ed9t y t\u00e1 \u0111\u00e3 \u0111\u0103ng k\u00fd (RN), m\u1ed9t nh\u00e0 h\u00f3a h\u1ecdc c\u00f4ng nghi\u1ec7p [&hellip;]<\/p>\n","protected":false},"author":1,"featured_media":2794,"parent":0,"menu_order":0,"comment_status":"closed","ping_status":"closed","template":"","meta":{"_crdt_document":"","tdm_status":"","tdm_grid_status":"","footnotes":""},"class_list":["post-6377","page","type-page","status-publish","has-post-thumbnail"],"yoast_head":"<!-- This site is optimized with the Yoast SEO plugin v27.4 - https:\/\/yoast.com\/product\/yoast-seo-wordpress\/ -->\n<title>T\u00e1c gi\u1ea3 - Healthcliner<\/title>\n<meta name=\"robots\" content=\"index, follow, max-snippet:-1, max-image-preview:large, max-video-preview:-1\" \/>\n<link rel=\"canonical\" href=\"https:\/\/healthcliner.com\/vi\/tac-gia\/\" \/>\n<meta property=\"og:locale\" content=\"vi_VN\" \/>\n<meta property=\"og:type\" content=\"article\" \/>\n<meta property=\"og:title\" content=\"T\u00e1c gi\u1ea3 - Healthcliner\" \/>\n<meta property=\"og:description\" content=\"[et_pb_section fb_built=&#8221;1&#8243; admin_label=&#8221;section&#8221; _builder_version=&#8221;3.22&#8243; global_colors_info=&#8221;{}&#8221;][et_pb_row admin_label=&#8221;h\u00e0ng&#8221; _builder_version=&#8221;4.10.4&#8243; background_size=&#8221;initial&#8221; background_position=&#8221;top_left&#8221; background_repeat=&#8221;repeat&#8221; custom_margin=&#8221;240px||||false|false&#8221; hover_enabled=&#8221;0&#8243; global_colors_info=&#8221;{}&#8221; custom_padding=&#8221;0px||0px||true|false&#8221; sticky_enabled=&#8221;0&#8243;][et_pb_column type=&#8221;4_4&#8243; _builder_version=&#8221;3.25&#8243; custom_padding=&#8221;|||&#8221; global_colors_info=&#8221;{}&#8221; custom_padding__hover=&#8221;|||&#8221;][et_pb_image src=&#8221;@ET-DC@eyJkeW5hbWljIjp0cnVlLCJjb250ZW50IjoicG9zdF9hdXRob3JfcHJvZmlsZV9waWN0dXJlIiwic2V0dGluZ3MiOnt9fQ==@&#8221; _builder_version=&#8221;4.9.9&#8243; _dynamic_attributes=&#8221;src&#8221; _module_preset=&#8221;default&#8221; custom_margin=&#8221;-25px|||30vw|false|false&#8221; border_radii=&#8221;on|50px|50px|50px|50px&#8221; global_colors_info=&#8221;{}&#8221;][\/et_pb_image][et_pb_text admin_label=&#8221;Text&#8221; _builder_version=&#8221;4.9.9&#8243; text_font=&#8221;Roboto||||||||&#8221; text_text_color=&#8221;#000000&#8243; text_font_size=&#8221;16px&#8221; background_size=&#8221;initial&#8221; background_position=&#8221;top_left&#8221; background_repeat=&#8221;repeat&#8221; width=&#8221;48%&#8221; module_alignment=&#8221;center&#8221; custom_margin=&#8221;25px||||false|false&#8221; global_colors_info=&#8221;{}&#8221;] Alfred Amaechi l\u00e0 m\u1ed9t y t\u00e1 \u0111\u00e3 \u0111\u0103ng k\u00fd (RN), m\u1ed9t nh\u00e0 h\u00f3a h\u1ecdc c\u00f4ng nghi\u1ec7p [&hellip;]\" \/>\n<meta property=\"og:url\" content=\"https:\/\/healthcliner.com\/vi\/tac-gia\/\" \/>\n<meta property=\"og:site_name\" content=\"Healthcliner\" \/>\n<meta property=\"article:publisher\" content=\"https:\/\/business.facebook.com\/Healthcliner\" \/>\n<meta property=\"article:modified_time\" content=\"2021-10-02T02:21:44+00:00\" \/>\n<meta property=\"og:image\" content=\"https:\/\/healthcliner.com\/wp-content\/uploads\/2021\/05\/Alfred-Amaechi.jpg\" \/>\n\t<meta property=\"og:image:width\" content=\"385\" \/>\n\t<meta property=\"og:image:height\" content=\"344\" \/>\n\t<meta property=\"og:image:type\" content=\"image\/jpeg\" \/>\n<meta name=\"twitter:card\" content=\"summary_large_image\" \/>\n<meta name=\"twitter:site\" content=\"@healthcliner\" \/>\n<meta name=\"twitter:label1\" content=\"Est. reading time\" \/>\n\t<meta name=\"twitter:data1\" content=\"1 minute\" \/>\n<script type=\"application\/ld+json\" class=\"yoast-schema-graph\">{\"@context\":\"https:\\\/\\\/schema.org\",\"@graph\":[{\"@type\":\"WebPage\",\"@id\":\"https:\\\/\\\/healthcliner.com\\\/vi\\\/tac-gia\\\/\",\"url\":\"https:\\\/\\\/healthcliner.com\\\/vi\\\/tac-gia\\\/\",\"name\":\"T\u00e1c gi\u1ea3 - Healthcliner\",\"isPartOf\":{\"@id\":\"https:\\\/\\\/healthcliner.com\\\/vi\\\/#website\"},\"primaryImageOfPage\":{\"@id\":\"https:\\\/\\\/healthcliner.com\\\/vi\\\/tac-gia\\\/#primaryimage\"},\"image\":{\"@id\":\"https:\\\/\\\/healthcliner.com\\\/vi\\\/tac-gia\\\/#primaryimage\"},\"thumbnailUrl\":\"https:\\\/\\\/healthcliner.com\\\/wp-content\\\/uploads\\\/2021\\\/05\\\/Alfred-Amaechi.jpg\",\"datePublished\":\"2021-08-10T07:57:09+00:00\",\"dateModified\":\"2021-10-02T02:21:44+00:00\",\"breadcrumb\":{\"@id\":\"https:\\\/\\\/healthcliner.com\\\/vi\\\/tac-gia\\\/#breadcrumb\"},\"inLanguage\":\"vi-VN\",\"potentialAction\":[{\"@type\":\"ReadAction\",\"target\":[\"https:\\\/\\\/healthcliner.com\\\/vi\\\/tac-gia\\\/\"]}]},{\"@type\":\"ImageObject\",\"inLanguage\":\"vi-VN\",\"@id\":\"https:\\\/\\\/healthcliner.com\\\/vi\\\/tac-gia\\\/#primaryimage\",\"url\":\"https:\\\/\\\/healthcliner.com\\\/wp-content\\\/uploads\\\/2021\\\/05\\\/Alfred-Amaechi.jpg\",\"contentUrl\":\"https:\\\/\\\/healthcliner.com\\\/wp-content\\\/uploads\\\/2021\\\/05\\\/Alfred-Amaechi.jpg\",\"width\":385,\"height\":344},{\"@type\":\"BreadcrumbList\",\"@id\":\"https:\\\/\\\/healthcliner.com\\\/vi\\\/tac-gia\\\/#breadcrumb\",\"itemListElement\":[{\"@type\":\"ListItem\",\"position\":1,\"name\":\"Home\",\"item\":\"https:\\\/\\\/healthcliner.com\\\/vi\\\/\"},{\"@type\":\"ListItem\",\"position\":2,\"name\":\"T\u00e1c gi\u1ea3\"}]},{\"@type\":\"WebSite\",\"@id\":\"https:\\\/\\\/healthcliner.com\\\/vi\\\/#website\",\"url\":\"https:\\\/\\\/healthcliner.com\\\/vi\\\/\",\"name\":\"Healthcliner\",\"description\":\"Evidence-based Health Information\",\"publisher\":{\"@id\":\"https:\\\/\\\/healthcliner.com\\\/vi\\\/#organization\"},\"potentialAction\":[{\"@type\":\"SearchAction\",\"target\":{\"@type\":\"EntryPoint\",\"urlTemplate\":\"https:\\\/\\\/healthcliner.com\\\/vi\\\/?s={search_term_string}\"},\"query-input\":{\"@type\":\"PropertyValueSpecification\",\"valueRequired\":true,\"valueName\":\"search_term_string\"}}],\"inLanguage\":\"vi-VN\"},{\"@type\":\"Organization\",\"@id\":\"https:\\\/\\\/healthcliner.com\\\/vi\\\/#organization\",\"name\":\"Healthcliner\",\"url\":\"https:\\\/\\\/healthcliner.com\\\/vi\\\/\",\"logo\":{\"@type\":\"ImageObject\",\"inLanguage\":\"vi-VN\",\"@id\":\"https:\\\/\\\/healthcliner.com\\\/vi\\\/#\\\/schema\\\/logo\\\/image\\\/\",\"url\":\"https:\\\/\\\/healthcliner.com\\\/wp-content\\\/uploads\\\/2021\\\/09\\\/Small-size-transparent-image-for-web-1.png\",\"contentUrl\":\"https:\\\/\\\/healthcliner.com\\\/wp-content\\\/uploads\\\/2021\\\/09\\\/Small-size-transparent-image-for-web-1.png\",\"width\":500,\"height\":101,\"caption\":\"Healthcliner\"},\"image\":{\"@id\":\"https:\\\/\\\/healthcliner.com\\\/vi\\\/#\\\/schema\\\/logo\\\/image\\\/\"},\"sameAs\":[\"https:\\\/\\\/business.facebook.com\\\/Healthcliner\",\"https:\\\/\\\/x.com\\\/healthcliner\",\"https:\\\/\\\/www.instagram.com\\\/healthcliner\\\/\",\"https:\\\/\\\/www.pinterest.com\\\/Healthcliner\\\/\"]}]}<\/script>\n<!-- \/ Yoast SEO plugin. -->","yoast_head_json":{"title":"T\u00e1c gi\u1ea3 - Healthcliner","robots":{"index":"index","follow":"follow","max-snippet":"max-snippet:-1","max-image-preview":"max-image-preview:large","max-video-preview":"max-video-preview:-1"},"canonical":"https:\/\/healthcliner.com\/vi\/tac-gia\/","og_locale":"vi_VN","og_type":"article","og_title":"T\u00e1c gi\u1ea3 - Healthcliner","og_description":"[et_pb_section fb_built=&#8221;1&#8243; admin_label=&#8221;section&#8221; _builder_version=&#8221;3.22&#8243; global_colors_info=&#8221;{}&#8221;][et_pb_row admin_label=&#8221;h\u00e0ng&#8221; _builder_version=&#8221;4.10.4&#8243; background_size=&#8221;initial&#8221; background_position=&#8221;top_left&#8221; background_repeat=&#8221;repeat&#8221; custom_margin=&#8221;240px||||false|false&#8221; hover_enabled=&#8221;0&#8243; global_colors_info=&#8221;{}&#8221; custom_padding=&#8221;0px||0px||true|false&#8221; sticky_enabled=&#8221;0&#8243;][et_pb_column type=&#8221;4_4&#8243; _builder_version=&#8221;3.25&#8243; custom_padding=&#8221;|||&#8221; global_colors_info=&#8221;{}&#8221; custom_padding__hover=&#8221;|||&#8221;][et_pb_image src=&#8221;@ET-DC@eyJkeW5hbWljIjp0cnVlLCJjb250ZW50IjoicG9zdF9hdXRob3JfcHJvZmlsZV9waWN0dXJlIiwic2V0dGluZ3MiOnt9fQ==@&#8221; _builder_version=&#8221;4.9.9&#8243; _dynamic_attributes=&#8221;src&#8221; _module_preset=&#8221;default&#8221; custom_margin=&#8221;-25px|||30vw|false|false&#8221; border_radii=&#8221;on|50px|50px|50px|50px&#8221; global_colors_info=&#8221;{}&#8221;][\/et_pb_image][et_pb_text admin_label=&#8221;Text&#8221; _builder_version=&#8221;4.9.9&#8243; text_font=&#8221;Roboto||||||||&#8221; text_text_color=&#8221;#000000&#8243; text_font_size=&#8221;16px&#8221; background_size=&#8221;initial&#8221; background_position=&#8221;top_left&#8221; background_repeat=&#8221;repeat&#8221; width=&#8221;48%&#8221; module_alignment=&#8221;center&#8221; custom_margin=&#8221;25px||||false|false&#8221; global_colors_info=&#8221;{}&#8221;] Alfred Amaechi l\u00e0 m\u1ed9t y t\u00e1 \u0111\u00e3 \u0111\u0103ng k\u00fd (RN), m\u1ed9t nh\u00e0 h\u00f3a h\u1ecdc c\u00f4ng nghi\u1ec7p [&hellip;]","og_url":"https:\/\/healthcliner.com\/vi\/tac-gia\/","og_site_name":"Healthcliner","article_publisher":"https:\/\/business.facebook.com\/Healthcliner","article_modified_time":"2021-10-02T02:21:44+00:00","og_image":[{"width":385,"height":344,"url":"https:\/\/healthcliner.com\/wp-content\/uploads\/2021\/05\/Alfred-Amaechi.jpg","type":"image\/jpeg"}],"twitter_card":"summary_large_image","twitter_site":"@healthcliner","twitter_misc":{"Est. reading time":"1 minute"},"schema":{"@context":"https:\/\/schema.org","@graph":[{"@type":"WebPage","@id":"https:\/\/healthcliner.com\/vi\/tac-gia\/","url":"https:\/\/healthcliner.com\/vi\/tac-gia\/","name":"T\u00e1c gi\u1ea3 - Healthcliner","isPartOf":{"@id":"https:\/\/healthcliner.com\/vi\/#website"},"primaryImageOfPage":{"@id":"https:\/\/healthcliner.com\/vi\/tac-gia\/#primaryimage"},"image":{"@id":"https:\/\/healthcliner.com\/vi\/tac-gia\/#primaryimage"},"thumbnailUrl":"https:\/\/healthcliner.com\/wp-content\/uploads\/2021\/05\/Alfred-Amaechi.jpg","datePublished":"2021-08-10T07:57:09+00:00","dateModified":"2021-10-02T02:21:44+00:00","breadcrumb":{"@id":"https:\/\/healthcliner.com\/vi\/tac-gia\/#breadcrumb"},"inLanguage":"vi-VN","potentialAction":[{"@type":"ReadAction","target":["https:\/\/healthcliner.com\/vi\/tac-gia\/"]}]},{"@type":"ImageObject","inLanguage":"vi-VN","@id":"https:\/\/healthcliner.com\/vi\/tac-gia\/#primaryimage","url":"https:\/\/healthcliner.com\/wp-content\/uploads\/2021\/05\/Alfred-Amaechi.jpg","contentUrl":"https:\/\/healthcliner.com\/wp-content\/uploads\/2021\/05\/Alfred-Amaechi.jpg","width":385,"height":344},{"@type":"BreadcrumbList","@id":"https:\/\/healthcliner.com\/vi\/tac-gia\/#breadcrumb","itemListElement":[{"@type":"ListItem","position":1,"name":"Home","item":"https:\/\/healthcliner.com\/vi\/"},{"@type":"ListItem","position":2,"name":"T\u00e1c gi\u1ea3"}]},{"@type":"WebSite","@id":"https:\/\/healthcliner.com\/vi\/#website","url":"https:\/\/healthcliner.com\/vi\/","name":"Healthcliner","description":"Evidence-based Health Information","publisher":{"@id":"https:\/\/healthcliner.com\/vi\/#organization"},"potentialAction":[{"@type":"SearchAction","target":{"@type":"EntryPoint","urlTemplate":"https:\/\/healthcliner.com\/vi\/?s={search_term_string}"},"query-input":{"@type":"PropertyValueSpecification","valueRequired":true,"valueName":"search_term_string"}}],"inLanguage":"vi-VN"},{"@type":"Organization","@id":"https:\/\/healthcliner.com\/vi\/#organization","name":"Healthcliner","url":"https:\/\/healthcliner.com\/vi\/","logo":{"@type":"ImageObject","inLanguage":"vi-VN","@id":"https:\/\/healthcliner.com\/vi\/#\/schema\/logo\/image\/","url":"https:\/\/healthcliner.com\/wp-content\/uploads\/2021\/09\/Small-size-transparent-image-for-web-1.png","contentUrl":"https:\/\/healthcliner.com\/wp-content\/uploads\/2021\/09\/Small-size-transparent-image-for-web-1.png","width":500,"height":101,"caption":"Healthcliner"},"image":{"@id":"https:\/\/healthcliner.com\/vi\/#\/schema\/logo\/image\/"},"sameAs":["https:\/\/business.facebook.com\/Healthcliner","https:\/\/x.com\/healthcliner","https:\/\/www.instagram.com\/healthcliner\/","https:\/\/www.pinterest.com\/Healthcliner\/"]}]}},"amp_enabled":true,"_links":{"self":[{"href":"https:\/\/healthcliner.com\/vi\/wp-json\/wp\/v2\/pages\/6377","targetHints":{"allow":["GET"]}}],"collection":[{"href":"https:\/\/healthcliner.com\/vi\/wp-json\/wp\/v2\/pages"}],"about":[{"href":"https:\/\/healthcliner.com\/vi\/wp-json\/wp\/v2\/types\/page"}],"author":[{"embeddable":true,"href":"https:\/\/healthcliner.com\/vi\/wp-json\/wp\/v2\/users\/1"}],"replies":[{"embeddable":true,"href":"https:\/\/healthcliner.com\/vi\/wp-json\/wp\/v2\/comments?post=6377"}],"version-history":[{"count":17,"href":"https:\/\/healthcliner.com\/vi\/wp-json\/wp\/v2\/pages\/6377\/revisions"}],"predecessor-version":[{"id":9964,"href":"https:\/\/healthcliner.com\/vi\/wp-json\/wp\/v2\/pages\/6377\/revisions\/9964"}],"wp:featuredmedia":[{"embeddable":true,"href":"https:\/\/healthcliner.com\/vi\/wp-json\/wp\/v2\/media\/2794"}],"wp:attachment":[{"href":"https:\/\/healthcliner.com\/vi\/wp-json\/wp\/v2\/media?parent=6377"}],"curies":[{"name":"wp","href":"https:\/\/api.w.org\/{rel}","templated":true}]}}