{"id":6293,"date":"2021-08-10T03:41:00","date_gmt":"2021-08-10T07:41:00","guid":{"rendered":"https:\/\/healthcliner.com\/lien-he-voi-chung-toi\/"},"modified":"2021-08-10T03:41:04","modified_gmt":"2021-08-10T07:41:04","slug":"lien-he-voi-chung-toi","status":"publish","type":"page","link":"https:\/\/healthcliner.com\/vi\/lien-he-voi-chung-toi\/","title":{"rendered":"Li\u00ean h\u1ec7 v\u1edbi ch\u00fang t\u00f4i"},"content":{"rendered":"<p>[et_pb_section fb_built=&#8221;1&#8243; _builder_version=&#8221;4.9.4&#8243; _module_preset=&#8221;default&#8221; custom_padding=&#8221;||0px||false|false&#8221; da_disable_devices=&#8221;off|off|off&#8221; da_is_popup=&#8221;off&#8221; da_exit_intent=&#8221;off&#8221; da_has_close=&#8221;on&#8221; da_alt_close=&#8221;off&#8221; da_dark_close=&#8221;off&#8221; da_not_modal=&#8221;on&#8221; da_is_singular=&#8221;off&#8221; da_with_loader=&#8221;off&#8221; da_has_shadow=&#8221;on&#8221;][et_pb_row _builder_version=&#8221;4.9.4&#8243; _module_preset=&#8221;default&#8221; background_color=&#8221;rgba(0,0,0,0.85)&#8221; background_image=&#8221;https:\/\/healthcliner.com\/wp-content\/uploads\/2021\/06\/pexels-pixabay-459654-scaled.jpg&#8221; background_blend=&#8221;multiply&#8221; width=&#8221;100%&#8221; max_width=&#8221;100%&#8221;][et_pb_column type=&#8221;4_4&#8243; _builder_version=&#8221;4.9.4&#8243; _module_preset=&#8221;default&#8221;][\/et_pb_column][\/et_pb_row][et_pb_row column_structure=&#8221;1_2,1_2&#8243; _builder_version=&#8221;4.9.4&#8243; _module_preset=&#8221;default&#8221; background_color=&#8221;rgba(0,0,0,0.85)&#8221; module_alignment=&#8221;center&#8221; custom_margin=&#8221;6vw|0px||0px|false|true&#8221; custom_padding=&#8221;0px||0px||true|false&#8221;][et_pb_column type=&#8221;1_2&#8243; _builder_version=&#8221;4.9.4&#8243; _module_preset=&#8221;default&#8221;][et_pb_image src=&#8221;https:\/\/healthcliner.com\/wp-content\/uploads\/2021\/05\/new-revision.png&#8221; title_text=&#8221;s\u1eeda \u0111\u1ed5i m\u1edbi&#8221; force_fullwidth=&#8221;on&#8221; _builder_version=&#8221;4.9.4&#8243; _module_preset=&#8221;default&#8221; height=&#8221;374px&#8221;][\/et_pb_image][\/et_pb_column][et_pb_column type=&#8221;1_2&#8243; _builder_version=&#8221;4.9.4&#8243; _module_preset=&#8221;default&#8221; custom_padding=&#8221;2vw|3vw|2vw|3vw|true|true&#8221;][et_pb_contact_form title=&#8221;LI\u00caN H\u1ec6 V\u1edaI CH\u00daNG T\u00d4I&#8221; success_message=&#8221;C\u1ea3m \u01a1n b\u1ea1n \u0111\u00e3 li\u00ean h\u1ec7 v\u1edbi ch\u00fang t\u00f4i&#8221; _builder_version=&#8221;4.9.4&#8243; _module_preset=&#8221;default&#8221; title_font=&#8221;Roboto|900|||||||&#8221; title_text_color=&#8221;#68d800&#8243; title_font_size=&#8221;22px&#8221; background_enable_color=&#8221;off&#8221; custom_button=&#8221;on&#8221; button_text_size=&#8221;22px&#8221; button_text_color=&#8221;#68d800&#8243; button_bg_color=&#8221;rgba(0,0,0,0)&#8221; button_border_width=&#8221;0px&#8221; button_border_radius=&#8221;0px&#8221; button_font=&#8221;Roboto|700|||||||&#8221; button_use_icon=&#8221;off&#8221; text_orientation=&#8221;center&#8221; button_text_color__hover_enabled=&#8221;on|desktop&#8221; button_text_color__hover=&#8221;#FFFFFF&#8221;][et_pb_contact_field field_id=&#8221;Name&#8221; field_title=&#8221;T\u00ean&#8221; _builder_version=&#8221;4.9.4&#8243; form_field_text_color=&#8221;#000000&#8243; border_radii=&#8221;on|8px|8px|8px|8px&#8221; button_text_size__hover_enabled=&#8221;off&#8221; button_one_text_size__hover_enabled=&#8221;off&#8221; button_two_text_size__hover_enabled=&#8221;off&#8221; button_text_color__hover_enabled=&#8221;off&#8221; button_one_text_color__hover_enabled=&#8221;off&#8221; button_two_text_color__hover_enabled=&#8221;off&#8221; button_border_width__hover_enabled=&#8221;off&#8221; button_one_border_width__hover_enabled=&#8221;off&#8221; button_two_border_width__hover_enabled=&#8221;off&#8221; button_border_color__hover_enabled=&#8221;off&#8221; button_one_border_color__hover_enabled=&#8221;off&#8221; button_two_border_color__hover_enabled=&#8221;off&#8221; button_border_radius__hover_enabled=&#8221;off&#8221; button_one_border_radius__hover_enabled=&#8221;off&#8221; button_two_border_radius__hover_enabled=&#8221;off&#8221; button_letter_spacing__hover_enabled=&#8221;off&#8221; button_one_letter_spacing__hover_enabled=&#8221;off&#8221; button_two_letter_spacing__hover_enabled=&#8221;off&#8221; button_bg_color__hover_enabled=&#8221;off&#8221; button_one_bg_color__hover_enabled=&#8221;off&#8221; button_two_bg_color__hover_enabled=&#8221;off&#8221;][\/et_pb_contact_field][et_pb_contact_field field_id=&#8221;Email&#8221; field_title=&#8221;\u0110\u1ecba ch\u1ec9 email&#8221; field_type=&#8221;email&#8221; _builder_version=&#8221;4.9.4&#8243; form_field_text_color=&#8221;#000000&#8243; border_radii=&#8221;on|8px|8px|8px|8px&#8221; button_text_size__hover_enabled=&#8221;off&#8221; button_one_text_size__hover_enabled=&#8221;off&#8221; button_two_text_size__hover_enabled=&#8221;off&#8221; button_text_color__hover_enabled=&#8221;off&#8221; button_one_text_color__hover_enabled=&#8221;off&#8221; button_two_text_color__hover_enabled=&#8221;off&#8221; button_border_width__hover_enabled=&#8221;off&#8221; button_one_border_width__hover_enabled=&#8221;off&#8221; button_two_border_width__hover_enabled=&#8221;off&#8221; button_border_color__hover_enabled=&#8221;off&#8221; button_one_border_color__hover_enabled=&#8221;off&#8221; button_two_border_color__hover_enabled=&#8221;off&#8221; button_border_radius__hover_enabled=&#8221;off&#8221; button_one_border_radius__hover_enabled=&#8221;off&#8221; button_two_border_radius__hover_enabled=&#8221;off&#8221; button_letter_spacing__hover_enabled=&#8221;off&#8221; button_one_letter_spacing__hover_enabled=&#8221;off&#8221; button_two_letter_spacing__hover_enabled=&#8221;off&#8221; button_bg_color__hover_enabled=&#8221;off&#8221; button_one_bg_color__hover_enabled=&#8221;off&#8221; button_two_bg_color__hover_enabled=&#8221;off&#8221;][\/et_pb_contact_field][et_pb_contact_field field_id=&#8221;Message&#8221; field_title=&#8221;Th\u00f4ng \u0111i\u1ec7p&#8221; field_type=&#8221;text&#8221; fullwidth_field=&#8221;on&#8221; _builder_version=&#8221;4.9.4&#8243; form_field_text_color=&#8221;#000000&#8243; form_field_font=&#8221;Roboto||||||||&#8221; form_field_text_align=&#8221;left&#8221; border_radii=&#8221;on|8px|8px|8px|8px&#8221; button_text_size__hover_enabled=&#8221;off&#8221; button_one_text_size__hover_enabled=&#8221;off&#8221; button_two_text_size__hover_enabled=&#8221;off&#8221; button_text_color__hover_enabled=&#8221;off&#8221; button_one_text_color__hover_enabled=&#8221;off&#8221; button_two_text_color__hover_enabled=&#8221;off&#8221; button_border_width__hover_enabled=&#8221;off&#8221; button_one_border_width__hover_enabled=&#8221;off&#8221; button_two_border_width__hover_enabled=&#8221;off&#8221; button_border_color__hover_enabled=&#8221;off&#8221; button_one_border_color__hover_enabled=&#8221;off&#8221; button_two_border_color__hover_enabled=&#8221;off&#8221; button_border_radius__hover_enabled=&#8221;off&#8221; button_one_border_radius__hover_enabled=&#8221;off&#8221; button_two_border_radius__hover_enabled=&#8221;off&#8221; button_letter_spacing__hover_enabled=&#8221;off&#8221; button_one_letter_spacing__hover_enabled=&#8221;off&#8221; button_two_letter_spacing__hover_enabled=&#8221;off&#8221; button_bg_color__hover_enabled=&#8221;off&#8221; button_one_bg_color__hover_enabled=&#8221;off&#8221; button_two_bg_color__hover_enabled=&#8221;off&#8221;][\/et_pb_contact_field][\/et_pb_contact_form][\/et_pb_column][\/et_pb_row][\/et_pb_section]<\/p>\n","protected":false},"excerpt":{"rendered":"<p>[et_pb_section fb_built=&#8221;1&#8243; _builder_version=&#8221;4.9.4&#8243; _module_preset=&#8221;default&#8221; custom_padding=&#8221;||0px||false|false&#8221; da_disable_devices=&#8221;off|off|off&#8221; da_is_popup=&#8221;off&#8221; da_exit_intent=&#8221;off&#8221; da_has_close=&#8221;on&#8221; da_alt_close=&#8221;off&#8221; da_dark_close=&#8221;off&#8221; da_not_modal=&#8221;on&#8221; da_is_singular=&#8221;off&#8221; da_with_loader=&#8221;off&#8221; da_has_shadow=&#8221;on&#8221;][et_pb_row _builder_version=&#8221;4.9.4&#8243; _module_preset=&#8221;default&#8221; background_color=&#8221;rgba(0,0,0,0.85)&#8221; background_image=&#8221;https:\/\/healthcliner.com\/wp-content\/uploads\/2021\/06\/pexels-pixabay-459654-scaled.jpg&#8221; background_blend=&#8221;multiply&#8221; width=&#8221;100%&#8221; max_width=&#8221;100%&#8221;][et_pb_column type=&#8221;4_4&#8243; _builder_version=&#8221;4.9.4&#8243; _module_preset=&#8221;default&#8221;][\/et_pb_column][\/et_pb_row][et_pb_row column_structure=&#8221;1_2,1_2&#8243; _builder_version=&#8221;4.9.4&#8243; _module_preset=&#8221;default&#8221; background_color=&#8221;rgba(0,0,0,0.85)&#8221; module_alignment=&#8221;center&#8221; custom_margin=&#8221;6vw|0px||0px|false|true&#8221; custom_padding=&#8221;0px||0px||true|false&#8221;][et_pb_column type=&#8221;1_2&#8243; _builder_version=&#8221;4.9.4&#8243; _module_preset=&#8221;default&#8221;][et_pb_image src=&#8221;https:\/\/healthcliner.com\/wp-content\/uploads\/2021\/05\/new-revision.png&#8221; title_text=&#8221;s\u1eeda \u0111\u1ed5i m\u1edbi&#8221; force_fullwidth=&#8221;on&#8221; _builder_version=&#8221;4.9.4&#8243; _module_preset=&#8221;default&#8221; height=&#8221;374px&#8221;][\/et_pb_image][\/et_pb_column][et_pb_column type=&#8221;1_2&#8243; _builder_version=&#8221;4.9.4&#8243; _module_preset=&#8221;default&#8221; custom_padding=&#8221;2vw|3vw|2vw|3vw|true|true&#8221;][et_pb_contact_form title=&#8221;LI\u00caN H\u1ec6 V\u1edaI CH\u00daNG T\u00d4I&#8221; success_message=&#8221;C\u1ea3m \u01a1n b\u1ea1n [&hellip;]<\/p>\n","protected":false},"author":1,"featured_media":0,"parent":0,"menu_order":7,"comment_status":"closed","ping_status":"closed","template":"","meta":{"_crdt_document":"","tdm_status":"","tdm_grid_status":"","footnotes":""},"class_list":["post-6293","page","type-page","status-publish"],"yoast_head":"<!-- This site is optimized with the Yoast SEO plugin v27.4 - https:\/\/yoast.com\/product\/yoast-seo-wordpress\/ -->\n<title>Li\u00ean h\u1ec7 v\u1edbi ch\u00fang t\u00f4i - Healthcliner<\/title>\n<meta name=\"robots\" content=\"index, follow, max-snippet:-1, max-image-preview:large, max-video-preview:-1\" \/>\n<link rel=\"canonical\" href=\"https:\/\/healthcliner.com\/vi\/lien-he-voi-chung-toi\/\" \/>\n<meta property=\"og:locale\" content=\"vi_VN\" \/>\n<meta property=\"og:type\" content=\"article\" \/>\n<meta property=\"og:title\" content=\"Li\u00ean h\u1ec7 v\u1edbi ch\u00fang t\u00f4i - Healthcliner\" \/>\n<meta property=\"og:description\" content=\"[et_pb_section fb_built=&#8221;1&#8243; _builder_version=&#8221;4.9.4&#8243; _module_preset=&#8221;default&#8221; custom_padding=&#8221;||0px||false|false&#8221; da_disable_devices=&#8221;off|off|off&#8221; da_is_popup=&#8221;off&#8221; da_exit_intent=&#8221;off&#8221; da_has_close=&#8221;on&#8221; da_alt_close=&#8221;off&#8221; da_dark_close=&#8221;off&#8221; da_not_modal=&#8221;on&#8221; da_is_singular=&#8221;off&#8221; da_with_loader=&#8221;off&#8221; da_has_shadow=&#8221;on&#8221;][et_pb_row _builder_version=&#8221;4.9.4&#8243; _module_preset=&#8221;default&#8221; background_color=&#8221;rgba(0,0,0,0.85)&#8221; background_image=&#8221;https:\/\/healthcliner.com\/wp-content\/uploads\/2021\/06\/pexels-pixabay-459654-scaled.jpg&#8221; background_blend=&#8221;multiply&#8221; width=&#8221;100%&#8221; max_width=&#8221;100%&#8221;][et_pb_column type=&#8221;4_4&#8243; _builder_version=&#8221;4.9.4&#8243; _module_preset=&#8221;default&#8221;][\/et_pb_column][\/et_pb_row][et_pb_row column_structure=&#8221;1_2,1_2&#8243; _builder_version=&#8221;4.9.4&#8243; _module_preset=&#8221;default&#8221; background_color=&#8221;rgba(0,0,0,0.85)&#8221; module_alignment=&#8221;center&#8221; custom_margin=&#8221;6vw|0px||0px|false|true&#8221; custom_padding=&#8221;0px||0px||true|false&#8221;][et_pb_column type=&#8221;1_2&#8243; _builder_version=&#8221;4.9.4&#8243; _module_preset=&#8221;default&#8221;][et_pb_image src=&#8221;https:\/\/healthcliner.com\/wp-content\/uploads\/2021\/05\/new-revision.png&#8221; title_text=&#8221;s\u1eeda \u0111\u1ed5i m\u1edbi&#8221; force_fullwidth=&#8221;on&#8221; _builder_version=&#8221;4.9.4&#8243; _module_preset=&#8221;default&#8221; height=&#8221;374px&#8221;][\/et_pb_image][\/et_pb_column][et_pb_column type=&#8221;1_2&#8243; _builder_version=&#8221;4.9.4&#8243; _module_preset=&#8221;default&#8221; custom_padding=&#8221;2vw|3vw|2vw|3vw|true|true&#8221;][et_pb_contact_form title=&#8221;LI\u00caN H\u1ec6 V\u1edaI CH\u00daNG T\u00d4I&#8221; success_message=&#8221;C\u1ea3m \u01a1n b\u1ea1n [&hellip;]\" \/>\n<meta property=\"og:url\" content=\"https:\/\/healthcliner.com\/vi\/lien-he-voi-chung-toi\/\" \/>\n<meta property=\"og:site_name\" content=\"Healthcliner\" \/>\n<meta property=\"article:publisher\" content=\"https:\/\/business.facebook.com\/Healthcliner\" \/>\n<meta property=\"article:modified_time\" content=\"2021-08-10T07:41:04+00:00\" \/>\n<meta name=\"twitter:card\" content=\"summary_large_image\" \/>\n<meta name=\"twitter:site\" content=\"@healthcliner\" \/>\n<meta name=\"twitter:label1\" content=\"Est. reading time\" \/>\n\t<meta name=\"twitter:data1\" content=\"4 minutes\" \/>\n<script type=\"application\/ld+json\" class=\"yoast-schema-graph\">{\"@context\":\"https:\\\/\\\/schema.org\",\"@graph\":[{\"@type\":\"WebPage\",\"@id\":\"https:\\\/\\\/healthcliner.com\\\/vi\\\/lien-he-voi-chung-toi\\\/\",\"url\":\"https:\\\/\\\/healthcliner.com\\\/vi\\\/lien-he-voi-chung-toi\\\/\",\"name\":\"Li\u00ean h\u1ec7 v\u1edbi ch\u00fang t\u00f4i - Healthcliner\",\"isPartOf\":{\"@id\":\"https:\\\/\\\/healthcliner.com\\\/vi\\\/#website\"},\"datePublished\":\"2021-08-10T07:41:00+00:00\",\"dateModified\":\"2021-08-10T07:41:04+00:00\",\"breadcrumb\":{\"@id\":\"https:\\\/\\\/healthcliner.com\\\/vi\\\/lien-he-voi-chung-toi\\\/#breadcrumb\"},\"inLanguage\":\"vi-VN\",\"potentialAction\":[{\"@type\":\"ReadAction\",\"target\":[\"https:\\\/\\\/healthcliner.com\\\/vi\\\/lien-he-voi-chung-toi\\\/\"]}]},{\"@type\":\"BreadcrumbList\",\"@id\":\"https:\\\/\\\/healthcliner.com\\\/vi\\\/lien-he-voi-chung-toi\\\/#breadcrumb\",\"itemListElement\":[{\"@type\":\"ListItem\",\"position\":1,\"name\":\"Home\",\"item\":\"https:\\\/\\\/healthcliner.com\\\/vi\\\/\"},{\"@type\":\"ListItem\",\"position\":2,\"name\":\"Li\u00ean h\u1ec7 v\u1edbi ch\u00fang t\u00f4i\"}]},{\"@type\":\"WebSite\",\"@id\":\"https:\\\/\\\/healthcliner.com\\\/vi\\\/#website\",\"url\":\"https:\\\/\\\/healthcliner.com\\\/vi\\\/\",\"name\":\"Healthcliner\",\"description\":\"Evidence-based Health Information\",\"publisher\":{\"@id\":\"https:\\\/\\\/healthcliner.com\\\/vi\\\/#organization\"},\"potentialAction\":[{\"@type\":\"SearchAction\",\"target\":{\"@type\":\"EntryPoint\",\"urlTemplate\":\"https:\\\/\\\/healthcliner.com\\\/vi\\\/?s={search_term_string}\"},\"query-input\":{\"@type\":\"PropertyValueSpecification\",\"valueRequired\":true,\"valueName\":\"search_term_string\"}}],\"inLanguage\":\"vi-VN\"},{\"@type\":\"Organization\",\"@id\":\"https:\\\/\\\/healthcliner.com\\\/vi\\\/#organization\",\"name\":\"Healthcliner\",\"url\":\"https:\\\/\\\/healthcliner.com\\\/vi\\\/\",\"logo\":{\"@type\":\"ImageObject\",\"inLanguage\":\"vi-VN\",\"@id\":\"https:\\\/\\\/healthcliner.com\\\/vi\\\/#\\\/schema\\\/logo\\\/image\\\/\",\"url\":\"https:\\\/\\\/healthcliner.com\\\/wp-content\\\/uploads\\\/2021\\\/09\\\/Small-size-transparent-image-for-web-1.png\",\"contentUrl\":\"https:\\\/\\\/healthcliner.com\\\/wp-content\\\/uploads\\\/2021\\\/09\\\/Small-size-transparent-image-for-web-1.png\",\"width\":500,\"height\":101,\"caption\":\"Healthcliner\"},\"image\":{\"@id\":\"https:\\\/\\\/healthcliner.com\\\/vi\\\/#\\\/schema\\\/logo\\\/image\\\/\"},\"sameAs\":[\"https:\\\/\\\/business.facebook.com\\\/Healthcliner\",\"https:\\\/\\\/x.com\\\/healthcliner\",\"https:\\\/\\\/www.instagram.com\\\/healthcliner\\\/\",\"https:\\\/\\\/www.pinterest.com\\\/Healthcliner\\\/\"]}]}<\/script>\n<!-- \/ Yoast SEO plugin. -->","yoast_head_json":{"title":"Li\u00ean h\u1ec7 v\u1edbi ch\u00fang t\u00f4i - Healthcliner","robots":{"index":"index","follow":"follow","max-snippet":"max-snippet:-1","max-image-preview":"max-image-preview:large","max-video-preview":"max-video-preview:-1"},"canonical":"https:\/\/healthcliner.com\/vi\/lien-he-voi-chung-toi\/","og_locale":"vi_VN","og_type":"article","og_title":"Li\u00ean h\u1ec7 v\u1edbi ch\u00fang t\u00f4i - Healthcliner","og_description":"[et_pb_section fb_built=&#8221;1&#8243; _builder_version=&#8221;4.9.4&#8243; _module_preset=&#8221;default&#8221; custom_padding=&#8221;||0px||false|false&#8221; da_disable_devices=&#8221;off|off|off&#8221; da_is_popup=&#8221;off&#8221; da_exit_intent=&#8221;off&#8221; da_has_close=&#8221;on&#8221; da_alt_close=&#8221;off&#8221; da_dark_close=&#8221;off&#8221; da_not_modal=&#8221;on&#8221; da_is_singular=&#8221;off&#8221; da_with_loader=&#8221;off&#8221; da_has_shadow=&#8221;on&#8221;][et_pb_row _builder_version=&#8221;4.9.4&#8243; _module_preset=&#8221;default&#8221; background_color=&#8221;rgba(0,0,0,0.85)&#8221; background_image=&#8221;https:\/\/healthcliner.com\/wp-content\/uploads\/2021\/06\/pexels-pixabay-459654-scaled.jpg&#8221; background_blend=&#8221;multiply&#8221; width=&#8221;100%&#8221; max_width=&#8221;100%&#8221;][et_pb_column type=&#8221;4_4&#8243; _builder_version=&#8221;4.9.4&#8243; _module_preset=&#8221;default&#8221;][\/et_pb_column][\/et_pb_row][et_pb_row column_structure=&#8221;1_2,1_2&#8243; _builder_version=&#8221;4.9.4&#8243; _module_preset=&#8221;default&#8221; background_color=&#8221;rgba(0,0,0,0.85)&#8221; module_alignment=&#8221;center&#8221; custom_margin=&#8221;6vw|0px||0px|false|true&#8221; custom_padding=&#8221;0px||0px||true|false&#8221;][et_pb_column type=&#8221;1_2&#8243; _builder_version=&#8221;4.9.4&#8243; _module_preset=&#8221;default&#8221;][et_pb_image src=&#8221;https:\/\/healthcliner.com\/wp-content\/uploads\/2021\/05\/new-revision.png&#8221; title_text=&#8221;s\u1eeda \u0111\u1ed5i m\u1edbi&#8221; force_fullwidth=&#8221;on&#8221; _builder_version=&#8221;4.9.4&#8243; _module_preset=&#8221;default&#8221; height=&#8221;374px&#8221;][\/et_pb_image][\/et_pb_column][et_pb_column type=&#8221;1_2&#8243; _builder_version=&#8221;4.9.4&#8243; _module_preset=&#8221;default&#8221; custom_padding=&#8221;2vw|3vw|2vw|3vw|true|true&#8221;][et_pb_contact_form title=&#8221;LI\u00caN H\u1ec6 V\u1edaI CH\u00daNG T\u00d4I&#8221; success_message=&#8221;C\u1ea3m \u01a1n b\u1ea1n [&hellip;]","og_url":"https:\/\/healthcliner.com\/vi\/lien-he-voi-chung-toi\/","og_site_name":"Healthcliner","article_publisher":"https:\/\/business.facebook.com\/Healthcliner","article_modified_time":"2021-08-10T07:41:04+00:00","twitter_card":"summary_large_image","twitter_site":"@healthcliner","twitter_misc":{"Est. reading time":"4 minutes"},"schema":{"@context":"https:\/\/schema.org","@graph":[{"@type":"WebPage","@id":"https:\/\/healthcliner.com\/vi\/lien-he-voi-chung-toi\/","url":"https:\/\/healthcliner.com\/vi\/lien-he-voi-chung-toi\/","name":"Li\u00ean h\u1ec7 v\u1edbi ch\u00fang t\u00f4i - Healthcliner","isPartOf":{"@id":"https:\/\/healthcliner.com\/vi\/#website"},"datePublished":"2021-08-10T07:41:00+00:00","dateModified":"2021-08-10T07:41:04+00:00","breadcrumb":{"@id":"https:\/\/healthcliner.com\/vi\/lien-he-voi-chung-toi\/#breadcrumb"},"inLanguage":"vi-VN","potentialAction":[{"@type":"ReadAction","target":["https:\/\/healthcliner.com\/vi\/lien-he-voi-chung-toi\/"]}]},{"@type":"BreadcrumbList","@id":"https:\/\/healthcliner.com\/vi\/lien-he-voi-chung-toi\/#breadcrumb","itemListElement":[{"@type":"ListItem","position":1,"name":"Home","item":"https:\/\/healthcliner.com\/vi\/"},{"@type":"ListItem","position":2,"name":"Li\u00ean h\u1ec7 v\u1edbi ch\u00fang t\u00f4i"}]},{"@type":"WebSite","@id":"https:\/\/healthcliner.com\/vi\/#website","url":"https:\/\/healthcliner.com\/vi\/","name":"Healthcliner","description":"Evidence-based Health Information","publisher":{"@id":"https:\/\/healthcliner.com\/vi\/#organization"},"potentialAction":[{"@type":"SearchAction","target":{"@type":"EntryPoint","urlTemplate":"https:\/\/healthcliner.com\/vi\/?s={search_term_string}"},"query-input":{"@type":"PropertyValueSpecification","valueRequired":true,"valueName":"search_term_string"}}],"inLanguage":"vi-VN"},{"@type":"Organization","@id":"https:\/\/healthcliner.com\/vi\/#organization","name":"Healthcliner","url":"https:\/\/healthcliner.com\/vi\/","logo":{"@type":"ImageObject","inLanguage":"vi-VN","@id":"https:\/\/healthcliner.com\/vi\/#\/schema\/logo\/image\/","url":"https:\/\/healthcliner.com\/wp-content\/uploads\/2021\/09\/Small-size-transparent-image-for-web-1.png","contentUrl":"https:\/\/healthcliner.com\/wp-content\/uploads\/2021\/09\/Small-size-transparent-image-for-web-1.png","width":500,"height":101,"caption":"Healthcliner"},"image":{"@id":"https:\/\/healthcliner.com\/vi\/#\/schema\/logo\/image\/"},"sameAs":["https:\/\/business.facebook.com\/Healthcliner","https:\/\/x.com\/healthcliner","https:\/\/www.instagram.com\/healthcliner\/","https:\/\/www.pinterest.com\/Healthcliner\/"]}]}},"amp_enabled":true,"_links":{"self":[{"href":"https:\/\/healthcliner.com\/vi\/wp-json\/wp\/v2\/pages\/6293","targetHints":{"allow":["GET"]}}],"collection":[{"href":"https:\/\/healthcliner.com\/vi\/wp-json\/wp\/v2\/pages"}],"about":[{"href":"https:\/\/healthcliner.com\/vi\/wp-json\/wp\/v2\/types\/page"}],"author":[{"embeddable":true,"href":"https:\/\/healthcliner.com\/vi\/wp-json\/wp\/v2\/users\/1"}],"replies":[{"embeddable":true,"href":"https:\/\/healthcliner.com\/vi\/wp-json\/wp\/v2\/comments?post=6293"}],"version-history":[{"count":5,"href":"https:\/\/healthcliner.com\/vi\/wp-json\/wp\/v2\/pages\/6293\/revisions"}],"predecessor-version":[{"id":6298,"href":"https:\/\/healthcliner.com\/vi\/wp-json\/wp\/v2\/pages\/6293\/revisions\/6298"}],"wp:attachment":[{"href":"https:\/\/healthcliner.com\/vi\/wp-json\/wp\/v2\/media?parent=6293"}],"curies":[{"name":"wp","href":"https:\/\/api.w.org\/{rel}","templated":true}]}}