{"id":6653,"date":"2021-08-10T11:56:58","date_gmt":"2021-08-10T15:56:58","guid":{"rendered":"https:\/\/healthcliner.com\/isencao-de-responsabilidade\/"},"modified":"2021-08-10T11:57:12","modified_gmt":"2021-08-10T15:57:12","slug":"isencao-de-responsabilidade","status":"publish","type":"page","link":"https:\/\/healthcliner.com\/pt-pt\/isencao-de-responsabilidade\/","title":{"rendered":"Isen\u00e7\u00e3o de responsabilidade"},"content":{"rendered":"<p>[et_pb_section fb_built=&#8221;1&#8243; _builder_version=&#8221;4.9.4&#8243; _module_preset=&#8221;default&#8221; custom_padding=&#8221;||0px||false|false&#8221; da_disable_devices=&#8221;off|off|off&#8221; da_is_popup=&#8221;off&#8221; da_exit_intent=&#8221;off&#8221; da_has_close=&#8221;on&#8221; da_alt_close=&#8221;off&#8221; da_dark_close=&#8221;off&#8221; da_not_modal=&#8221;on&#8221; da_is_singular=&#8221;off&#8221; da_with_loader=&#8221;off&#8221; da_has_shadow=&#8221;on&#8221;][et_pb_row _builder_version=&#8221;4.9.4&#8243; _module_preset=&#8221;default&#8221; custom_padding=&#8221;||0px||false|false&#8221;][et_pb_column type=&#8221;4_4&#8243; _builder_version=&#8221;4.9.4&#8243; _module_preset=&#8221;default&#8221;][et_pb_text _builder_version=&#8221;4.9.4&#8243; _module_preset=&#8221;default&#8221; text_font=&#8221;Roboto||||||||&#8221; text_text_color=&#8221;rgba(0,0,0,0.75)&#8221; text_font_size=&#8221;16px&#8221; link_font=&#8221;Roboto||||||||&#8221; link_text_color=&#8221;#68d800&#8243; link_font_size=&#8221;16px&#8221; custom_margin=&#8221;-2vw||||false|false&#8221;]<\/p>\n<p><strong>Isen\u00e7\u00e3o de responsabilidade<\/strong><\/p>\n<p>Esta declara\u00e7\u00e3o de responsabilidade (&#8220;Isen\u00e7\u00e3o de Responsabilidade&#8221;) estabelece as diretrizes gerais, divulga\u00e7\u00f5es e termos da sua utiliza\u00e7\u00e3o do website healthcliner.com (&#8220;Website&#8221; ou &#8220;Servi\u00e7o&#8221;) e de qualquer um dos seus produtos e servi\u00e7os relacionados (coletivamente, &#8220;Servi\u00e7os&#8221;). Este Aviso de Isen\u00e7\u00e3o \u00e9 um acordo juridicamente vinculativo entre si (&#8220;Utilizador&#8221;, &#8220;voc\u00ea&#8221; ou &#8220;seu&#8221;) e Healthcliner (&#8220;Healthcliner&#8221;, &#8220;n\u00f3s&#8221;, &#8220;n\u00f3s&#8221; ou &#8220;nosso&#8221;). Ao aceder e utilizar o Website e Servi\u00e7os, reconhece que leu, compreendeu e concorda em ficar vinculado aos termos desta Isen\u00e7\u00e3o de Responsabilidade. Se estiver a entrar neste Aviso em nome de uma empresa ou de outra entidade jur\u00eddica, representa que tem autoridade para vincular essa entidade a esta Isen\u00e7\u00e3o de Responsabilidade, caso em que os termos &#8220;Utilizador&#8221;, &#8220;voc\u00ea&#8221; ou &#8220;seu&#8221; se referir\u00e3o a essa entidade. Se n\u00e3o tiver essa autoridade, ou se n\u00e3o concordar com os termos desta Isen\u00e7\u00e3o de Responsabilidade, n\u00e3o deve aceitar esta isen\u00e7\u00e3o de responsabilidade e poder\u00e1 n\u00e3o aceder e utilizar o Website e Servi\u00e7os. Reconhece que este Aviso de Isen\u00e7\u00e3o \u00e9 um contrato entre si e a Healthcliner, mesmo que seja eletr\u00f3nico e n\u00e3o seja fisicamente assinado por si, e rege o seu uso do Website e Servi\u00e7os.<\/p>\n<p><strong>Representa\u00e7\u00e3o<\/strong><\/p>\n<p>Quaisquer opini\u00f5es ou opini\u00f5es representadas no Website pertencem exclusivamente \u00e0 Healthcliner, aos seus criadores de conte\u00fados e colaboradores, e n\u00e3o representam as de pessoas, institui\u00e7\u00f5es ou organiza\u00e7\u00f5es a que a Healthcliner pode ou n\u00e3o estar associada a t\u00edtulo profissional ou pessoal, a menos que explicitamente indicado. Quaisquer opini\u00f5es ou opini\u00f5es n\u00e3o se destinam a malignar qualquer religi\u00e3o, grupo \u00e9tnico, clube, organiza\u00e7\u00e3o, empresa ou indiv\u00edduo.<\/p>\n<p><strong>Conte\u00fado e publica\u00e7\u00f5es<\/strong><\/p>\n<p>N\u00e3o pode modificar, imprimir ou copiar qualquer parte do Website e Servi\u00e7os. \u00c9 proibida a inclus\u00e3o de qualquer parte do Website e Servi\u00e7os noutro trabalho, seja impresso ou eletr\u00f3nico ou outro formul\u00e1rio ou inclus\u00e3o de qualquer parte do Website e Servi\u00e7os noutro recurso atrav\u00e9s da incorpora\u00e7\u00e3o, enquadramento ou de outra forma sem a autoriza\u00e7\u00e3o expressa do Healthcliner. Compensa\u00e7\u00e3o e patroc\u00ednio<\/p>\n<p>O Website e Servi\u00e7os podem conter formas de publicidade. O espa\u00e7o publicit\u00e1rio ser\u00e1 sempre identificado como tal. Alguns dos links no Site podem ser &#8220;links afiliados&#8221;. Isto significa que se clicar no link e comprar um item, o Healthcliner receber\u00e1 uma comiss\u00e3o afiliada. Al\u00e9m disso, o Healthcliner \u00e9 um participante no programa Amazon Associates, um programa de publicidade afiliado projetado para fornecer um meio de ganhar taxas de publicidade atrav\u00e9s da publicidade e da liga\u00e7\u00e3o \u00e0s propriedades da Amazon. Aptid\u00e3o e isen\u00e7\u00e3o de responsabilidade m\u00e9dica<\/p>\n<p>A informa\u00e7\u00e3o dispon\u00edvel no Site \u00e9 apenas para informa\u00e7\u00f5es gerais de sa\u00fade e n\u00e3o se destina a substituir aconselhamento m\u00e9dico profissional, diagn\u00f3stico ou tratamento. N\u00e3o deve basear-se exclusivamente nas informa\u00e7\u00f5es fornecidas no Website para as suas necessidades de sa\u00fade. Todas as quest\u00f5es m\u00e9dicas espec\u00edficas devem ser apresentadas ao seu pr\u00f3prio prestador de cuidados de sa\u00fade e deve consultar m\u00e9dico sobre a sua sa\u00fade e antes de iniciar qualquer nutri\u00e7\u00e3o, perda de peso ou qualquer outro tipo de programa de treino.<\/p>\n<p>Se optar por utilizar a informa\u00e7\u00e3o dispon\u00edvel no Website sem consulta pr\u00e9via e consentimento do seu m\u00e9dico, est\u00e1 a concordar em assumir total responsabilidade pelas suas decis\u00f5es e concorda em deter um Healthcliner inofensivo, os seus agentes, funcion\u00e1rios, empreiteiros e quaisquer empresas afiliadas de qualquer responsabilidade em rela\u00e7\u00e3o a les\u00f5es ou doen\u00e7as a si ou \u00e0 sua propriedade decorrentes ou relacionadas com o seu uso dessa informa\u00e7\u00e3o.<\/p>\n<p>Pode haver riscos associados \u00e0 participa\u00e7\u00e3o em atividades apresentadas no Site para pessoas de boa ou m\u00e1 sa\u00fade ou com condi\u00e7\u00f5es de sa\u00fade f\u00edsica ou mental pr\u00e9-existentes. Se optar por participar nestes riscos, f\u00e1-lo por vontade pr\u00f3pria e por vontade pr\u00f3pria, assumindo consciente e voluntariamente todos os riscos associados a tais atividades.<\/p>\n<p>Os resultados obtidos a partir da informa\u00e7\u00e3o dispon\u00edvel no Site podem variar, e ser\u00e3o baseados no seu passado individual, sa\u00fade f\u00edsica, experi\u00eancia anterior, capacidade, capacidade de atua\u00e7\u00e3o, motiva\u00e7\u00e3o e outras vari\u00e1veis. N\u00e3o existem garantias quanto ao n\u00edvel de sucesso que possa experimentar. N\u00e3o conselhos financeiros<\/p>\n<p>A informa\u00e7\u00e3o no Site \u00e9 fornecida apenas para a sua conveni\u00eancia e n\u00e3o se destina a ser tratada como financeira, investimento, imposto ou outros conselhos. Nada contido no Site constitui uma solicita\u00e7\u00e3o, recomenda\u00e7\u00e3o, endosso ou oferta da Healthcliner, seus agentes, funcion\u00e1rios, empreiteiros e quaisquer empresas afiliadas para comprar ou vender quaisquer valores mobili\u00e1rios ou outros instrumentos financeiros.<\/p>\n<p>Todo o conte\u00fado neste site \u00e9 a informa\u00e7\u00e3o de natureza geral e n\u00e3o aborda as circunst\u00e2ncias de qualquer indiv\u00edduo ou entidade em particular. Nada no Site constitui aconselhamento profissional e\/ou financeiro, nem qualquer informa\u00e7\u00e3o no Site constitui uma declara\u00e7\u00e3o completa ou completa das mat\u00e9rias discutidas ou da lei que lhe diz respeito. S\u00f3 voc\u00ea assume a \u00fanica responsabilidade de avaliar os m\u00e9ritos e riscos associados \u00e0 utiliza\u00e7\u00e3o de qualquer informa\u00e7\u00e3o ou outro conte\u00fado no Website antes de tomar quaisquer decis\u00f5es com base nessas informa\u00e7\u00f5es. Concorda em n\u00e3o responsabilizar a Healthcliner, os seus agentes, funcion\u00e1rios, empreiteiros e quaisquer empresas afiliadas por qualquer poss\u00edvel reclama\u00e7\u00e3o por danos decorrentes de qualquer decis\u00e3o que tome com base nas informa\u00e7\u00f5es que lhe foram disponibilizadas atrav\u00e9s do Website.Revis\u00f5es e testemunhos<\/p>\n<p>Os testemunhos s\u00e3o recebidos de v\u00e1rias formas atrav\u00e9s de uma variedade de m\u00e9todos de submiss\u00e3o. S\u00e3o experi\u00eancias individuais, refletindo experi\u00eancias de quem utilizou o Website e Os Servi\u00e7os de uma forma ou de outra. No entanto, s\u00e3o resultados individuais e os resultados variam. N\u00e3o afirmamos que sejam resultados t\u00edpicos que os consumidores ir\u00e3o, em geral, alcan\u00e7ar. Os testemunhos n\u00e3o s\u00e3o necessariamente representativos de todos aqueles que utilizar\u00e3o o Website e Servi\u00e7os, e o Healthcliner n\u00e3o \u00e9 respons\u00e1vel pelas opini\u00f5es ou coment\u00e1rios dispon\u00edveis no Site, e n\u00e3o necessariamente os partilha. Todas as opini\u00f5es expressas s\u00e3o estritamente as opini\u00f5es dos revisores.<\/p>\n<p>Os testemunhos apresentados s\u00e3o dados verbatim, exceto para corre\u00e7\u00f5es de erros gramaticais ou de dactilografia. Alguns testemunhos podem ter sido editados por clareza, ou encurtados em casos em que o testemunho original inclu\u00eda informa\u00e7\u00f5es estranhas sem relev\u00e2ncia para o p\u00fablico em geral. Os testemunhos podem ser revistos para autenticidade antes de estarem dispon\u00edveis para visualiza\u00e7\u00e3o p\u00fablica. Indemniza\u00e7\u00e3o e garantias<\/p>\n<p>A exatid\u00e3o, fiabilidade e completude da informa\u00e7\u00e3o e do conte\u00fado, distribu\u00eddos, ligados, descarregados ou acedidos a partir do Website e Servi\u00e7os s\u00e3o garantidos pela Healthcliner. No entanto, toda a informa\u00e7\u00e3o no Site \u00e9 fornecida &#8220;tal como est\u00e1&#8221;, sem garantia dos resultados obtidos a partir da utiliza\u00e7\u00e3o desta informa\u00e7\u00e3o, e sem garantia de qualquer tipo, expressa ou impl\u00edcita. Em nenhum caso a Healthcliner, ou os seus parceiros, colaboradores ou agentes, ser\u00e3o respons\u00e1veis por si ou por qualquer outra pessoa por qualquer decis\u00e3o tomada ou medidas tomadas em garantia da informa\u00e7\u00e3o no Website, ou por quaisquer danos conseq\u00fcentes, especiais ou similares, mesmo que sejam avisados da possibilidade de tais danos.<\/p>\n<p>Al\u00e9m disso, como em qualquer neg\u00f3cio, os seus resultados podem variar e ser\u00e3o baseados na sua capacidade individual, experi\u00eancia, experi\u00eancia e n\u00edvel de desejo. N\u00e3o existem garantias quanto ao n\u00edvel de sucesso que possa experimentar. N\u00e3o h\u00e1 garantias de que ir\u00e1 fazer qualquer rendimento e aceita o risco de que os rendimentos e as declara\u00e7\u00f5es de rendimentos sejam diferentes por indiv\u00edduo. O sucesso de cada indiv\u00edduo depende do seu passado, dedica\u00e7\u00e3o, desejo e motiva\u00e7\u00e3o. A utiliza\u00e7\u00e3o da informa\u00e7\u00e3o no Website e Servi\u00e7os deve basear-se na sua pr\u00f3pria dilig\u00eancia e concorda que a Healthcliner n\u00e3o \u00e9 respons\u00e1vel por qualquer sucesso ou falha do seu neg\u00f3cio que esteja direta ou indiretamente relacionada com a compra e utiliza\u00e7\u00e3o das nossas informa\u00e7\u00f5es, produtos e servi\u00e7os revistos ou anunciados no Website. As informa\u00e7\u00f5es contidas no Website est\u00e3o sujeitas a altera\u00e7\u00f5es a qualquer momento e sem aviso pr\u00e9vio.<\/p>\n<p><strong>Altera\u00e7\u00f5es e altera\u00e7\u00f5es<\/strong><\/p>\n<p>Reservamo-nos o direito de modificar esta Isen\u00e7\u00e3o de Responsabilidade ou os seus termos relativos ao Website e Servi\u00e7os a qualquer momento, com efeito ap\u00f3s a publica\u00e7\u00e3o de uma vers\u00e3o atualizada deste Aviso de Isen\u00e7\u00e3o no Website. Quando o fizermos, reveremos a data atualizada na parte inferior desta p\u00e1gina. A continua\u00e7\u00e3o da utiliza\u00e7\u00e3o do Website e dos Servi\u00e7os ap\u00f3s tais altera\u00e7\u00f5es constituir\u00e1 o seu consentimento para tais altera\u00e7\u00f5es.<\/p>\n<p><strong>Aceita\u00e7\u00e3o deste aviso<\/strong><\/p>\n<p>O utilizador reconhece que leu esta declara\u00e7\u00e3o de isen\u00e7\u00e3o e concorda com todos os seus termos e condi\u00e7\u00f5es. Ao aceder e utilizar o Website e Servi\u00e7os, concorda em ficar vinculado por esta Isen\u00e7\u00e3o de Responsabilidade. Caso n\u00e3o concorde em respeitar os termos desta Isen\u00e7\u00e3o de Responsabilidade, n\u00e3o est\u00e1 autorizado a aceder ou utilizar o Website e Servi\u00e7os.<\/p>\n<p><strong>Contate-nos<\/strong><\/p>\n<p>Se quiser contactar-nos para saber mais sobre esta Isen\u00e7\u00e3o de Responsabilidade ou pretender contactar-nos sobre qualquer assunto que lhe seja relacionado, poder\u00e1 faz\u00ea-lo atrav\u00e9s do formul\u00e1rio de contacto, enviar um e-mail para contact@healthcliner.com ou escrever uma carta para 441 Fairview Avenue, Bridgeport, CT 06606, EUA.<\/p>\n<p><strong>Este documento foi atualizado pela \u00faltima vez em 3 de junho de 2021<\/strong><\/p>\n<p><strong><a href=\"https:\/\/www.websitepolicies.com\/policies\/view\/CLkRTeuB\" target=\"_blank\" rel=\"noopener\">https:\/\/www.websitepolicies.com\/policies\/view\/CLkRTeuB<\/a><\/strong><\/p>\n<p>[\/et_pb_text][\/et_pb_column][\/et_pb_row][\/et_pb_section]<\/p>\n","protected":false},"excerpt":{"rendered":"<p>[et_pb_section fb_built=&#8221;1&#8243; _builder_version=&#8221;4.9.4&#8243; _module_preset=&#8221;default&#8221; custom_padding=&#8221;||0px||false|false&#8221; da_disable_devices=&#8221;off|off|off&#8221; da_is_popup=&#8221;off&#8221; da_exit_intent=&#8221;off&#8221; da_has_close=&#8221;on&#8221; da_alt_close=&#8221;off&#8221; da_dark_close=&#8221;off&#8221; da_not_modal=&#8221;on&#8221; da_is_singular=&#8221;off&#8221; da_with_loader=&#8221;off&#8221; da_has_shadow=&#8221;on&#8221;][et_pb_row _builder_version=&#8221;4.9.4&#8243; _module_preset=&#8221;default&#8221; custom_padding=&#8221;||0px||false|false&#8221;][et_pb_column type=&#8221;4_4&#8243; _builder_version=&#8221;4.9.4&#8243; _module_preset=&#8221;default&#8221;][et_pb_text _builder_version=&#8221;4.9.4&#8243; _module_preset=&#8221;default&#8221; text_font=&#8221;Roboto||||||||&#8221; text_text_color=&#8221;rgba(0,0,0,0.75)&#8221; text_font_size=&#8221;16px&#8221; link_font=&#8221;Roboto||||||||&#8221; link_text_color=&#8221;#68d800&#8243; link_font_size=&#8221;16px&#8221; custom_margin=&#8221;-2vw||||false|false&#8221;] Isen\u00e7\u00e3o de responsabilidade Esta declara\u00e7\u00e3o de responsabilidade (&#8220;Isen\u00e7\u00e3o de Responsabilidade&#8221;) estabelece as diretrizes gerais, divulga\u00e7\u00f5es e termos da sua utiliza\u00e7\u00e3o do website healthcliner.com (&#8220;Website&#8221; ou [&hellip;]<\/p>\n","protected":false},"author":1,"featured_media":0,"parent":0,"menu_order":0,"comment_status":"closed","ping_status":"closed","template":"","meta":{"_crdt_document":"","tdm_status":"","tdm_grid_status":"","footnotes":""},"class_list":["post-6653","page","type-page","status-publish"],"yoast_head":"<!-- This site is optimized with the Yoast SEO plugin v27.3 - https:\/\/yoast.com\/product\/yoast-seo-wordpress\/ -->\n<title>Isen\u00e7\u00e3o de responsabilidade - Healthcliner<\/title>\n<meta name=\"robots\" content=\"index, follow, max-snippet:-1, max-image-preview:large, max-video-preview:-1\" \/>\n<link rel=\"canonical\" href=\"https:\/\/healthcliner.com\/pt-pt\/isencao-de-responsabilidade\/\" \/>\n<meta property=\"og:locale\" content=\"pt_PT\" \/>\n<meta property=\"og:type\" content=\"article\" \/>\n<meta property=\"og:title\" content=\"Isen\u00e7\u00e3o de responsabilidade - Healthcliner\" \/>\n<meta property=\"og:description\" content=\"[et_pb_section fb_built=&#8221;1&#8243; _builder_version=&#8221;4.9.4&#8243; _module_preset=&#8221;default&#8221; custom_padding=&#8221;||0px||false|false&#8221; da_disable_devices=&#8221;off|off|off&#8221; da_is_popup=&#8221;off&#8221; da_exit_intent=&#8221;off&#8221; da_has_close=&#8221;on&#8221; da_alt_close=&#8221;off&#8221; da_dark_close=&#8221;off&#8221; da_not_modal=&#8221;on&#8221; da_is_singular=&#8221;off&#8221; da_with_loader=&#8221;off&#8221; da_has_shadow=&#8221;on&#8221;][et_pb_row _builder_version=&#8221;4.9.4&#8243; _module_preset=&#8221;default&#8221; custom_padding=&#8221;||0px||false|false&#8221;][et_pb_column type=&#8221;4_4&#8243; _builder_version=&#8221;4.9.4&#8243; _module_preset=&#8221;default&#8221;][et_pb_text _builder_version=&#8221;4.9.4&#8243; _module_preset=&#8221;default&#8221; text_font=&#8221;Roboto||||||||&#8221; text_text_color=&#8221;rgba(0,0,0,0.75)&#8221; text_font_size=&#8221;16px&#8221; link_font=&#8221;Roboto||||||||&#8221; link_text_color=&#8221;#68d800&#8243; link_font_size=&#8221;16px&#8221; custom_margin=&#8221;-2vw||||false|false&#8221;] Isen\u00e7\u00e3o de responsabilidade Esta declara\u00e7\u00e3o de responsabilidade (&#8220;Isen\u00e7\u00e3o de Responsabilidade&#8221;) estabelece as diretrizes gerais, divulga\u00e7\u00f5es e termos da sua utiliza\u00e7\u00e3o do website healthcliner.com (&#8220;Website&#8221; ou [&hellip;]\" \/>\n<meta property=\"og:url\" content=\"https:\/\/healthcliner.com\/pt-pt\/isencao-de-responsabilidade\/\" \/>\n<meta property=\"og:site_name\" content=\"Healthcliner\" \/>\n<meta property=\"article:publisher\" content=\"https:\/\/business.facebook.com\/Healthcliner\" \/>\n<meta property=\"article:modified_time\" content=\"2021-08-10T15:57:12+00:00\" \/>\n<meta name=\"twitter:card\" content=\"summary_large_image\" \/>\n<meta name=\"twitter:site\" content=\"@healthcliner\" \/>\n<meta name=\"twitter:label1\" content=\"Tempo estimado de leitura\" \/>\n\t<meta name=\"twitter:data1\" content=\"9 minutos\" \/>\n<script type=\"application\/ld+json\" class=\"yoast-schema-graph\">{\"@context\":\"https:\\\/\\\/schema.org\",\"@graph\":[{\"@type\":\"WebPage\",\"@id\":\"https:\\\/\\\/healthcliner.com\\\/pt-pt\\\/isencao-de-responsabilidade\\\/\",\"url\":\"https:\\\/\\\/healthcliner.com\\\/pt-pt\\\/isencao-de-responsabilidade\\\/\",\"name\":\"Isen\u00e7\u00e3o de responsabilidade - Healthcliner\",\"isPartOf\":{\"@id\":\"https:\\\/\\\/healthcliner.com\\\/pt-pt\\\/#website\"},\"datePublished\":\"2021-08-10T15:56:58+00:00\",\"dateModified\":\"2021-08-10T15:57:12+00:00\",\"breadcrumb\":{\"@id\":\"https:\\\/\\\/healthcliner.com\\\/pt-pt\\\/isencao-de-responsabilidade\\\/#breadcrumb\"},\"inLanguage\":\"pt-PT\",\"potentialAction\":[{\"@type\":\"ReadAction\",\"target\":[\"https:\\\/\\\/healthcliner.com\\\/pt-pt\\\/isencao-de-responsabilidade\\\/\"]}]},{\"@type\":\"BreadcrumbList\",\"@id\":\"https:\\\/\\\/healthcliner.com\\\/pt-pt\\\/isencao-de-responsabilidade\\\/#breadcrumb\",\"itemListElement\":[{\"@type\":\"ListItem\",\"position\":1,\"name\":\"Home\",\"item\":\"https:\\\/\\\/healthcliner.com\\\/pt-pt\\\/\"},{\"@type\":\"ListItem\",\"position\":2,\"name\":\"Isen\u00e7\u00e3o de responsabilidade\"}]},{\"@type\":\"WebSite\",\"@id\":\"https:\\\/\\\/healthcliner.com\\\/pt-pt\\\/#website\",\"url\":\"https:\\\/\\\/healthcliner.com\\\/pt-pt\\\/\",\"name\":\"Healthcliner\",\"description\":\"Evidence-based Health Information\",\"publisher\":{\"@id\":\"https:\\\/\\\/healthcliner.com\\\/pt-pt\\\/#organization\"},\"potentialAction\":[{\"@type\":\"SearchAction\",\"target\":{\"@type\":\"EntryPoint\",\"urlTemplate\":\"https:\\\/\\\/healthcliner.com\\\/pt-pt\\\/?s={search_term_string}\"},\"query-input\":{\"@type\":\"PropertyValueSpecification\",\"valueRequired\":true,\"valueName\":\"search_term_string\"}}],\"inLanguage\":\"pt-PT\"},{\"@type\":\"Organization\",\"@id\":\"https:\\\/\\\/healthcliner.com\\\/pt-pt\\\/#organization\",\"name\":\"Healthcliner\",\"url\":\"https:\\\/\\\/healthcliner.com\\\/pt-pt\\\/\",\"logo\":{\"@type\":\"ImageObject\",\"inLanguage\":\"pt-PT\",\"@id\":\"https:\\\/\\\/healthcliner.com\\\/pt-pt\\\/#\\\/schema\\\/logo\\\/image\\\/\",\"url\":\"https:\\\/\\\/healthcliner.com\\\/wp-content\\\/uploads\\\/2021\\\/09\\\/Small-size-transparent-image-for-web-1.png\",\"contentUrl\":\"https:\\\/\\\/healthcliner.com\\\/wp-content\\\/uploads\\\/2021\\\/09\\\/Small-size-transparent-image-for-web-1.png\",\"width\":500,\"height\":101,\"caption\":\"Healthcliner\"},\"image\":{\"@id\":\"https:\\\/\\\/healthcliner.com\\\/pt-pt\\\/#\\\/schema\\\/logo\\\/image\\\/\"},\"sameAs\":[\"https:\\\/\\\/business.facebook.com\\\/Healthcliner\",\"https:\\\/\\\/x.com\\\/healthcliner\",\"https:\\\/\\\/www.instagram.com\\\/healthcliner\\\/\",\"https:\\\/\\\/www.pinterest.com\\\/Healthcliner\\\/\"]}]}<\/script>\n<!-- \/ Yoast SEO plugin. -->","yoast_head_json":{"title":"Isen\u00e7\u00e3o de responsabilidade - Healthcliner","robots":{"index":"index","follow":"follow","max-snippet":"max-snippet:-1","max-image-preview":"max-image-preview:large","max-video-preview":"max-video-preview:-1"},"canonical":"https:\/\/healthcliner.com\/pt-pt\/isencao-de-responsabilidade\/","og_locale":"pt_PT","og_type":"article","og_title":"Isen\u00e7\u00e3o de responsabilidade - Healthcliner","og_description":"[et_pb_section fb_built=&#8221;1&#8243; _builder_version=&#8221;4.9.4&#8243; _module_preset=&#8221;default&#8221; custom_padding=&#8221;||0px||false|false&#8221; da_disable_devices=&#8221;off|off|off&#8221; da_is_popup=&#8221;off&#8221; da_exit_intent=&#8221;off&#8221; da_has_close=&#8221;on&#8221; da_alt_close=&#8221;off&#8221; da_dark_close=&#8221;off&#8221; da_not_modal=&#8221;on&#8221; da_is_singular=&#8221;off&#8221; da_with_loader=&#8221;off&#8221; da_has_shadow=&#8221;on&#8221;][et_pb_row _builder_version=&#8221;4.9.4&#8243; _module_preset=&#8221;default&#8221; custom_padding=&#8221;||0px||false|false&#8221;][et_pb_column type=&#8221;4_4&#8243; _builder_version=&#8221;4.9.4&#8243; _module_preset=&#8221;default&#8221;][et_pb_text _builder_version=&#8221;4.9.4&#8243; _module_preset=&#8221;default&#8221; text_font=&#8221;Roboto||||||||&#8221; text_text_color=&#8221;rgba(0,0,0,0.75)&#8221; text_font_size=&#8221;16px&#8221; link_font=&#8221;Roboto||||||||&#8221; link_text_color=&#8221;#68d800&#8243; link_font_size=&#8221;16px&#8221; custom_margin=&#8221;-2vw||||false|false&#8221;] Isen\u00e7\u00e3o de responsabilidade Esta declara\u00e7\u00e3o de responsabilidade (&#8220;Isen\u00e7\u00e3o de Responsabilidade&#8221;) estabelece as diretrizes gerais, divulga\u00e7\u00f5es e termos da sua utiliza\u00e7\u00e3o do website healthcliner.com (&#8220;Website&#8221; ou [&hellip;]","og_url":"https:\/\/healthcliner.com\/pt-pt\/isencao-de-responsabilidade\/","og_site_name":"Healthcliner","article_publisher":"https:\/\/business.facebook.com\/Healthcliner","article_modified_time":"2021-08-10T15:57:12+00:00","twitter_card":"summary_large_image","twitter_site":"@healthcliner","twitter_misc":{"Tempo estimado de leitura":"9 minutos"},"schema":{"@context":"https:\/\/schema.org","@graph":[{"@type":"WebPage","@id":"https:\/\/healthcliner.com\/pt-pt\/isencao-de-responsabilidade\/","url":"https:\/\/healthcliner.com\/pt-pt\/isencao-de-responsabilidade\/","name":"Isen\u00e7\u00e3o de responsabilidade - Healthcliner","isPartOf":{"@id":"https:\/\/healthcliner.com\/pt-pt\/#website"},"datePublished":"2021-08-10T15:56:58+00:00","dateModified":"2021-08-10T15:57:12+00:00","breadcrumb":{"@id":"https:\/\/healthcliner.com\/pt-pt\/isencao-de-responsabilidade\/#breadcrumb"},"inLanguage":"pt-PT","potentialAction":[{"@type":"ReadAction","target":["https:\/\/healthcliner.com\/pt-pt\/isencao-de-responsabilidade\/"]}]},{"@type":"BreadcrumbList","@id":"https:\/\/healthcliner.com\/pt-pt\/isencao-de-responsabilidade\/#breadcrumb","itemListElement":[{"@type":"ListItem","position":1,"name":"Home","item":"https:\/\/healthcliner.com\/pt-pt\/"},{"@type":"ListItem","position":2,"name":"Isen\u00e7\u00e3o de responsabilidade"}]},{"@type":"WebSite","@id":"https:\/\/healthcliner.com\/pt-pt\/#website","url":"https:\/\/healthcliner.com\/pt-pt\/","name":"Healthcliner","description":"Evidence-based Health Information","publisher":{"@id":"https:\/\/healthcliner.com\/pt-pt\/#organization"},"potentialAction":[{"@type":"SearchAction","target":{"@type":"EntryPoint","urlTemplate":"https:\/\/healthcliner.com\/pt-pt\/?s={search_term_string}"},"query-input":{"@type":"PropertyValueSpecification","valueRequired":true,"valueName":"search_term_string"}}],"inLanguage":"pt-PT"},{"@type":"Organization","@id":"https:\/\/healthcliner.com\/pt-pt\/#organization","name":"Healthcliner","url":"https:\/\/healthcliner.com\/pt-pt\/","logo":{"@type":"ImageObject","inLanguage":"pt-PT","@id":"https:\/\/healthcliner.com\/pt-pt\/#\/schema\/logo\/image\/","url":"https:\/\/healthcliner.com\/wp-content\/uploads\/2021\/09\/Small-size-transparent-image-for-web-1.png","contentUrl":"https:\/\/healthcliner.com\/wp-content\/uploads\/2021\/09\/Small-size-transparent-image-for-web-1.png","width":500,"height":101,"caption":"Healthcliner"},"image":{"@id":"https:\/\/healthcliner.com\/pt-pt\/#\/schema\/logo\/image\/"},"sameAs":["https:\/\/business.facebook.com\/Healthcliner","https:\/\/x.com\/healthcliner","https:\/\/www.instagram.com\/healthcliner\/","https:\/\/www.pinterest.com\/Healthcliner\/"]}]}},"amp_enabled":true,"_links":{"self":[{"href":"https:\/\/healthcliner.com\/pt-pt\/wp-json\/wp\/v2\/pages\/6653","targetHints":{"allow":["GET"]}}],"collection":[{"href":"https:\/\/healthcliner.com\/pt-pt\/wp-json\/wp\/v2\/pages"}],"about":[{"href":"https:\/\/healthcliner.com\/pt-pt\/wp-json\/wp\/v2\/types\/page"}],"author":[{"embeddable":true,"href":"https:\/\/healthcliner.com\/pt-pt\/wp-json\/wp\/v2\/users\/1"}],"replies":[{"embeddable":true,"href":"https:\/\/healthcliner.com\/pt-pt\/wp-json\/wp\/v2\/comments?post=6653"}],"version-history":[{"count":8,"href":"https:\/\/healthcliner.com\/pt-pt\/wp-json\/wp\/v2\/pages\/6653\/revisions"}],"predecessor-version":[{"id":6661,"href":"https:\/\/healthcliner.com\/pt-pt\/wp-json\/wp\/v2\/pages\/6653\/revisions\/6661"}],"wp:attachment":[{"href":"https:\/\/healthcliner.com\/pt-pt\/wp-json\/wp\/v2\/media?parent=6653"}],"curies":[{"name":"wp","href":"https:\/\/api.w.org\/{rel}","templated":true}]}}