{"id":6662,"date":"2021-08-10T12:52:54","date_gmt":"2021-08-10T16:52:54","guid":{"rendered":"https:\/\/healthcliner.com\/disclaimer\/"},"modified":"2021-08-10T12:52:58","modified_gmt":"2021-08-10T16:52:58","slug":"disclaimer","status":"publish","type":"page","link":"https:\/\/healthcliner.com\/pt-br\/disclaimer\/","title":{"rendered":"Disclaimer"},"content":{"rendered":"<p>[et_pb_section fb_built=&#8221;1&#8243; _builder_version=&#8221;4.9.4&#8243; _module_preset=&#8221;default&#8221; custom_padding=&#8221;||0px||false|false&#8221; da_disable_devices=&#8221;off|off|off&#8221; da_is_popup=&#8221;off&#8221; da_exit_intent=&#8221;off&#8221; da_has_close=&#8221;on&#8221; da_alt_close=&#8221;off&#8221; da_dark_close=&#8221;off&#8221; da_not_modal=&#8221;on&#8221; da_is_singular=&#8221;off&#8221; da_with_loader=&#8221;off&#8221; da_has_shadow=&#8221;on&#8221;][et_pb_row _builder_version=&#8221;4.9.4&#8243; _module_preset=&#8221;default&#8221; custom_padding=&#8221;||0px||false|false&#8221;][et_pb_column type=&#8221;4_4&#8243; _builder_version=&#8221;4.9.4&#8243; _module_preset=&#8221;default&#8221;][et_pb_text _builder_version=&#8221;4.9.4&#8243; _module_preset=&#8221;default&#8221; text_font=&#8221;Roboto||||||||&#8221; text_text_color=&#8221;rgba(0,0,0,0.75)&#8221; text_font_size=&#8221;16px&#8221; link_font=&#8221;Roboto||||||||&#8221; link_text_color=&#8221;#68d800&#8243; link_font_size=&#8221;16px&#8221; custom_margin=&#8221;-2vw||||false|false&#8221;]<\/p>\n<p><strong>Disclaimer<\/strong><\/p>\n<p>Esta isen\u00e7\u00e3o de responsabilidade (&#8220;Isen\u00e7\u00e3o de Responsabilidade&#8221;) estabelece as diretrizes gerais, divulga\u00e7\u00f5es e termos de seu uso do site healthcliner.com (&#8220;Site&#8221; ou &#8220;Servi\u00e7o&#8221;) e qualquer um de seus produtos e servi\u00e7os relacionados (coletivamente, &#8220;Servi\u00e7os&#8221;). Este Aviso \u00e9 um acordo legalmente vinculativo entre voc\u00ea (&#8220;Usu\u00e1rio&#8221;, &#8220;voc\u00ea&#8221; ou &#8220;seu&#8221;) e Healthcliner (&#8220;Healthcliner&#8221;, &#8220;n\u00f3s&#8221;, &#8220;n\u00f3s&#8221; ou &#8220;nosso&#8221;). Ao acessar e usar o Site e Servi\u00e7os, voc\u00ea reconhece que leu, entendeu e concorda em estar vinculado aos termos deste Aviso de Isen\u00e7\u00e3o. Se voc\u00ea estiver entrando neste Termo de Isen\u00e7\u00e3o de Responsabilidade em nome de uma empresa ou outra pessoa jur\u00eddica, voc\u00ea representa que voc\u00ea tem autoridade para vincular tal entidade a esta isen\u00e7\u00e3o de Responsabilidade, nesse caso os termos &#8220;Usu\u00e1rio&#8221;, &#8220;voc\u00ea&#8221; ou &#8220;seu&#8221; devem se referir a tal entidade. Se voc\u00ea n\u00e3o tem tal autoridade, ou se voc\u00ea n\u00e3o concorda com os termos deste Aviso, voc\u00ea n\u00e3o deve aceitar este Aviso de Isen\u00e7\u00e3o de Responsabilidade e n\u00e3o pode acessar e usar o Site e Servi\u00e7os. Voc\u00ea reconhece que este Aviso \u00e9 um contrato entre voc\u00ea e o Healthcliner, mesmo que seja eletr\u00f4nico e n\u00e3o seja assinado fisicamente por voc\u00ea, e rege o uso do Site e dos Servi\u00e7os.<\/p>\n<p><strong>Representa\u00e7\u00e3o<\/strong><\/p>\n<p>Quaisquer opini\u00f5es ou opini\u00f5es representadas no Site pertencem exclusivamente ao Healthcliner, seus criadores de conte\u00fado e funcion\u00e1rios, e n\u00e3o representam as de pessoas, institui\u00e7\u00f5es ou organiza\u00e7\u00f5es que o Healthcliner pode ou n\u00e3o estar associado em capacidade profissional ou pessoal, a menos que explicitamente declarado. Quaisquer opini\u00f5es ou opini\u00f5es n\u00e3o s\u00e3o destinadas a difamar qualquer religi\u00e3o, grupo \u00e9tnico, clube, organiza\u00e7\u00e3o, empresa ou indiv\u00edduo.<\/p>\n<p><strong>Conte\u00fado e postagens<\/strong><\/p>\n<p>Voc\u00ea n\u00e3o pode modificar, imprimir ou copiar qualquer parte do Site e servi\u00e7os. \u00c9 proibida a inclus\u00e3o de qualquer parte do Site e dos Servi\u00e7os em outra obra, seja impressa ou eletr\u00f4nica ou em outro formul\u00e1rio ou inclus\u00e3o de qualquer parte do Site e servi\u00e7os em outro recurso, incorporando, enquadrando ou n\u00e3o sem a permiss\u00e3o expressa do Healthcliner. Compensa\u00e7\u00e3o e patroc\u00ednio<\/p>\n<p>O Site e os Servi\u00e7os podem conter formas de publicidade. O espa\u00e7o publicit\u00e1rio ser\u00e1 sempre identificado como tal. Alguns dos links no Site podem ser &#8220;links de afiliados&#8221;. Isso significa que se voc\u00ea clicar no link e comprar um item, o Healthcliner receber\u00e1 uma comiss\u00e3o de afiliados. Al\u00e9m disso, o Healthcliner \u00e9 um participante do programa Amazon Associates, um programa de publicidade de afiliados projetado para fornecer um meio de ganhar taxas de publicidade por meio da publicidade e vincula\u00e7\u00e3o \u00e0s propriedades da Amazon. Fitness e isen\u00e7\u00e3o de responsabilidade m\u00e9dica<\/p>\n<p>As informa\u00e7\u00f5es dispon\u00edveis no Site s\u00e3o apenas para informa\u00e7\u00f5es gerais de sa\u00fade e n\u00e3o se destinam a ser um substituto para orienta\u00e7\u00e3o m\u00e9dica profissional, diagn\u00f3stico ou tratamento. Voc\u00ea n\u00e3o deve confiar exclusivamente nas informa\u00e7\u00f5es fornecidas no site para suas necessidades de sa\u00fade. Todas as quest\u00f5es m\u00e9dicas espec\u00edficas devem ser apresentadas ao seu pr\u00f3prio profissional de sa\u00fade e voc\u00ea deve procurar orienta\u00e7\u00e3o m\u00e9dica sobre sua sa\u00fade e antes de iniciar qualquer nutri\u00e7\u00e3o, perda de peso ou qualquer outro tipo de programa de exerc\u00edcios.<\/p>\n<p>Se voc\u00ea optar por usar as informa\u00e7\u00f5es dispon\u00edveis no Site sem consulta pr\u00e9via e consentimento de seu m\u00e9dico, voc\u00ea est\u00e1 concordando em aceitar total responsabilidade por suas decis\u00f5es e concordando em manter o Inofensiva Healthcliner, seus agentes, funcion\u00e1rios, empreiteiros e quaisquer empresas afiliadas de qualquer responsabilidade em rela\u00e7\u00e3o a les\u00f5es ou doen\u00e7as a voc\u00ea ou sua propriedade decorrentes ou conectadas com o uso dessas informa\u00e7\u00f5es.<\/p>\n<p>Pode haver riscos associados \u00e0 participa\u00e7\u00e3o em atividades apresentadas no Site para pessoas em boa ou m\u00e1 sa\u00fade ou com condi\u00e7\u00f5es de sa\u00fade f\u00edsica ou mental pr\u00e9-existentes. Se voc\u00ea optar por participar desses riscos, voc\u00ea o faz por livre e espont\u00e2nea vontade, consciente e voluntariamente assumindo todos os riscos associados a tais atividades.<\/p>\n<p>Os resultados obtidos a partir das informa\u00e7\u00f5es dispon\u00edveis no Site podem variar, e ser\u00e3o baseados em sua forma\u00e7\u00e3o individual, sa\u00fade f\u00edsica, experi\u00eancia pr\u00e9via, capacidade, capacidade de agir, motiva\u00e7\u00e3o e outras vari\u00e1veis. N\u00e3o h\u00e1 garantias sobre o n\u00edvel de sucesso que voc\u00ea pode experimentar. N\u00e3o \u00e9 um conselho financeiro.<\/p>\n<p>As informa\u00e7\u00f5es no Site s\u00e3o fornecidas apenas para sua conveni\u00eancia e n\u00e3o se destinam a ser tratadas como financeiras, de investimento, de impostos ou outros conselhos. Nada contido no Site constitui solicita\u00e7\u00e3o, recomenda\u00e7\u00e3o, endosso ou oferta da Healthcliner, seus agentes, funcion\u00e1rios, empreiteiros e quaisquer empresas afiliadas para comprar ou vender quaisquer t\u00edtulos ou outros instrumentos financeiros.<\/p>\n<p>Todo o conte\u00fado deste site \u00e9 informa\u00e7\u00e3o de natureza geral e n\u00e3o aborda as circunst\u00e2ncias de qualquer indiv\u00edduo ou entidade em particular. Nada no Site constitui assessoria profissional e\/ou financeira, nem qualquer informa\u00e7\u00e3o no Site constitui uma declara\u00e7\u00e3o abrangente ou completa dos assuntos discutidos ou da lei que o relaciona. Voc\u00ea assume sozinho a responsabilidade de avaliar os m\u00e9ritos e riscos associados ao uso de qualquer informa\u00e7\u00e3o ou outro conte\u00fado no Site antes de tomar qualquer decis\u00e3o com base em tais informa\u00e7\u00f5es. Voc\u00ea concorda em n\u00e3o responsabilizar a Healthcliner, seus agentes, funcion\u00e1rios, empreiteiros e quaisquer empresas afiliadas por qualquer poss\u00edvel pedido de indeniza\u00e7\u00e3o decorrente de qualquer decis\u00e3o que voc\u00ea tomar com base nas informa\u00e7\u00f5es disponibilizadas a voc\u00ea atrav\u00e9s do Site.Reviews e depoimentos<\/p>\n<p>Os depoimentos s\u00e3o recebidos de v\u00e1rias formas atrav\u00e9s de uma variedade de m\u00e9todos de submiss\u00e3o. S\u00e3o experi\u00eancias individuais, refletindo experi\u00eancias de quem j\u00e1 usou o Site e Servi\u00e7os de alguma forma ou de outra. No entanto, s\u00e3o resultados individuais e os resultados variam. N\u00e3o afirmamos que s\u00e3o resultados t\u00edpicos que os consumidores geralmente alcan\u00e7ar\u00e3o. Os depoimentos n\u00e3o s\u00e3o necessariamente representativos de todos aqueles que usar\u00e3o o Site e servi\u00e7os, e o Healthcliner n\u00e3o se responsabiliza pelas opini\u00f5es ou coment\u00e1rios dispon\u00edveis no Site, e n\u00e3o necessariamente os compartilha. Todas as opini\u00f5es expressas s\u00e3o estritamente as opini\u00f5es dos revisores.<\/p>\n<p>Os depoimentos exibidos s\u00e3o dados verbatim, exceto para corre\u00e7\u00f5es gramaticais ou de erro de digita\u00e7\u00e3o. Alguns depoimentos podem ter sido editados para clareza, ou encurtados nos casos em que o testemunho original inclu\u00eda informa\u00e7\u00f5es extranues de nenhuma relev\u00e2ncia para o p\u00fablico em geral. Os depoimentos podem ser revisados para autenticidade antes de estarem dispon\u00edveis para visualiza\u00e7\u00e3o p\u00fablica. Indeniza\u00e7\u00e3o e garantias<\/p>\n<p>A exatid\u00e3o, confiabilidade e completude das informa\u00e7\u00f5es e conte\u00fados, distribu\u00eddos atrav\u00e9s, vinculados, baixados ou acessados do Site e Servi\u00e7os s\u00e3o garantidos pelo Healthcliner. No entanto, todas as informa\u00e7\u00f5es no Site s\u00e3o fornecidas &#8220;como est\u00e1&#8221;, sem garantia dos resultados obtidos com o uso dessas informa\u00e7\u00f5es, e sem garantia de qualquer tipo, expressa ou impl\u00edcita. Em nenhum caso a Healthcliner, ou seus parceiros, funcion\u00e1rios ou agentes, ser\u00e1 respons\u00e1vel por voc\u00ea ou qualquer outra pessoa por qualquer decis\u00e3o ou a\u00e7\u00e3o tomada em depend\u00eancia das informa\u00e7\u00f5es no Site, ou por quaisquer danos consequentes, especiais ou similares, mesmo se avisado da possibilidade de tais danos.<\/p>\n<p>Al\u00e9m disso, como em qualquer neg\u00f3cio, seus resultados podem variar e ser\u00e3o baseados em sua capacidade individual, experi\u00eancia, experi\u00eancia e n\u00edvel de desejo. N\u00e3o h\u00e1 garantias sobre o n\u00edvel de sucesso que voc\u00ea pode experimentar. N\u00e3o h\u00e1 garantia de que voc\u00ea far\u00e1 qualquer rendimento e voc\u00ea aceita o risco de que os ganhos e demonstra\u00e7\u00f5es de rendimento diferem por pessoa f\u00edsica. O sucesso de cada indiv\u00edduo depende de sua forma\u00e7\u00e3o, dedica\u00e7\u00e3o, desejo e motiva\u00e7\u00e3o. O uso das informa\u00e7\u00f5es no Site e servi\u00e7os deve ser baseado em sua pr\u00f3pria due diligence e voc\u00ea concorda que o Healthcliner n\u00e3o \u00e9 respons\u00e1vel por qualquer sucesso ou falha de seu neg\u00f3cio que esteja direta ou indiretamente relacionado \u00e0 compra e uso de nossas informa\u00e7\u00f5es, produtos e servi\u00e7os revisados ou anunciados no Site. As informa\u00e7\u00f5es contidas no Site est\u00e3o sujeitas a altera\u00e7\u00f5es a qualquer momento e sem aviso pr\u00e9vio.<\/p>\n<p><strong>Mudan\u00e7as e altera\u00e7\u00f5es<\/strong><\/p>\n<p>Reservamo-nos o direito de modificar este Aviso ou seus termos relativos ao Site e Servi\u00e7os a qualquer momento, a partir da publica\u00e7\u00e3o de uma vers\u00e3o atualizada deste Aviso de Isen\u00e7\u00e3o no Site. Quando o fizermos, revisaremos a data atualizada no final desta p\u00e1gina. O uso cont\u00ednuo do Site e dos Servi\u00e7os ap\u00f3s tais altera\u00e7\u00f5es constituir\u00e1 seu consentimento para tais altera\u00e7\u00f5es.<\/p>\n<p><strong>Aceita\u00e7\u00e3o desta isen\u00e7\u00e3o de responsabilidade<\/strong><\/p>\n<p>Voc\u00ea reconhece que leu esta Isen\u00e7\u00e3o de Responsabilidade e concorda com todos os seus termos e condi\u00e7\u00f5es. Ao acessar e usar o Site e Servi\u00e7os, voc\u00ea concorda em ser vinculado por esta Isen\u00e7\u00e3o de Responsabilidade. Se voc\u00ea n\u00e3o concordar em respeitar os termos deste Aviso, voc\u00ea n\u00e3o est\u00e1 autorizado a acessar ou usar o Site e Servi\u00e7os.<\/p>\n<p><strong>Entrando em contato conosco<\/strong><\/p>\n<p>Se voc\u00ea quiser entrar em contato conosco para entender mais sobre este Aviso ou deseja entrar em contato conosco sobre qualquer assunto relacionado a ele, voc\u00ea pode faz\u00ea-lo atrav\u00e9s do formul\u00e1rio de contato, enviar um e-mail para contact@healthcliner.com ou escrever uma carta para 441 Fairview Avenue, Bridgeport, CT 06606, EUA.<\/p>\n<p><strong>Este documento foi atualizado pela \u00faltima vez em 3 de junho de 2021<\/strong><\/p>\n<p><strong><a href=\"https:\/\/www.websitepolicies.com\/policies\/view\/CLkRTeuB\" target=\"_blank\" rel=\"noopener\">https:\/\/www.websitepolicies.com\/policies\/view\/CLkRTeuB<\/a><\/strong><\/p>\n<p>[\/et_pb_text][\/et_pb_column][\/et_pb_row][\/et_pb_section]<\/p>\n","protected":false},"excerpt":{"rendered":"<p>[et_pb_section fb_built=&#8221;1&#8243; _builder_version=&#8221;4.9.4&#8243; _module_preset=&#8221;default&#8221; custom_padding=&#8221;||0px||false|false&#8221; da_disable_devices=&#8221;off|off|off&#8221; da_is_popup=&#8221;off&#8221; da_exit_intent=&#8221;off&#8221; da_has_close=&#8221;on&#8221; da_alt_close=&#8221;off&#8221; da_dark_close=&#8221;off&#8221; da_not_modal=&#8221;on&#8221; da_is_singular=&#8221;off&#8221; da_with_loader=&#8221;off&#8221; da_has_shadow=&#8221;on&#8221;][et_pb_row _builder_version=&#8221;4.9.4&#8243; _module_preset=&#8221;default&#8221; custom_padding=&#8221;||0px||false|false&#8221;][et_pb_column type=&#8221;4_4&#8243; _builder_version=&#8221;4.9.4&#8243; _module_preset=&#8221;default&#8221;][et_pb_text _builder_version=&#8221;4.9.4&#8243; _module_preset=&#8221;default&#8221; text_font=&#8221;Roboto||||||||&#8221; text_text_color=&#8221;rgba(0,0,0,0.75)&#8221; text_font_size=&#8221;16px&#8221; link_font=&#8221;Roboto||||||||&#8221; link_text_color=&#8221;#68d800&#8243; link_font_size=&#8221;16px&#8221; custom_margin=&#8221;-2vw||||false|false&#8221;] Disclaimer Esta isen\u00e7\u00e3o de responsabilidade (&#8220;Isen\u00e7\u00e3o de Responsabilidade&#8221;) estabelece as diretrizes gerais, divulga\u00e7\u00f5es e termos de seu uso do site healthcliner.com (&#8220;Site&#8221; ou &#8220;Servi\u00e7o&#8221;) e [&hellip;]<\/p>\n","protected":false},"author":1,"featured_media":0,"parent":0,"menu_order":0,"comment_status":"closed","ping_status":"closed","template":"","meta":{"_crdt_document":"","tdm_status":"","tdm_grid_status":"","footnotes":""},"class_list":["post-6662","page","type-page","status-publish"],"yoast_head":"<!-- This site is optimized with the Yoast SEO plugin v27.4 - https:\/\/yoast.com\/product\/yoast-seo-wordpress\/ -->\n<title>Disclaimer - Healthcliner<\/title>\n<meta name=\"robots\" content=\"index, follow, max-snippet:-1, max-image-preview:large, max-video-preview:-1\" \/>\n<link rel=\"canonical\" href=\"https:\/\/healthcliner.com\/pt-br\/disclaimer\/\" \/>\n<meta property=\"og:locale\" content=\"pt_BR\" \/>\n<meta property=\"og:type\" content=\"article\" \/>\n<meta property=\"og:title\" content=\"Disclaimer - Healthcliner\" \/>\n<meta property=\"og:description\" content=\"[et_pb_section fb_built=&#8221;1&#8243; _builder_version=&#8221;4.9.4&#8243; _module_preset=&#8221;default&#8221; custom_padding=&#8221;||0px||false|false&#8221; da_disable_devices=&#8221;off|off|off&#8221; da_is_popup=&#8221;off&#8221; da_exit_intent=&#8221;off&#8221; da_has_close=&#8221;on&#8221; da_alt_close=&#8221;off&#8221; da_dark_close=&#8221;off&#8221; da_not_modal=&#8221;on&#8221; da_is_singular=&#8221;off&#8221; da_with_loader=&#8221;off&#8221; da_has_shadow=&#8221;on&#8221;][et_pb_row _builder_version=&#8221;4.9.4&#8243; _module_preset=&#8221;default&#8221; custom_padding=&#8221;||0px||false|false&#8221;][et_pb_column type=&#8221;4_4&#8243; _builder_version=&#8221;4.9.4&#8243; _module_preset=&#8221;default&#8221;][et_pb_text _builder_version=&#8221;4.9.4&#8243; _module_preset=&#8221;default&#8221; text_font=&#8221;Roboto||||||||&#8221; text_text_color=&#8221;rgba(0,0,0,0.75)&#8221; text_font_size=&#8221;16px&#8221; link_font=&#8221;Roboto||||||||&#8221; link_text_color=&#8221;#68d800&#8243; link_font_size=&#8221;16px&#8221; custom_margin=&#8221;-2vw||||false|false&#8221;] Disclaimer Esta isen\u00e7\u00e3o de responsabilidade (&#8220;Isen\u00e7\u00e3o de Responsabilidade&#8221;) estabelece as diretrizes gerais, divulga\u00e7\u00f5es e termos de seu uso do site healthcliner.com (&#8220;Site&#8221; ou &#8220;Servi\u00e7o&#8221;) e [&hellip;]\" \/>\n<meta property=\"og:url\" content=\"https:\/\/healthcliner.com\/pt-br\/disclaimer\/\" \/>\n<meta property=\"og:site_name\" content=\"Healthcliner\" \/>\n<meta property=\"article:publisher\" content=\"https:\/\/business.facebook.com\/Healthcliner\" \/>\n<meta property=\"article:modified_time\" content=\"2021-08-10T16:52:58+00:00\" \/>\n<meta name=\"twitter:card\" content=\"summary_large_image\" \/>\n<meta name=\"twitter:site\" content=\"@healthcliner\" \/>\n<meta name=\"twitter:label1\" content=\"Est. tempo de leitura\" \/>\n\t<meta name=\"twitter:data1\" content=\"9 minutos\" \/>\n<script type=\"application\/ld+json\" class=\"yoast-schema-graph\">{\"@context\":\"https:\\\/\\\/schema.org\",\"@graph\":[{\"@type\":\"WebPage\",\"@id\":\"https:\\\/\\\/healthcliner.com\\\/pt-br\\\/disclaimer\\\/\",\"url\":\"https:\\\/\\\/healthcliner.com\\\/pt-br\\\/disclaimer\\\/\",\"name\":\"Disclaimer - Healthcliner\",\"isPartOf\":{\"@id\":\"https:\\\/\\\/healthcliner.com\\\/pt-br\\\/#website\"},\"datePublished\":\"2021-08-10T16:52:54+00:00\",\"dateModified\":\"2021-08-10T16:52:58+00:00\",\"breadcrumb\":{\"@id\":\"https:\\\/\\\/healthcliner.com\\\/pt-br\\\/disclaimer\\\/#breadcrumb\"},\"inLanguage\":\"pt-BR\",\"potentialAction\":[{\"@type\":\"ReadAction\",\"target\":[\"https:\\\/\\\/healthcliner.com\\\/pt-br\\\/disclaimer\\\/\"]}]},{\"@type\":\"BreadcrumbList\",\"@id\":\"https:\\\/\\\/healthcliner.com\\\/pt-br\\\/disclaimer\\\/#breadcrumb\",\"itemListElement\":[{\"@type\":\"ListItem\",\"position\":1,\"name\":\"Home\",\"item\":\"https:\\\/\\\/healthcliner.com\\\/pt-br\\\/\"},{\"@type\":\"ListItem\",\"position\":2,\"name\":\"Disclaimer\"}]},{\"@type\":\"WebSite\",\"@id\":\"https:\\\/\\\/healthcliner.com\\\/pt-br\\\/#website\",\"url\":\"https:\\\/\\\/healthcliner.com\\\/pt-br\\\/\",\"name\":\"Healthcliner\",\"description\":\"Evidence-based Health Information\",\"publisher\":{\"@id\":\"https:\\\/\\\/healthcliner.com\\\/pt-br\\\/#organization\"},\"potentialAction\":[{\"@type\":\"SearchAction\",\"target\":{\"@type\":\"EntryPoint\",\"urlTemplate\":\"https:\\\/\\\/healthcliner.com\\\/pt-br\\\/?s={search_term_string}\"},\"query-input\":{\"@type\":\"PropertyValueSpecification\",\"valueRequired\":true,\"valueName\":\"search_term_string\"}}],\"inLanguage\":\"pt-BR\"},{\"@type\":\"Organization\",\"@id\":\"https:\\\/\\\/healthcliner.com\\\/pt-br\\\/#organization\",\"name\":\"Healthcliner\",\"url\":\"https:\\\/\\\/healthcliner.com\\\/pt-br\\\/\",\"logo\":{\"@type\":\"ImageObject\",\"inLanguage\":\"pt-BR\",\"@id\":\"https:\\\/\\\/healthcliner.com\\\/pt-br\\\/#\\\/schema\\\/logo\\\/image\\\/\",\"url\":\"https:\\\/\\\/healthcliner.com\\\/wp-content\\\/uploads\\\/2021\\\/09\\\/Small-size-transparent-image-for-web-1.png\",\"contentUrl\":\"https:\\\/\\\/healthcliner.com\\\/wp-content\\\/uploads\\\/2021\\\/09\\\/Small-size-transparent-image-for-web-1.png\",\"width\":500,\"height\":101,\"caption\":\"Healthcliner\"},\"image\":{\"@id\":\"https:\\\/\\\/healthcliner.com\\\/pt-br\\\/#\\\/schema\\\/logo\\\/image\\\/\"},\"sameAs\":[\"https:\\\/\\\/business.facebook.com\\\/Healthcliner\",\"https:\\\/\\\/x.com\\\/healthcliner\",\"https:\\\/\\\/www.instagram.com\\\/healthcliner\\\/\",\"https:\\\/\\\/www.pinterest.com\\\/Healthcliner\\\/\"]}]}<\/script>\n<!-- \/ Yoast SEO plugin. -->","yoast_head_json":{"title":"Disclaimer - Healthcliner","robots":{"index":"index","follow":"follow","max-snippet":"max-snippet:-1","max-image-preview":"max-image-preview:large","max-video-preview":"max-video-preview:-1"},"canonical":"https:\/\/healthcliner.com\/pt-br\/disclaimer\/","og_locale":"pt_BR","og_type":"article","og_title":"Disclaimer - Healthcliner","og_description":"[et_pb_section fb_built=&#8221;1&#8243; _builder_version=&#8221;4.9.4&#8243; _module_preset=&#8221;default&#8221; custom_padding=&#8221;||0px||false|false&#8221; da_disable_devices=&#8221;off|off|off&#8221; da_is_popup=&#8221;off&#8221; da_exit_intent=&#8221;off&#8221; da_has_close=&#8221;on&#8221; da_alt_close=&#8221;off&#8221; da_dark_close=&#8221;off&#8221; da_not_modal=&#8221;on&#8221; da_is_singular=&#8221;off&#8221; da_with_loader=&#8221;off&#8221; da_has_shadow=&#8221;on&#8221;][et_pb_row _builder_version=&#8221;4.9.4&#8243; _module_preset=&#8221;default&#8221; custom_padding=&#8221;||0px||false|false&#8221;][et_pb_column type=&#8221;4_4&#8243; _builder_version=&#8221;4.9.4&#8243; _module_preset=&#8221;default&#8221;][et_pb_text _builder_version=&#8221;4.9.4&#8243; _module_preset=&#8221;default&#8221; text_font=&#8221;Roboto||||||||&#8221; text_text_color=&#8221;rgba(0,0,0,0.75)&#8221; text_font_size=&#8221;16px&#8221; link_font=&#8221;Roboto||||||||&#8221; link_text_color=&#8221;#68d800&#8243; link_font_size=&#8221;16px&#8221; custom_margin=&#8221;-2vw||||false|false&#8221;] Disclaimer Esta isen\u00e7\u00e3o de responsabilidade (&#8220;Isen\u00e7\u00e3o de Responsabilidade&#8221;) estabelece as diretrizes gerais, divulga\u00e7\u00f5es e termos de seu uso do site healthcliner.com (&#8220;Site&#8221; ou &#8220;Servi\u00e7o&#8221;) e [&hellip;]","og_url":"https:\/\/healthcliner.com\/pt-br\/disclaimer\/","og_site_name":"Healthcliner","article_publisher":"https:\/\/business.facebook.com\/Healthcliner","article_modified_time":"2021-08-10T16:52:58+00:00","twitter_card":"summary_large_image","twitter_site":"@healthcliner","twitter_misc":{"Est. tempo de leitura":"9 minutos"},"schema":{"@context":"https:\/\/schema.org","@graph":[{"@type":"WebPage","@id":"https:\/\/healthcliner.com\/pt-br\/disclaimer\/","url":"https:\/\/healthcliner.com\/pt-br\/disclaimer\/","name":"Disclaimer - Healthcliner","isPartOf":{"@id":"https:\/\/healthcliner.com\/pt-br\/#website"},"datePublished":"2021-08-10T16:52:54+00:00","dateModified":"2021-08-10T16:52:58+00:00","breadcrumb":{"@id":"https:\/\/healthcliner.com\/pt-br\/disclaimer\/#breadcrumb"},"inLanguage":"pt-BR","potentialAction":[{"@type":"ReadAction","target":["https:\/\/healthcliner.com\/pt-br\/disclaimer\/"]}]},{"@type":"BreadcrumbList","@id":"https:\/\/healthcliner.com\/pt-br\/disclaimer\/#breadcrumb","itemListElement":[{"@type":"ListItem","position":1,"name":"Home","item":"https:\/\/healthcliner.com\/pt-br\/"},{"@type":"ListItem","position":2,"name":"Disclaimer"}]},{"@type":"WebSite","@id":"https:\/\/healthcliner.com\/pt-br\/#website","url":"https:\/\/healthcliner.com\/pt-br\/","name":"Healthcliner","description":"Evidence-based Health Information","publisher":{"@id":"https:\/\/healthcliner.com\/pt-br\/#organization"},"potentialAction":[{"@type":"SearchAction","target":{"@type":"EntryPoint","urlTemplate":"https:\/\/healthcliner.com\/pt-br\/?s={search_term_string}"},"query-input":{"@type":"PropertyValueSpecification","valueRequired":true,"valueName":"search_term_string"}}],"inLanguage":"pt-BR"},{"@type":"Organization","@id":"https:\/\/healthcliner.com\/pt-br\/#organization","name":"Healthcliner","url":"https:\/\/healthcliner.com\/pt-br\/","logo":{"@type":"ImageObject","inLanguage":"pt-BR","@id":"https:\/\/healthcliner.com\/pt-br\/#\/schema\/logo\/image\/","url":"https:\/\/healthcliner.com\/wp-content\/uploads\/2021\/09\/Small-size-transparent-image-for-web-1.png","contentUrl":"https:\/\/healthcliner.com\/wp-content\/uploads\/2021\/09\/Small-size-transparent-image-for-web-1.png","width":500,"height":101,"caption":"Healthcliner"},"image":{"@id":"https:\/\/healthcliner.com\/pt-br\/#\/schema\/logo\/image\/"},"sameAs":["https:\/\/business.facebook.com\/Healthcliner","https:\/\/x.com\/healthcliner","https:\/\/www.instagram.com\/healthcliner\/","https:\/\/www.pinterest.com\/Healthcliner\/"]}]}},"amp_enabled":true,"_links":{"self":[{"href":"https:\/\/healthcliner.com\/pt-br\/wp-json\/wp\/v2\/pages\/6662","targetHints":{"allow":["GET"]}}],"collection":[{"href":"https:\/\/healthcliner.com\/pt-br\/wp-json\/wp\/v2\/pages"}],"about":[{"href":"https:\/\/healthcliner.com\/pt-br\/wp-json\/wp\/v2\/types\/page"}],"author":[{"embeddable":true,"href":"https:\/\/healthcliner.com\/pt-br\/wp-json\/wp\/v2\/users\/1"}],"replies":[{"embeddable":true,"href":"https:\/\/healthcliner.com\/pt-br\/wp-json\/wp\/v2\/comments?post=6662"}],"version-history":[{"count":5,"href":"https:\/\/healthcliner.com\/pt-br\/wp-json\/wp\/v2\/pages\/6662\/revisions"}],"predecessor-version":[{"id":6667,"href":"https:\/\/healthcliner.com\/pt-br\/wp-json\/wp\/v2\/pages\/6662\/revisions\/6667"}],"wp:attachment":[{"href":"https:\/\/healthcliner.com\/pt-br\/wp-json\/wp\/v2\/media?parent=6662"}],"curies":[{"name":"wp","href":"https:\/\/api.w.org\/{rel}","templated":true}]}}