{"id":6907,"date":"2021-08-10T14:22:57","date_gmt":"2021-08-10T18:22:57","guid":{"rendered":"https:\/\/healthcliner.com\/subskrybowac\/"},"modified":"2021-10-01T20:40:15","modified_gmt":"2021-10-02T00:40:15","slug":"subskrybowac","status":"publish","type":"page","link":"https:\/\/healthcliner.com\/pl\/subskrybowac\/","title":{"rendered":"Subskrybowa\u0107"},"content":{"rendered":"<p>[et_pb_section fb_built=&#8221;1&#8243; _builder_version=&#8221;4.9.4&#8243; _module_preset=&#8221;default&#8221; custom_padding=&#8221;||0px||false|false&#8221; global_colors_info=&#8221;{}&#8221;][et_pb_row _builder_version=&#8221;4.9.4&#8243; _module_preset=&#8221;default&#8221; background_color=&#8221;rgba(0,0,0,0.85)&#8221; background_image=&#8221;https:\/\/healthcliner.com\/wp-content\/uploads\/2021\/06\/pexels-pixabay-459654-scaled.jpg&#8221; background_blend=&#8221;multiply&#8221; width=&#8221;100%&#8221; max_width=&#8221;100%&#8221; module_alignment=&#8221;center&#8221; global_colors_info=&#8221;{}&#8221;][et_pb_column type=&#8221;4_4&#8243; _builder_version=&#8221;4.9.4&#8243; _module_preset=&#8221;default&#8221; global_colors_info=&#8221;{}&#8221;][\/et_pb_column][\/et_pb_row][et_pb_row _builder_version=&#8221;4.9.4&#8243; _module_preset=&#8221;default&#8221; custom_margin=&#8221;||||false|false&#8221; custom_padding=&#8221;0px||0px||false|false&#8221; global_colors_info=&#8221;{}&#8221;][et_pb_column type=&#8221;4_4&#8243; _builder_version=&#8221;4.9.4&#8243; _module_preset=&#8221;default&#8221; global_colors_info=&#8221;{}&#8221;][et_pb_signup mailchimp_list=&#8221;Healthcliner|090cd1a699&#8243; layout=&#8221;top_bottom&#8221; first_name_fullwidth=&#8221;off&#8221; success_message=&#8221;Dzi\u0119kujemy za zapisanie si\u0119 do naszego newslettera&#8221; title=&#8221;ZAPISZ SI\u0118 DO NASZEGO NEWSLETTERA&#8221; description=&#8221;<\/p>\n<p>Subskrybuj i otrzymuj najnowsze aktualizacje<\/p>\n<p>&#8221; module_id=&#8221;skinny&#8221; _builder_version=&#8221;4.10.4&#8243; _module_preset=&#8221;default&#8221; form_field_text_color=&#8221;#000000&#8243; form_field_custom_margin=&#8221;||||true|true&#8221; form_field_custom_padding=&#8221;||||true|true&#8221; header_font=&#8221;Roboto|900||||on|||&#8221; header_text_color=&#8221;#000000&#8243; header_font_size=&#8221;24px&#8221; body_font=&#8221;Roboto|500|||||||&#8221; body_text_color=&#8221;#000000&#8243; body_font_size=&#8221;16px&#8221; result_message_font=&#8221;Roboto||||||||&#8221; result_message_text_align=&#8221;center&#8221; result_message_text_color=&#8221;#000000&#8243; result_message_font_size=&#8221;18px&#8221; form_field_font=&#8221;Roboto|500|||||||&#8221; form_field_font_size=&#8221;12px&#8221; background_color=&#8221;rgba(104,216,0,0.75)&#8221; custom_button=&#8221;on&#8221; button_text_size=&#8221;19px&#8221; button_text_color=&#8221;#7CDA24&#8243; button_bg_color=&#8221;#000000&#8243; button_border_width=&#8221;0px&#8221; button_border_radius=&#8221;50px&#8221; button_font=&#8221;Roboto|900||||on|||&#8221; button_icon_color=&#8221;#7CDA24&#8243; text_orientation=&#8221;center&#8221; background_layout=&#8221;light&#8221; width=&#8221;67%&#8221; module_alignment=&#8221;center&#8221; custom_margin=&#8221;160px||||false|false&#8221; hover_enabled=&#8221;0&#8243; border_radii=&#8221;on|8px|8px|8px|8px&#8221; border_radii_fields=&#8221;on|50px|50px|50px|50px&#8221; locked=&#8221;off&#8221; global_colors_info=&#8221;{}&#8221; sticky_enabled=&#8221;0&#8243;][\/et_pb_signup][\/et_pb_column][\/et_pb_row][\/et_pb_section]<\/p>\n","protected":false},"excerpt":{"rendered":"<p>[et_pb_section fb_built=&#8221;1&#8243; _builder_version=&#8221;4.9.4&#8243; _module_preset=&#8221;default&#8221; custom_padding=&#8221;||0px||false|false&#8221; global_colors_info=&#8221;{}&#8221;][et_pb_row _builder_version=&#8221;4.9.4&#8243; _module_preset=&#8221;default&#8221; background_color=&#8221;rgba(0,0,0,0.85)&#8221; background_image=&#8221;https:\/\/healthcliner.com\/wp-content\/uploads\/2021\/06\/pexels-pixabay-459654-scaled.jpg&#8221; background_blend=&#8221;multiply&#8221; width=&#8221;100%&#8221; max_width=&#8221;100%&#8221; module_alignment=&#8221;center&#8221; global_colors_info=&#8221;{}&#8221;][et_pb_column type=&#8221;4_4&#8243; _builder_version=&#8221;4.9.4&#8243; _module_preset=&#8221;default&#8221; global_colors_info=&#8221;{}&#8221;][\/et_pb_column][\/et_pb_row][et_pb_row _builder_version=&#8221;4.9.4&#8243; _module_preset=&#8221;default&#8221; custom_margin=&#8221;||||false|false&#8221; custom_padding=&#8221;0px||0px||false|false&#8221; global_colors_info=&#8221;{}&#8221;][et_pb_column type=&#8221;4_4&#8243; _builder_version=&#8221;4.9.4&#8243; _module_preset=&#8221;default&#8221; global_colors_info=&#8221;{}&#8221;][et_pb_signup mailchimp_list=&#8221;Healthcliner|090cd1a699&#8243; layout=&#8221;top_bottom&#8221; first_name_fullwidth=&#8221;off&#8221; success_message=&#8221;Dzi\u0119kujemy za zapisanie si\u0119 do naszego newslettera&#8221; title=&#8221;ZAPISZ SI\u0118 DO NASZEGO NEWSLETTERA&#8221; description=&#8221; Subskrybuj i otrzymuj najnowsze aktualizacje &#8221; module_id=&#8221;skinny&#8221; _builder_version=&#8221;4.10.4&#8243; _module_preset=&#8221;default&#8221; form_field_text_color=&#8221;#000000&#8243; form_field_custom_margin=&#8221;||||true|true&#8221; [&hellip;]<\/p>\n","protected":false},"author":1,"featured_media":0,"parent":0,"menu_order":0,"comment_status":"closed","ping_status":"closed","template":"","meta":{"_crdt_document":"","tdm_status":"","tdm_grid_status":"","footnotes":""},"class_list":["post-6907","page","type-page","status-publish"],"yoast_head":"<!-- This site is optimized with the Yoast SEO plugin v27.3 - https:\/\/yoast.com\/product\/yoast-seo-wordpress\/ -->\n<title>Subskrybowa\u0107 - Healthcliner<\/title>\n<meta name=\"robots\" content=\"index, follow, max-snippet:-1, max-image-preview:large, max-video-preview:-1\" \/>\n<link rel=\"canonical\" href=\"https:\/\/healthcliner.com\/pl\/subskrybowac\/\" \/>\n<meta property=\"og:locale\" content=\"pl_PL\" \/>\n<meta property=\"og:type\" content=\"article\" \/>\n<meta property=\"og:title\" content=\"Subskrybowa\u0107 - Healthcliner\" \/>\n<meta property=\"og:description\" content=\"[et_pb_section fb_built=&#8221;1&#8243; _builder_version=&#8221;4.9.4&#8243; _module_preset=&#8221;default&#8221; custom_padding=&#8221;||0px||false|false&#8221; global_colors_info=&#8221;{}&#8221;][et_pb_row _builder_version=&#8221;4.9.4&#8243; _module_preset=&#8221;default&#8221; background_color=&#8221;rgba(0,0,0,0.85)&#8221; background_image=&#8221;https:\/\/healthcliner.com\/wp-content\/uploads\/2021\/06\/pexels-pixabay-459654-scaled.jpg&#8221; background_blend=&#8221;multiply&#8221; width=&#8221;100%&#8221; max_width=&#8221;100%&#8221; module_alignment=&#8221;center&#8221; global_colors_info=&#8221;{}&#8221;][et_pb_column type=&#8221;4_4&#8243; _builder_version=&#8221;4.9.4&#8243; _module_preset=&#8221;default&#8221; global_colors_info=&#8221;{}&#8221;][\/et_pb_column][\/et_pb_row][et_pb_row _builder_version=&#8221;4.9.4&#8243; _module_preset=&#8221;default&#8221; custom_margin=&#8221;||||false|false&#8221; custom_padding=&#8221;0px||0px||false|false&#8221; global_colors_info=&#8221;{}&#8221;][et_pb_column type=&#8221;4_4&#8243; _builder_version=&#8221;4.9.4&#8243; _module_preset=&#8221;default&#8221; global_colors_info=&#8221;{}&#8221;][et_pb_signup mailchimp_list=&#8221;Healthcliner|090cd1a699&#8243; layout=&#8221;top_bottom&#8221; first_name_fullwidth=&#8221;off&#8221; success_message=&#8221;Dzi\u0119kujemy za zapisanie si\u0119 do naszego newslettera&#8221; title=&#8221;ZAPISZ SI\u0118 DO NASZEGO NEWSLETTERA&#8221; description=&#8221; Subskrybuj i otrzymuj najnowsze aktualizacje &#8221; module_id=&#8221;skinny&#8221; _builder_version=&#8221;4.10.4&#8243; _module_preset=&#8221;default&#8221; form_field_text_color=&#8221;#000000&#8243; form_field_custom_margin=&#8221;||||true|true&#8221; [&hellip;]\" \/>\n<meta property=\"og:url\" content=\"https:\/\/healthcliner.com\/pl\/subskrybowac\/\" \/>\n<meta property=\"og:site_name\" content=\"Healthcliner\" \/>\n<meta property=\"article:publisher\" content=\"https:\/\/business.facebook.com\/Healthcliner\" \/>\n<meta property=\"article:modified_time\" content=\"2021-10-02T00:40:15+00:00\" \/>\n<meta name=\"twitter:card\" content=\"summary_large_image\" \/>\n<meta name=\"twitter:site\" content=\"@healthcliner\" \/>\n<meta name=\"twitter:label1\" content=\"Szacowany czas czytania\" \/>\n\t<meta name=\"twitter:data1\" content=\"1 minuta\" \/>\n<script type=\"application\/ld+json\" class=\"yoast-schema-graph\">{\"@context\":\"https:\\\/\\\/schema.org\",\"@graph\":[{\"@type\":\"WebPage\",\"@id\":\"https:\\\/\\\/healthcliner.com\\\/pl\\\/subskrybowac\\\/\",\"url\":\"https:\\\/\\\/healthcliner.com\\\/pl\\\/subskrybowac\\\/\",\"name\":\"Subskrybowa\u0107 - Healthcliner\",\"isPartOf\":{\"@id\":\"https:\\\/\\\/healthcliner.com\\\/pl\\\/#website\"},\"datePublished\":\"2021-08-10T18:22:57+00:00\",\"dateModified\":\"2021-10-02T00:40:15+00:00\",\"breadcrumb\":{\"@id\":\"https:\\\/\\\/healthcliner.com\\\/pl\\\/subskrybowac\\\/#breadcrumb\"},\"inLanguage\":\"pl-PL\",\"potentialAction\":[{\"@type\":\"ReadAction\",\"target\":[\"https:\\\/\\\/healthcliner.com\\\/pl\\\/subskrybowac\\\/\"]}]},{\"@type\":\"BreadcrumbList\",\"@id\":\"https:\\\/\\\/healthcliner.com\\\/pl\\\/subskrybowac\\\/#breadcrumb\",\"itemListElement\":[{\"@type\":\"ListItem\",\"position\":1,\"name\":\"Home\",\"item\":\"https:\\\/\\\/healthcliner.com\\\/pl\\\/\"},{\"@type\":\"ListItem\",\"position\":2,\"name\":\"Subskrybowa\u0107\"}]},{\"@type\":\"WebSite\",\"@id\":\"https:\\\/\\\/healthcliner.com\\\/pl\\\/#website\",\"url\":\"https:\\\/\\\/healthcliner.com\\\/pl\\\/\",\"name\":\"Healthcliner\",\"description\":\"Evidence-based Health Information\",\"publisher\":{\"@id\":\"https:\\\/\\\/healthcliner.com\\\/pl\\\/#organization\"},\"potentialAction\":[{\"@type\":\"SearchAction\",\"target\":{\"@type\":\"EntryPoint\",\"urlTemplate\":\"https:\\\/\\\/healthcliner.com\\\/pl\\\/?s={search_term_string}\"},\"query-input\":{\"@type\":\"PropertyValueSpecification\",\"valueRequired\":true,\"valueName\":\"search_term_string\"}}],\"inLanguage\":\"pl-PL\"},{\"@type\":\"Organization\",\"@id\":\"https:\\\/\\\/healthcliner.com\\\/pl\\\/#organization\",\"name\":\"Healthcliner\",\"url\":\"https:\\\/\\\/healthcliner.com\\\/pl\\\/\",\"logo\":{\"@type\":\"ImageObject\",\"inLanguage\":\"pl-PL\",\"@id\":\"https:\\\/\\\/healthcliner.com\\\/pl\\\/#\\\/schema\\\/logo\\\/image\\\/\",\"url\":\"https:\\\/\\\/healthcliner.com\\\/wp-content\\\/uploads\\\/2021\\\/09\\\/Small-size-transparent-image-for-web-1.png\",\"contentUrl\":\"https:\\\/\\\/healthcliner.com\\\/wp-content\\\/uploads\\\/2021\\\/09\\\/Small-size-transparent-image-for-web-1.png\",\"width\":500,\"height\":101,\"caption\":\"Healthcliner\"},\"image\":{\"@id\":\"https:\\\/\\\/healthcliner.com\\\/pl\\\/#\\\/schema\\\/logo\\\/image\\\/\"},\"sameAs\":[\"https:\\\/\\\/business.facebook.com\\\/Healthcliner\",\"https:\\\/\\\/x.com\\\/healthcliner\",\"https:\\\/\\\/www.instagram.com\\\/healthcliner\\\/\",\"https:\\\/\\\/www.pinterest.com\\\/Healthcliner\\\/\"]}]}<\/script>\n<!-- \/ Yoast SEO plugin. -->","yoast_head_json":{"title":"Subskrybowa\u0107 - Healthcliner","robots":{"index":"index","follow":"follow","max-snippet":"max-snippet:-1","max-image-preview":"max-image-preview:large","max-video-preview":"max-video-preview:-1"},"canonical":"https:\/\/healthcliner.com\/pl\/subskrybowac\/","og_locale":"pl_PL","og_type":"article","og_title":"Subskrybowa\u0107 - Healthcliner","og_description":"[et_pb_section fb_built=&#8221;1&#8243; _builder_version=&#8221;4.9.4&#8243; _module_preset=&#8221;default&#8221; custom_padding=&#8221;||0px||false|false&#8221; global_colors_info=&#8221;{}&#8221;][et_pb_row _builder_version=&#8221;4.9.4&#8243; _module_preset=&#8221;default&#8221; background_color=&#8221;rgba(0,0,0,0.85)&#8221; background_image=&#8221;https:\/\/healthcliner.com\/wp-content\/uploads\/2021\/06\/pexels-pixabay-459654-scaled.jpg&#8221; background_blend=&#8221;multiply&#8221; width=&#8221;100%&#8221; max_width=&#8221;100%&#8221; module_alignment=&#8221;center&#8221; global_colors_info=&#8221;{}&#8221;][et_pb_column type=&#8221;4_4&#8243; _builder_version=&#8221;4.9.4&#8243; _module_preset=&#8221;default&#8221; global_colors_info=&#8221;{}&#8221;][\/et_pb_column][\/et_pb_row][et_pb_row _builder_version=&#8221;4.9.4&#8243; _module_preset=&#8221;default&#8221; custom_margin=&#8221;||||false|false&#8221; custom_padding=&#8221;0px||0px||false|false&#8221; global_colors_info=&#8221;{}&#8221;][et_pb_column type=&#8221;4_4&#8243; _builder_version=&#8221;4.9.4&#8243; _module_preset=&#8221;default&#8221; global_colors_info=&#8221;{}&#8221;][et_pb_signup mailchimp_list=&#8221;Healthcliner|090cd1a699&#8243; layout=&#8221;top_bottom&#8221; first_name_fullwidth=&#8221;off&#8221; success_message=&#8221;Dzi\u0119kujemy za zapisanie si\u0119 do naszego newslettera&#8221; title=&#8221;ZAPISZ SI\u0118 DO NASZEGO NEWSLETTERA&#8221; description=&#8221; Subskrybuj i otrzymuj najnowsze aktualizacje &#8221; module_id=&#8221;skinny&#8221; _builder_version=&#8221;4.10.4&#8243; _module_preset=&#8221;default&#8221; form_field_text_color=&#8221;#000000&#8243; form_field_custom_margin=&#8221;||||true|true&#8221; [&hellip;]","og_url":"https:\/\/healthcliner.com\/pl\/subskrybowac\/","og_site_name":"Healthcliner","article_publisher":"https:\/\/business.facebook.com\/Healthcliner","article_modified_time":"2021-10-02T00:40:15+00:00","twitter_card":"summary_large_image","twitter_site":"@healthcliner","twitter_misc":{"Szacowany czas czytania":"1 minuta"},"schema":{"@context":"https:\/\/schema.org","@graph":[{"@type":"WebPage","@id":"https:\/\/healthcliner.com\/pl\/subskrybowac\/","url":"https:\/\/healthcliner.com\/pl\/subskrybowac\/","name":"Subskrybowa\u0107 - Healthcliner","isPartOf":{"@id":"https:\/\/healthcliner.com\/pl\/#website"},"datePublished":"2021-08-10T18:22:57+00:00","dateModified":"2021-10-02T00:40:15+00:00","breadcrumb":{"@id":"https:\/\/healthcliner.com\/pl\/subskrybowac\/#breadcrumb"},"inLanguage":"pl-PL","potentialAction":[{"@type":"ReadAction","target":["https:\/\/healthcliner.com\/pl\/subskrybowac\/"]}]},{"@type":"BreadcrumbList","@id":"https:\/\/healthcliner.com\/pl\/subskrybowac\/#breadcrumb","itemListElement":[{"@type":"ListItem","position":1,"name":"Home","item":"https:\/\/healthcliner.com\/pl\/"},{"@type":"ListItem","position":2,"name":"Subskrybowa\u0107"}]},{"@type":"WebSite","@id":"https:\/\/healthcliner.com\/pl\/#website","url":"https:\/\/healthcliner.com\/pl\/","name":"Healthcliner","description":"Evidence-based Health Information","publisher":{"@id":"https:\/\/healthcliner.com\/pl\/#organization"},"potentialAction":[{"@type":"SearchAction","target":{"@type":"EntryPoint","urlTemplate":"https:\/\/healthcliner.com\/pl\/?s={search_term_string}"},"query-input":{"@type":"PropertyValueSpecification","valueRequired":true,"valueName":"search_term_string"}}],"inLanguage":"pl-PL"},{"@type":"Organization","@id":"https:\/\/healthcliner.com\/pl\/#organization","name":"Healthcliner","url":"https:\/\/healthcliner.com\/pl\/","logo":{"@type":"ImageObject","inLanguage":"pl-PL","@id":"https:\/\/healthcliner.com\/pl\/#\/schema\/logo\/image\/","url":"https:\/\/healthcliner.com\/wp-content\/uploads\/2021\/09\/Small-size-transparent-image-for-web-1.png","contentUrl":"https:\/\/healthcliner.com\/wp-content\/uploads\/2021\/09\/Small-size-transparent-image-for-web-1.png","width":500,"height":101,"caption":"Healthcliner"},"image":{"@id":"https:\/\/healthcliner.com\/pl\/#\/schema\/logo\/image\/"},"sameAs":["https:\/\/business.facebook.com\/Healthcliner","https:\/\/x.com\/healthcliner","https:\/\/www.instagram.com\/healthcliner\/","https:\/\/www.pinterest.com\/Healthcliner\/"]}]}},"amp_enabled":true,"_links":{"self":[{"href":"https:\/\/healthcliner.com\/pl\/wp-json\/wp\/v2\/pages\/6907","targetHints":{"allow":["GET"]}}],"collection":[{"href":"https:\/\/healthcliner.com\/pl\/wp-json\/wp\/v2\/pages"}],"about":[{"href":"https:\/\/healthcliner.com\/pl\/wp-json\/wp\/v2\/types\/page"}],"author":[{"embeddable":true,"href":"https:\/\/healthcliner.com\/pl\/wp-json\/wp\/v2\/users\/1"}],"replies":[{"embeddable":true,"href":"https:\/\/healthcliner.com\/pl\/wp-json\/wp\/v2\/comments?post=6907"}],"version-history":[{"count":14,"href":"https:\/\/healthcliner.com\/pl\/wp-json\/wp\/v2\/pages\/6907\/revisions"}],"predecessor-version":[{"id":9843,"href":"https:\/\/healthcliner.com\/pl\/wp-json\/wp\/v2\/pages\/6907\/revisions\/9843"}],"wp:attachment":[{"href":"https:\/\/healthcliner.com\/pl\/wp-json\/wp\/v2\/media?parent=6907"}],"curies":[{"name":"wp","href":"https:\/\/api.w.org\/{rel}","templated":true}]}}