{"id":6668,"date":"2021-08-10T12:53:44","date_gmt":"2021-08-10T16:53:44","guid":{"rendered":"https:\/\/healthcliner.com\/zrzeczenie-sie\/"},"modified":"2021-08-10T12:53:49","modified_gmt":"2021-08-10T16:53:49","slug":"zrzeczenie-sie","status":"publish","type":"page","link":"https:\/\/healthcliner.com\/pl\/zrzeczenie-sie\/","title":{"rendered":"Zrzeczenie si\u0119"},"content":{"rendered":"<p>[et_pb_section fb_built=&#8221;1&#8243; _builder_version=&#8221;4.9.4&#8243; _module_preset=&#8221;default&#8221; custom_padding=&#8221;||0px||false|false&#8221; da_disable_devices=&#8221;off|off|off&#8221; da_is_popup=&#8221;off&#8221; da_exit_intent=&#8221;off&#8221; da_has_close=&#8221;on&#8221; da_alt_close=&#8221;off&#8221; da_dark_close=&#8221;off&#8221; da_not_modal=&#8221;on&#8221; da_is_singular=&#8221;off&#8221; da_with_loader=&#8221;off&#8221; da_has_shadow=&#8221;on&#8221;][et_pb_row _builder_version=&#8221;4.9.4&#8243; _module_preset=&#8221;default&#8221; custom_padding=&#8221;||0px||false|false&#8221;][et_pb_column type=&#8221;4_4&#8243; _builder_version=&#8221;4.9.4&#8243; _module_preset=&#8221;default&#8221;][et_pb_text _builder_version=&#8221;4.9.4&#8243; _module_preset=&#8221;default&#8221; text_font=&#8221;Roboto||||||||&#8221; text_text_color=&#8221;rgba(0,0,0,0.75)&#8221; text_font_size=&#8221;16px&#8221; link_font=&#8221;Roboto||||||||&#8221; link_text_color=&#8221;#68d800&#8243; link_font_size=&#8221;16px&#8221; custom_margin=&#8221;-2vw||||false|false&#8221;]<\/p>\n<p><strong>Zrzeczenie si\u0119<\/strong><\/p>\n<p>Niniejsze wy\u0142\u0105czenie odpowiedzialno\u015bci (&#8222;Wy\u0142\u0105czenie odpowiedzialno\u015bci&#8221;) okre\u015bla og\u00f3lne wytyczne, informacje i warunki korzystania przez U\u017cytkownika z healthcliner.com stronie internetowej (&#8222;Witryna&#8221; lub &#8222;Us\u0142uga&#8221;) oraz wszelkich powi\u0105zanych z ni\u0105 produkt\u00f3w i us\u0142ug (zwanych \u0142\u0105cznie &#8222;Us\u0142ugami&#8221;). Niniejsze Wy\u0142\u0105czenie odpowiedzialno\u015bci jest prawnie wi\u0105\u017c\u0105c\u0105 umow\u0105 mi\u0119dzy U\u017cytkownikiem (&#8222;U\u017cytkownik&#8221;, &#8222;Ty&#8221; lub &#8222;Tw\u00f3j&#8221;) a Healthcliner (&#8222;Healthcliner&#8221;, &#8222;my&#8221;, &#8222;nas&#8221; lub &#8222;nasz&#8221;). Uzyskuj\u0105c dost\u0119p do Witryny i Us\u0142ug oraz korzystaj\u0105c z niej, u\u017cytkownik przyjmuje do wiadomo\u015bci, \u017ce przeczyta\u0142, zrozumia\u0142 i zgadza si\u0119 przestrzega\u0107 warunk\u00f3w niniejszego Wy\u0142\u0105czenia odpowiedzialno\u015bci. Je\u015bli u\u017cytkownik zawiera niniejsze Wy\u0142\u0105czenie odpowiedzialno\u015bci w imieniu firmy lub innego podmiotu prawnego, o\u015bwiadcza, \u017ce jest uprawniony do wi\u0105zania takiego podmiotu z niniejszym O\u015bwiadczeniem, w kt\u00f3rym to przypadku terminy &#8222;U\u017cytkownik&#8221;, &#8222;Ty&#8221; lub &#8222;Tw\u00f3j&#8221; odnosz\u0105 si\u0119 do takiego podmiotu. Je\u015bli u\u017cytkownik nie posiada takiego upowa\u017cnienia lub nie zgadza si\u0119 z warunkami niniejszego Wy\u0142\u0105czenia odpowiedzialno\u015bci, nie mo\u017ce zaakceptowa\u0107 niniejszego Wy\u0142\u0105czenia odpowiedzialno\u015bci i nie mo\u017ce uzyskiwa\u0107 dost\u0119pu do Witryny i Us\u0142ug oraz korzysta\u0107 z niej. U\u017cytkownik przyjmuje do wiadomo\u015bci, \u017ce niniejsze Wy\u0142\u0105czenie odpowiedzialno\u015bci jest umow\u0105 zawart\u0105 mi\u0119dzy u\u017cytkownikiem a healthcline, nawet je\u015bli jest elektroniczna i nie jest fizycznie podpisana przez U\u017cytkownika, a tak\u017ce reguluje korzystanie przez u\u017cytkownika z Witryny i Us\u0142ug.<\/p>\n<p><strong>Reprezentacja<\/strong><\/p>\n<p>Wszelkie pogl\u0105dy lub opinie reprezentowane na Stronie internetowej nale\u017c\u0105 wy\u0142\u0105cznie do Healthcliner, jej tw\u00f3rc\u00f3w tre\u015bci i pracownik\u00f3w i nie reprezentuj\u0105 pogl\u0105d\u00f3w os\u00f3b, instytucji lub organizacji, z kt\u00f3rymi Healthcliner mo\u017ce lub nie mo\u017ce by\u0107 powi\u0105zany zawodowo lub osobi\u015bcie, chyba \u017ce wyra\u017anie zaznaczono inaczej. Wszelkie pogl\u0105dy lub opinie nie maj\u0105 na celu okaleczania \u017cadnej religii, grupy etnicznej, klubu, organizacji, firmy lub osoby.<\/p>\n<p><strong>Tre\u015bci i posty<\/strong><\/p>\n<p>U\u017cytkownik nie mo\u017ce modyfikowa\u0107, drukowa\u0107 ani kopiowa\u0107 \u017cadnej cz\u0119\u015bci Witryny i Us\u0142ug. W\u0142\u0105czenie jakiejkolwiek cz\u0119\u015bci Witryny i Us\u0142ug do innego utworu, w formie drukowanej lub elektronicznej lub innej, lub w\u0142\u0105czenie jakiejkolwiek cz\u0119\u015bci Witryny i Us\u0142ug do innego zasobu poprzez osadzanie, kadrowanie lub w inny spos\u00f3b bez wyra\u017anej zgody Healthcliner jest zabronione. Odszkodowania i sponsoring<\/p>\n<p>Witryna i Us\u0142ugi mog\u0105 zawiera\u0107 formy reklamy. Przestrze\u0144 reklamowa b\u0119dzie zawsze identyfikowana jako taka. Niekt\u00f3re linki na Stronie mog\u0105 by\u0107 &#8222;linkami partnerskimi&#8221;. Oznacza to, \u017ce je\u015bli klikniesz na link i kupisz przedmiot, Healthcliner otrzyma prowizj\u0119 partnersk\u0105. Ponadto Healthcliner jest uczestnikiem programu Amazon Associates, partnerskiego programu reklamowego maj\u0105cego na celu zapewnienie \u015brodk\u00f3w do zarabiania op\u0142at reklamowych poprzez reklam\u0119 i linkowanie do nieruchomo\u015bci Amazon. Wy\u0142\u0105czenie odpowiedzialno\u015bci za fitness i opiek\u0119 medyczn\u0105<\/p>\n<p>Informacje dost\u0119pne na Stronie internetowej maj\u0105 charakter wy\u0142\u0105cznie og\u00f3lny i nie maj\u0105 by\u0107 substytutem profesjonalnej porady medycznej, diagnostyki lub leczenia. Nie nale\u017cy polega\u0107 wy\u0142\u0105cznie na informacjach podanych na Stronie internetowej dla twoich potrzeb zdrowotnych. Wszystkie konkretne pytania medyczne powinny by\u0107 przedstawione do w\u0142asnego dostawcy opieki zdrowotnej i nale\u017cy zasi\u0119gn\u0105\u0107 porady lekarza w zakresie zdrowia i przed rozpocz\u0119ciem jakiegokolwiek od\u017cywiania, utrata masy cia\u0142a lub innego rodzaju programu treningu.<\/p>\n<p>Je\u015bli zdecydujesz si\u0119 korzysta\u0107 z informacji dost\u0119pnych na Stronie internetowej bez uprzedniej konsultacji i zgody lekarza, zgadzasz si\u0119 przyj\u0105\u0107 pe\u0142n\u0105 odpowiedzialno\u015b\u0107 za swoje decyzje i zgadzaj\u0105c si\u0119 na poci\u0105gni\u0119cie do odpowiedzialno\u015bci Healthcliner, jego agent\u00f3w, pracownik\u00f3w, wykonawc\u00f3w i wszelkich firm stowarzyszonych z jakiejkolwiek odpowiedzialno\u015bci w odniesieniu do szkody lub choroby wobec Ciebie lub jego maj\u0105tku wynikaj\u0105cego z lub zwi\u0105zanego z korzystaniem z tych informacji.<\/p>\n<p>Mo\u017ce istnie\u0107 ryzyko zwi\u0105zane z uczestnictwem w dzia\u0142aniach prezentowanych na Stronie internetowej dla os\u00f3b w dobrym lub z\u0142ym stanie zdrowia lub z wcze\u015bniej istniej\u0105cymi warunkami zdrowia fizycznego lub psychicznego. Je\u015bli zdecydujesz si\u0119 uczestniczy\u0107 w tych ryzykach, robisz to z w\u0142asnej woli i zgadzasz si\u0119, \u015bwiadomie i dobrowolnie przyjmuj\u0105c wszelkie ryzyko zwi\u0105zane z takimi dzia\u0142aniami.<\/p>\n<p>Wyniki uzyskane na podstawie informacji dost\u0119pnych na Stronie internetowej mog\u0105 si\u0119 r\u00f3\u017cni\u0107 i b\u0119d\u0105 oparte na indywidualnym pochodzeniu, zdrowiu fizycznym, wcze\u015bniejszym do\u015bwiadczeniu, zdolno\u015bci, zdolno\u015bci do dzia\u0142ania, motywacji i innych zmiennych. Nie ma \u017cadnych gwarancji dotycz\u0105cych poziomu sukcesu, kt\u00f3rego mo\u017cesz do\u015bwiadczy\u0107. Nie doradztwo finansowe<\/p>\n<p>Informacje na Stronie internetowej s\u0105 udost\u0119pniane wy\u0142\u0105cznie dla Wygody U\u017cytkownika i nie s\u0105 traktowane jako doradztwo finansowe, inwestycyjne, podatkowe lub inne. \u017badne z zawartych na Stronie internetowej nie stanowi nak\u0142aniania, rekomendacji, poparcia lub oferty firmy Healthcliner, jej agent\u00f3w, pracownik\u00f3w, wykonawc\u00f3w i wszelkich sp\u00f3\u0142ek powi\u0105zanych w celu kupna lub sprzeda\u017cy jakichkolwiek papier\u00f3w warto\u015bciowych lub innych instrument\u00f3w finansowych.<\/p>\n<p>Ca\u0142a zawarto\u015b\u0107 tej strony jest informacj\u0105 o charakterze og\u00f3lnym i nie odnosi si\u0119 do okoliczno\u015bci konkretnej osoby lub podmiotu. \u017badne z informacji na Stronie nie stanowi porady profesjonalnej i\/lub finansowej, ani \u017cadne informacje na Stronie internetowej nie stanowi\u0105 wyczerpuj\u0105cego lub kompletnego o\u015bwiadczenia o omawianych sprawach lub zwi\u0105zanych z nimi przepisach. U\u017cytkownik ponosi wy\u0142\u0105czn\u0105 odpowiedzialno\u015b\u0107 za ocen\u0119 zasadno\u015bci i ryzyka zwi\u0105zanego z wykorzystaniem jakichkolwiek informacji lub innych tre\u015bci na Stronie przed podj\u0119ciem jakichkolwiek decyzji na podstawie takich informacji. U\u017cytkownik zobowi\u0105zuje si\u0119 nie poci\u0105ga\u0107 firmy Healthcliner, jej agent\u00f3w, pracownik\u00f3w, wykonawc\u00f3w i jakichkolwiek firm powi\u0105zanych do odpowiedzialno\u015bci za ewentualne roszczenia odszkodowawcze wynikaj\u0105ce z jakiejkolwiek decyzji podj\u0119tej na podstawie informacji udost\u0119pnionych przez Ciebie za po\u015brednictwem Strony internetowej.Opinie i opinie<\/p>\n<p>Referencje s\u0105 odbierane w r\u00f3\u017cnych formach za pomoc\u0105 r\u00f3\u017cnych metod sk\u0142adania. S\u0105 to indywidualne do\u015bwiadczenia, odzwierciedlaj\u0105ce do\u015bwiadczenia tych, kt\u00f3rzy korzystali z Witryny i Us\u0142ug w taki czy inny spos\u00f3b. Jednak, s\u0105 one indywidualne wyniki i wyniki r\u00f3\u017cni\u0105 si\u0119. Nie twierdzimy, \u017ce s\u0105 to typowe wyniki, kt\u00f3re konsumenci og\u00f3lnie osi\u0105gn\u0105. Opinie nie musz\u0105 by\u0107 reprezentatywne dla wszystkich tych, kt\u00f3rzy b\u0119d\u0105 korzysta\u0107 ze Strony internetowej i Us\u0142ug, a Healthcliner nie ponosi odpowiedzialno\u015bci za opinie lub komentarze dost\u0119pne na Stronie internetowej i niekoniecznie je udost\u0119pnia. Wszystkie wyra\u017cone opinie s\u0105 \u015bci\u015ble pogl\u0105dami recenzent\u00f3w.<\/p>\n<p>Wy\u015bwietlone referencje s\u0105 podane dos\u0142ownie, z wyj\u0105tkiem poprawek b\u0142\u0119d\u00f3w gramatycznych lub wpisywania. Niekt\u00f3re referencje mog\u0142y by\u0107 edytowane dla jasno\u015bci lub skr\u00f3cone w przypadkach, gdy oryginalne referencje zawiera\u0142y obce informacje, kt\u00f3re nie maj\u0105 znaczenia dla og\u00f3\u0142u spo\u0142ecze\u0144stwa. Referencje mog\u0105 by\u0107 sprawdzane pod k\u0105tem autentyczno\u015bci, zanim b\u0119d\u0105 dost\u0119pne do publicznego ogl\u0105dania. Odszkodowanie i gwarancje<\/p>\n<p>Dok\u0142adno\u015b\u0107, wiarygodno\u015b\u0107 i kompletno\u015b\u0107 informacji i tre\u015bci, rozpowszechnianych za po\u015brednictwem, po\u0142\u0105czonych, pobranych lub dost\u0119pnych ze Strony internetowej i Us\u0142ug, jest gwarantowana przez Healthcliner. Jednak\u017ce wszystkie informacje na Stronie internetowej s\u0105 dostarczane &#8222;tak jak jest&#8221;, bez gwarancji wynik\u00f3w uzyskanych z wykorzystania tych informacji i bez jakiejkolwiek gwarancji, wyra\u017anej lub dorozumianej. W \u017cadnym wypadku Healthcliner, ani jego partnerzy, pracownicy lub agenci, nie b\u0119d\u0105 ponosi\u0107 odpowiedzialno\u015bci wobec Ciebie lub kogokolwiek innego za jak\u0105kolwiek decyzj\u0119 podj\u0119t\u0105 lub dzia\u0142ania podj\u0119te w oparciu o informacje na Stronie internetowej, lub za jakiekolwiek szkody wt\u00f3rne, specjalne lub podobne, nawet je\u015bli zostan\u0105 poinformowane o mo\u017cliwo\u015bci wyst\u0105pienia takich szk\u00f3d.<\/p>\n<p>Ponadto, podobnie jak w przypadku ka\u017cdej firmy, twoje wyniki mog\u0105 si\u0119 r\u00f3\u017cni\u0107 i b\u0119d\u0105 oparte na twoich indywidualnych zdolno\u015bciach, do\u015bwiadczeniu, wiedzy i poziomie po\u017c\u0105dania. Nie ma \u017cadnych gwarancji dotycz\u0105cych poziomu sukcesu, kt\u00f3rego mo\u017cesz do\u015bwiadczy\u0107. Nie ma \u017cadnej gwarancji, \u017ce w og\u00f3le dokonasz \u017cadnych dochod\u00f3w i akceptujesz ryzyko, \u017ce zarobki i rachunek zysk\u00f3w i strat r\u00f3\u017cni\u0105 si\u0119 w zale\u017cno\u015bci od osoby. Sukces ka\u017cdego cz\u0142owieka zale\u017cy od jego pochodzenia, po\u015bwi\u0119cenia, pragnienia i motywacji. Korzystanie z informacji na Stronie internetowej i w Us\u0142ugach powinno opiera\u0107 si\u0119 na w\u0142asnej nale\u017cytej staranno\u015bci i zgadzasz si\u0119, \u017ce Healthcliner nie ponosi odpowiedzialno\u015bci za jakikolwiek sukces lub pora\u017ck\u0119 Twojej firmy, kt\u00f3ra jest bezpo\u015brednio lub po\u015brednio zwi\u0105zana z zakupem i wykorzystaniem naszych informacji, produkt\u00f3w i us\u0142ug przegl\u0105danych lub reklamowanych na Stronie. Informacje zawarte w Serwisie mog\u0105 ulec zmianie w dowolnym momencie i bez ostrze\u017cenia.<\/p>\n<p><strong>Zmiany i zmiany<\/strong><\/p>\n<p>Zastrzegamy sobie prawo do zmiany niniejszego Wy\u0142\u0105czenia odpowiedzialno\u015bci lub jego warunk\u00f3w dotycz\u0105cych Witryny i Us\u0142ug w dowolnym momencie, obowi\u0105zuj\u0105cej po opublikowaniu zaktualizowanej wersji niniejszego Wy\u0142\u0105czenia odpowiedzialno\u015bci na Stronie internetowej. Kiedy to zrobimy, zmienimy zaktualizowan\u0105 dat\u0119 na dole tej strony. Dalsze korzystanie z Witryny i Us\u0142ug po takich zmianach b\u0119dzie oznacza\u0107 zgod\u0119 u\u017cytkownika na takie zmiany.<\/p>\n<p><strong>Akceptacja niniejszego wy\u0142\u0105czenia odpowiedzialno\u015bci<\/strong><\/p>\n<p>U\u017cytkownik przyjmuje do wiadomo\u015bci, \u017ce zapozna\u0142 si\u0119 z niniejszym o\u015bwiadczeniem i zgadza si\u0119 na wszystkie jego warunki. Uzyskuj\u0105c dost\u0119p do Witryny i Us\u0142ug oraz korzystaj\u0105c z niej, u\u017cytkownik wyra\u017ca zgod\u0119 na zwi\u0105zanie si\u0119 niniejszym O\u015bwiadczeniem. Je\u015bli u\u017cytkownik nie wyra\u017ca zgody na przestrzeganie warunk\u00f3w niniejszego Wy\u0142\u0105czenia odpowiedzialno\u015bci, nie jest upowa\u017cniony do uzyskiwania dost\u0119pu do Witryny i Us\u0142ug ani korzystania z niej.<\/p>\n<p><strong>Kontakt z nami<\/strong><\/p>\n<p>Je\u015bli chcesz skontaktowa\u0107 si\u0119 z nami, aby dowiedzie\u0107 si\u0119 wi\u0119cej na temat tego zastrze\u017cenia lub chcesz skontaktowa\u0107 si\u0119 z nami w sprawie wszelkich spraw z nim zwi\u0105zanych, mo\u017cesz to zrobi\u0107 za po\u015brednictwem formularza kontaktowego, wys\u0142a\u0107 e-mail do contact@healthcliner.com lub napisa\u0107 list do 441 Fairview Avenue, Bridgeport, CT 06606, USA.<\/p>\n<p><strong>Data ostatniej aktualizacji: 3 czerwca 2021 r.<\/strong><\/p>\n<p><strong><a href=\"https:\/\/www.websitepolicies.com\/policies\/view\/CLkRTeuB\" target=\"_blank\" rel=\"noopener\">https:\/\/www.websitepolicies.com\/policies\/view\/CLkRTeuB<\/a><\/strong><\/p>\n<p>[\/et_pb_text][\/et_pb_column][\/et_pb_row][\/et_pb_section]<\/p>\n","protected":false},"excerpt":{"rendered":"<p>[et_pb_section fb_built=&#8221;1&#8243; _builder_version=&#8221;4.9.4&#8243; _module_preset=&#8221;default&#8221; custom_padding=&#8221;||0px||false|false&#8221; da_disable_devices=&#8221;off|off|off&#8221; da_is_popup=&#8221;off&#8221; da_exit_intent=&#8221;off&#8221; da_has_close=&#8221;on&#8221; da_alt_close=&#8221;off&#8221; da_dark_close=&#8221;off&#8221; da_not_modal=&#8221;on&#8221; da_is_singular=&#8221;off&#8221; da_with_loader=&#8221;off&#8221; da_has_shadow=&#8221;on&#8221;][et_pb_row _builder_version=&#8221;4.9.4&#8243; _module_preset=&#8221;default&#8221; custom_padding=&#8221;||0px||false|false&#8221;][et_pb_column type=&#8221;4_4&#8243; _builder_version=&#8221;4.9.4&#8243; _module_preset=&#8221;default&#8221;][et_pb_text _builder_version=&#8221;4.9.4&#8243; _module_preset=&#8221;default&#8221; text_font=&#8221;Roboto||||||||&#8221; text_text_color=&#8221;rgba(0,0,0,0.75)&#8221; text_font_size=&#8221;16px&#8221; link_font=&#8221;Roboto||||||||&#8221; link_text_color=&#8221;#68d800&#8243; link_font_size=&#8221;16px&#8221; custom_margin=&#8221;-2vw||||false|false&#8221;] Zrzeczenie si\u0119 Niniejsze wy\u0142\u0105czenie odpowiedzialno\u015bci (&#8222;Wy\u0142\u0105czenie odpowiedzialno\u015bci&#8221;) okre\u015bla og\u00f3lne wytyczne, informacje i warunki korzystania przez U\u017cytkownika z healthcliner.com stronie internetowej (&#8222;Witryna&#8221; lub &#8222;Us\u0142uga&#8221;) oraz wszelkich [&hellip;]<\/p>\n","protected":false},"author":1,"featured_media":0,"parent":0,"menu_order":0,"comment_status":"closed","ping_status":"closed","template":"","meta":{"_crdt_document":"","tdm_status":"","tdm_grid_status":"","footnotes":""},"class_list":["post-6668","page","type-page","status-publish"],"yoast_head":"<!-- This site is optimized with the Yoast SEO plugin v27.4 - https:\/\/yoast.com\/product\/yoast-seo-wordpress\/ -->\n<title>Zrzeczenie si\u0119 - Healthcliner<\/title>\n<meta name=\"robots\" content=\"index, follow, max-snippet:-1, max-image-preview:large, max-video-preview:-1\" \/>\n<link rel=\"canonical\" href=\"https:\/\/healthcliner.com\/pl\/zrzeczenie-sie\/\" \/>\n<meta property=\"og:locale\" content=\"pl_PL\" \/>\n<meta property=\"og:type\" content=\"article\" \/>\n<meta property=\"og:title\" content=\"Zrzeczenie si\u0119 - Healthcliner\" \/>\n<meta property=\"og:description\" content=\"[et_pb_section fb_built=&#8221;1&#8243; _builder_version=&#8221;4.9.4&#8243; _module_preset=&#8221;default&#8221; custom_padding=&#8221;||0px||false|false&#8221; da_disable_devices=&#8221;off|off|off&#8221; da_is_popup=&#8221;off&#8221; da_exit_intent=&#8221;off&#8221; da_has_close=&#8221;on&#8221; da_alt_close=&#8221;off&#8221; da_dark_close=&#8221;off&#8221; da_not_modal=&#8221;on&#8221; da_is_singular=&#8221;off&#8221; da_with_loader=&#8221;off&#8221; da_has_shadow=&#8221;on&#8221;][et_pb_row _builder_version=&#8221;4.9.4&#8243; _module_preset=&#8221;default&#8221; custom_padding=&#8221;||0px||false|false&#8221;][et_pb_column type=&#8221;4_4&#8243; _builder_version=&#8221;4.9.4&#8243; _module_preset=&#8221;default&#8221;][et_pb_text _builder_version=&#8221;4.9.4&#8243; _module_preset=&#8221;default&#8221; text_font=&#8221;Roboto||||||||&#8221; text_text_color=&#8221;rgba(0,0,0,0.75)&#8221; text_font_size=&#8221;16px&#8221; link_font=&#8221;Roboto||||||||&#8221; link_text_color=&#8221;#68d800&#8243; link_font_size=&#8221;16px&#8221; custom_margin=&#8221;-2vw||||false|false&#8221;] Zrzeczenie si\u0119 Niniejsze wy\u0142\u0105czenie odpowiedzialno\u015bci (&#8222;Wy\u0142\u0105czenie odpowiedzialno\u015bci&#8221;) okre\u015bla og\u00f3lne wytyczne, informacje i warunki korzystania przez U\u017cytkownika z healthcliner.com stronie internetowej (&#8222;Witryna&#8221; lub &#8222;Us\u0142uga&#8221;) oraz wszelkich [&hellip;]\" \/>\n<meta property=\"og:url\" content=\"https:\/\/healthcliner.com\/pl\/zrzeczenie-sie\/\" \/>\n<meta property=\"og:site_name\" content=\"Healthcliner\" \/>\n<meta property=\"article:publisher\" content=\"https:\/\/business.facebook.com\/Healthcliner\" \/>\n<meta property=\"article:modified_time\" content=\"2021-08-10T16:53:49+00:00\" \/>\n<meta name=\"twitter:card\" content=\"summary_large_image\" \/>\n<meta name=\"twitter:site\" content=\"@healthcliner\" \/>\n<meta name=\"twitter:label1\" content=\"Szacowany czas czytania\" \/>\n\t<meta name=\"twitter:data1\" content=\"9 minut\" \/>\n<script type=\"application\/ld+json\" class=\"yoast-schema-graph\">{\"@context\":\"https:\\\/\\\/schema.org\",\"@graph\":[{\"@type\":\"WebPage\",\"@id\":\"https:\\\/\\\/healthcliner.com\\\/pl\\\/zrzeczenie-sie\\\/\",\"url\":\"https:\\\/\\\/healthcliner.com\\\/pl\\\/zrzeczenie-sie\\\/\",\"name\":\"Zrzeczenie si\u0119 - Healthcliner\",\"isPartOf\":{\"@id\":\"https:\\\/\\\/healthcliner.com\\\/pl\\\/#website\"},\"datePublished\":\"2021-08-10T16:53:44+00:00\",\"dateModified\":\"2021-08-10T16:53:49+00:00\",\"breadcrumb\":{\"@id\":\"https:\\\/\\\/healthcliner.com\\\/pl\\\/zrzeczenie-sie\\\/#breadcrumb\"},\"inLanguage\":\"pl-PL\",\"potentialAction\":[{\"@type\":\"ReadAction\",\"target\":[\"https:\\\/\\\/healthcliner.com\\\/pl\\\/zrzeczenie-sie\\\/\"]}]},{\"@type\":\"BreadcrumbList\",\"@id\":\"https:\\\/\\\/healthcliner.com\\\/pl\\\/zrzeczenie-sie\\\/#breadcrumb\",\"itemListElement\":[{\"@type\":\"ListItem\",\"position\":1,\"name\":\"Home\",\"item\":\"https:\\\/\\\/healthcliner.com\\\/pl\\\/\"},{\"@type\":\"ListItem\",\"position\":2,\"name\":\"Zrzeczenie si\u0119\"}]},{\"@type\":\"WebSite\",\"@id\":\"https:\\\/\\\/healthcliner.com\\\/pl\\\/#website\",\"url\":\"https:\\\/\\\/healthcliner.com\\\/pl\\\/\",\"name\":\"Healthcliner\",\"description\":\"Evidence-based Health Information\",\"publisher\":{\"@id\":\"https:\\\/\\\/healthcliner.com\\\/pl\\\/#organization\"},\"potentialAction\":[{\"@type\":\"SearchAction\",\"target\":{\"@type\":\"EntryPoint\",\"urlTemplate\":\"https:\\\/\\\/healthcliner.com\\\/pl\\\/?s={search_term_string}\"},\"query-input\":{\"@type\":\"PropertyValueSpecification\",\"valueRequired\":true,\"valueName\":\"search_term_string\"}}],\"inLanguage\":\"pl-PL\"},{\"@type\":\"Organization\",\"@id\":\"https:\\\/\\\/healthcliner.com\\\/pl\\\/#organization\",\"name\":\"Healthcliner\",\"url\":\"https:\\\/\\\/healthcliner.com\\\/pl\\\/\",\"logo\":{\"@type\":\"ImageObject\",\"inLanguage\":\"pl-PL\",\"@id\":\"https:\\\/\\\/healthcliner.com\\\/pl\\\/#\\\/schema\\\/logo\\\/image\\\/\",\"url\":\"https:\\\/\\\/healthcliner.com\\\/wp-content\\\/uploads\\\/2021\\\/09\\\/Small-size-transparent-image-for-web-1.png\",\"contentUrl\":\"https:\\\/\\\/healthcliner.com\\\/wp-content\\\/uploads\\\/2021\\\/09\\\/Small-size-transparent-image-for-web-1.png\",\"width\":500,\"height\":101,\"caption\":\"Healthcliner\"},\"image\":{\"@id\":\"https:\\\/\\\/healthcliner.com\\\/pl\\\/#\\\/schema\\\/logo\\\/image\\\/\"},\"sameAs\":[\"https:\\\/\\\/business.facebook.com\\\/Healthcliner\",\"https:\\\/\\\/x.com\\\/healthcliner\",\"https:\\\/\\\/www.instagram.com\\\/healthcliner\\\/\",\"https:\\\/\\\/www.pinterest.com\\\/Healthcliner\\\/\"]}]}<\/script>\n<!-- \/ Yoast SEO plugin. -->","yoast_head_json":{"title":"Zrzeczenie si\u0119 - Healthcliner","robots":{"index":"index","follow":"follow","max-snippet":"max-snippet:-1","max-image-preview":"max-image-preview:large","max-video-preview":"max-video-preview:-1"},"canonical":"https:\/\/healthcliner.com\/pl\/zrzeczenie-sie\/","og_locale":"pl_PL","og_type":"article","og_title":"Zrzeczenie si\u0119 - Healthcliner","og_description":"[et_pb_section fb_built=&#8221;1&#8243; _builder_version=&#8221;4.9.4&#8243; _module_preset=&#8221;default&#8221; custom_padding=&#8221;||0px||false|false&#8221; da_disable_devices=&#8221;off|off|off&#8221; da_is_popup=&#8221;off&#8221; da_exit_intent=&#8221;off&#8221; da_has_close=&#8221;on&#8221; da_alt_close=&#8221;off&#8221; da_dark_close=&#8221;off&#8221; da_not_modal=&#8221;on&#8221; da_is_singular=&#8221;off&#8221; da_with_loader=&#8221;off&#8221; da_has_shadow=&#8221;on&#8221;][et_pb_row _builder_version=&#8221;4.9.4&#8243; _module_preset=&#8221;default&#8221; custom_padding=&#8221;||0px||false|false&#8221;][et_pb_column type=&#8221;4_4&#8243; _builder_version=&#8221;4.9.4&#8243; _module_preset=&#8221;default&#8221;][et_pb_text _builder_version=&#8221;4.9.4&#8243; _module_preset=&#8221;default&#8221; text_font=&#8221;Roboto||||||||&#8221; text_text_color=&#8221;rgba(0,0,0,0.75)&#8221; text_font_size=&#8221;16px&#8221; link_font=&#8221;Roboto||||||||&#8221; link_text_color=&#8221;#68d800&#8243; link_font_size=&#8221;16px&#8221; custom_margin=&#8221;-2vw||||false|false&#8221;] Zrzeczenie si\u0119 Niniejsze wy\u0142\u0105czenie odpowiedzialno\u015bci (&#8222;Wy\u0142\u0105czenie odpowiedzialno\u015bci&#8221;) okre\u015bla og\u00f3lne wytyczne, informacje i warunki korzystania przez U\u017cytkownika z healthcliner.com stronie internetowej (&#8222;Witryna&#8221; lub &#8222;Us\u0142uga&#8221;) oraz wszelkich [&hellip;]","og_url":"https:\/\/healthcliner.com\/pl\/zrzeczenie-sie\/","og_site_name":"Healthcliner","article_publisher":"https:\/\/business.facebook.com\/Healthcliner","article_modified_time":"2021-08-10T16:53:49+00:00","twitter_card":"summary_large_image","twitter_site":"@healthcliner","twitter_misc":{"Szacowany czas czytania":"9 minut"},"schema":{"@context":"https:\/\/schema.org","@graph":[{"@type":"WebPage","@id":"https:\/\/healthcliner.com\/pl\/zrzeczenie-sie\/","url":"https:\/\/healthcliner.com\/pl\/zrzeczenie-sie\/","name":"Zrzeczenie si\u0119 - Healthcliner","isPartOf":{"@id":"https:\/\/healthcliner.com\/pl\/#website"},"datePublished":"2021-08-10T16:53:44+00:00","dateModified":"2021-08-10T16:53:49+00:00","breadcrumb":{"@id":"https:\/\/healthcliner.com\/pl\/zrzeczenie-sie\/#breadcrumb"},"inLanguage":"pl-PL","potentialAction":[{"@type":"ReadAction","target":["https:\/\/healthcliner.com\/pl\/zrzeczenie-sie\/"]}]},{"@type":"BreadcrumbList","@id":"https:\/\/healthcliner.com\/pl\/zrzeczenie-sie\/#breadcrumb","itemListElement":[{"@type":"ListItem","position":1,"name":"Home","item":"https:\/\/healthcliner.com\/pl\/"},{"@type":"ListItem","position":2,"name":"Zrzeczenie si\u0119"}]},{"@type":"WebSite","@id":"https:\/\/healthcliner.com\/pl\/#website","url":"https:\/\/healthcliner.com\/pl\/","name":"Healthcliner","description":"Evidence-based Health Information","publisher":{"@id":"https:\/\/healthcliner.com\/pl\/#organization"},"potentialAction":[{"@type":"SearchAction","target":{"@type":"EntryPoint","urlTemplate":"https:\/\/healthcliner.com\/pl\/?s={search_term_string}"},"query-input":{"@type":"PropertyValueSpecification","valueRequired":true,"valueName":"search_term_string"}}],"inLanguage":"pl-PL"},{"@type":"Organization","@id":"https:\/\/healthcliner.com\/pl\/#organization","name":"Healthcliner","url":"https:\/\/healthcliner.com\/pl\/","logo":{"@type":"ImageObject","inLanguage":"pl-PL","@id":"https:\/\/healthcliner.com\/pl\/#\/schema\/logo\/image\/","url":"https:\/\/healthcliner.com\/wp-content\/uploads\/2021\/09\/Small-size-transparent-image-for-web-1.png","contentUrl":"https:\/\/healthcliner.com\/wp-content\/uploads\/2021\/09\/Small-size-transparent-image-for-web-1.png","width":500,"height":101,"caption":"Healthcliner"},"image":{"@id":"https:\/\/healthcliner.com\/pl\/#\/schema\/logo\/image\/"},"sameAs":["https:\/\/business.facebook.com\/Healthcliner","https:\/\/x.com\/healthcliner","https:\/\/www.instagram.com\/healthcliner\/","https:\/\/www.pinterest.com\/Healthcliner\/"]}]}},"amp_enabled":true,"_links":{"self":[{"href":"https:\/\/healthcliner.com\/pl\/wp-json\/wp\/v2\/pages\/6668","targetHints":{"allow":["GET"]}}],"collection":[{"href":"https:\/\/healthcliner.com\/pl\/wp-json\/wp\/v2\/pages"}],"about":[{"href":"https:\/\/healthcliner.com\/pl\/wp-json\/wp\/v2\/types\/page"}],"author":[{"embeddable":true,"href":"https:\/\/healthcliner.com\/pl\/wp-json\/wp\/v2\/users\/1"}],"replies":[{"embeddable":true,"href":"https:\/\/healthcliner.com\/pl\/wp-json\/wp\/v2\/comments?post=6668"}],"version-history":[{"count":5,"href":"https:\/\/healthcliner.com\/pl\/wp-json\/wp\/v2\/pages\/6668\/revisions"}],"predecessor-version":[{"id":6673,"href":"https:\/\/healthcliner.com\/pl\/wp-json\/wp\/v2\/pages\/6668\/revisions\/6673"}],"wp:attachment":[{"href":"https:\/\/healthcliner.com\/pl\/wp-json\/wp\/v2\/media?parent=6668"}],"curies":[{"name":"wp","href":"https:\/\/api.w.org\/{rel}","templated":true}]}}