{"id":6684,"date":"2021-08-10T12:54:34","date_gmt":"2021-08-10T16:54:34","guid":{"rendered":"https:\/\/healthcliner.com\/disconoscimento\/"},"modified":"2021-08-10T12:54:36","modified_gmt":"2021-08-10T16:54:36","slug":"disconoscimento","status":"publish","type":"page","link":"https:\/\/healthcliner.com\/it\/disconoscimento\/","title":{"rendered":"Disconoscimento"},"content":{"rendered":"<p>[et_pb_section fb_built=&#8221;1&#8243; _builder_version=&#8221;4.9.4&#8243; _module_preset=&#8221;default&#8221; custom_padding=&#8221;||0px||false|false&#8221; da_disable_devices=&#8221;off|off|off&#8221; da_is_popup=&#8221;off&#8221; da_exit_intent=&#8221;off&#8221; da_has_close=&#8221;on&#8221; da_alt_close=&#8221;off&#8221; da_dark_close=&#8221;off&#8221; da_not_modal=&#8221;on&#8221; da_is_singular=&#8221;off&#8221; da_with_loader=&#8221;off&#8221; da_has_shadow=&#8221;on&#8221;][et_pb_row _builder_version=&#8221;4.9.4&#8243; _module_preset=&#8221;default&#8221; custom_padding=&#8221;||0px||false|false&#8221;][et_pb_column type=&#8221;4_4&#8243; _builder_version=&#8221;4.9.4&#8243; _module_preset=&#8221;default&#8221;][et_pb_text _builder_version=&#8221;4.9.4&#8243; _module_preset=&#8221;default&#8221; text_font=&#8221;Roboto||||||||&#8221; text_text_color=&#8221;rgba(0,0,0,0.75)&#8221; text_font_size=&#8221;16px&#8221; link_font=&#8221;Roboto||||||||&#8221; link_text_color=&#8221;#68d800&#8243; link_font_size=&#8221;16px&#8221; custom_margin=&#8221;-2vw||||false|false&#8221;]<\/p>\n<p><strong>Disconoscimento<\/strong><\/p>\n<p>La presente dichiarazione di non responsabilit\u00e0 (&#8220;Disclaimer&#8221;) stabilisce le linee guida generali, le divulgazioni e i termini dell&#8217;utilizzo del sito Web di healthcliner.com (&#8220;Sito Web&#8221; o &#8220;Servizio&#8221;) e di uno qualsiasi dei suoi prodotti e servizi correlati (collettivamente, &#8220;Servizi&#8221;). La presente Dichiarazione di non responsabilit\u00e0 \u00e8 un accordo legalmente vincolante tra l&#8217;utente (&#8220;Utente&#8221;, &#8220;utente&#8221; o &#8220;tuo&#8221;) e Healthcliner (&#8220;Healthcliner&#8221;, &#8220;noi&#8221;, &#8220;noi&#8221; o &#8220;nostro&#8221;). Accedendo e utilizzando il sito Web e i Servizi, l&#8217;utente riconosce di aver letto, compreso e accettato di essere vincolato dai termini della presente Dichiarazione di non responsabilit\u00e0. Se stai stipulando questa Dichiarazione di non responsabilit\u00e0 per conto di un&#8217;azienda o di un&#8217;altra persona giuridica, l&#8217;utente rappresenta di avere l&#8217;autorit\u00e0 di vincolare tale entit\u00e0 alla presente Dichiarazione di non responsabilit\u00e0, nel qual caso i termini &#8220;Utente&#8221;, &#8220;utente&#8221; o &#8220;tuo&#8221; si riferiscono a tale entit\u00e0. Se l&#8217;utente non ha tale autorit\u00e0 o se non \u00e8 d&#8217;accordo con i termini della presente Dichiarazione di non responsabilit\u00e0, non deve accettare la presente Dichiarazione di non responsabilit\u00e0 e non pu\u00f2 accedere e utilizzare il sito Web e i Servizi. L&#8217;utente riconosce che il presente Disclaimer \u00e8 un contratto tra l&#8217;utente e Healthcliner, anche se \u00e8 elettronico e non \u00e8 fisicamente firmato dall&#8217;utente e regola l&#8217;utilizzo del sito Web e dei Servizi.<\/p>\n<p><strong>Rappresentazione<\/strong><\/p>\n<p>Qualsiasi opinione o opinione rappresentata sul Sito web appartiene esclusivamente a Healthcliner, ai suoi creatori di contenuti e dipendenti e non rappresenta quelle di persone, istituzioni o organizzazioni a cui Healthcliner pu\u00f2 o non pu\u00f2 essere associato a titolo professionale o personale, a meno che non sia esplicitamente indicato. Qualsiasi opinione o opinione non ha lo scopo di diffamatore alcuna religione, gruppo etnico, club, organizzazione, societ\u00e0 o individuo.<\/p>\n<p><strong>Contenuto e post<\/strong><\/p>\n<p>L&#8217;utente non pu\u00f2 modificare, stampare o copiare alcuna parte del sito Web e dei Servizi. \u00c8 vietata l&#8217;inclusione di qualsiasi parte del sito web e dei servizi in un&#8217;altra opera, sia cartacea che elettronica o in un&#8217;altra forma o inclusione di qualsiasi parte del sito Web e dei Servizi su un&#8217;altra risorsa incorporando, inquadrando o in altro modo senza l&#8217;espressa autorizzazione di Healthcliner. Indennizzo e sponsorizzazione<\/p>\n<p>Il sito web e i servizi possono contenere forme di pubblicit\u00e0. Lo spazio pubblicitario sar\u00e0 sempre identificato come tale. Alcuni dei link sul sito Web potrebbero essere &#8220;link di affiliazione&#8221;. Ci\u00f2 significa che se fai clic sul link e acquisti un articolo, Healthcliner ricever\u00e0 una commissione di affiliazione. Inoltre, Healthcliner partecipa al programma Amazon Associates, un programma pubblicitario affiliato progettato per fornire un mezzo per guadagnare commissioni pubblicitarie e collegandosi alle propriet\u00e0 di Amazon. Disclaimer per fitness e medico<\/p>\n<p>Le informazioni disponibili sul sito web sono solo a scopo di informazione sanitaria generale e non sono destinate a sostituire la consulenza medica professionale, la diagnosi o il trattamento. Non dovresti fare affidamento esclusivamente sulle informazioni fornite sul sito Web per le tue esigenze di salute. Tutte le domande mediche specifiche devono essere presentate al proprio operatore sanitario e si dovrebbe chiedere consigli medici sulla propria salute e prima di iniziare qualsiasi nutrizione, perdita di peso o qualsiasi altro tipo di programma di allenamento.<\/p>\n<p>Se l&#8217;utente sceglie di utilizzare le informazioni disponibili sul sito Web senza previa consultazione e consenso del proprio medico, accetta di assumersi la piena responsabilit\u00e0 delle proprie decisioni e accetta di ritenere innocuo Healthcliner, i suoi agenti, dipendenti, appaltatori e qualsiasi societ\u00e0 affiliata da qualsiasi responsabilit\u00e0 in relazione a lesioni o malattie a te o alla tua propriet\u00e0 derivante o connessa con l&#8217;uso di queste informazioni.<\/p>\n<p>Ci possono essere rischi associati alla partecipazione ad attivit\u00e0 presentate sul sito Web per persone in buona o cattiva salute o con condizioni di salute fisica o mentale preesiste. Se scegli di partecipare a questi rischi, lo fai di tua spontanea volont\u00e0 e accordo, assumendo consapevolmente e volontariamente tutti i rischi associati a tali attivit\u00e0.<\/p>\n<p>I risultati ottenuti dalle informazioni disponibili sul Sito possono variare e si baseranno sul tuo background individuale, sulla salute fisica, sull&#8217;esperienza precedente, sulla capacit\u00e0, sulla capacit\u00e0 di agire, sulla motivazione e su altre variabili. Non ci sono garanzie sul livello di successo che potresti sperimentare. Non consulenza finanziaria<\/p>\n<p>Le informazioni sul sito Web sono fornite solo per comodit\u00e0 dell&#8217;utente e non sono destinate a essere trattate come consulenza finanziaria, di investimento, fiscale o di altro valore. Nulla di ci\u00f2 che \u00e8 contenuto nel sito Web costituisce una sollecitazione, una raccomandazione, un&#8217;approvazione o un&#8217;offerta da parte di Healthcliner, dei suoi agenti, dipendenti, appaltatori e di qualsiasi societ\u00e0 affiliata per acquistare o vendere titoli o altri strumenti finanziari.<\/p>\n<p>Tutti i contenuti di questo sito sono informazioni di carattere generale e non affrontano le circostanze di un particolare individuo o entit\u00e0. Nulla sul Sito costituisce consulenza professionale e\/o finanziaria, n\u00e9 alcuna informazione sul Sito costituisce una dichiarazione completa o completa delle questioni discusse o della relativa legge. L&#8217;utente si assume da solo la responsabilit\u00e0 esclusiva di valutare i meriti e i rischi associati all&#8217;uso di qualsiasi informazione o altro contenuto sul sito Web prima di prendere qualsiasi decisione basata su tali informazioni. L&#8217;utente accetta di non ritenere Healthcliner, i suoi agenti, dipendenti, appaltatori e qualsiasi societ\u00e0 affiliata responsabile per qualsiasi eventuale richiesta di risarcimento danni derivante da qualsiasi decisione presa in base alle informazioni rese disponibili tramite il sito Web.Recensioni e testimonianze<\/p>\n<p>Le testimonianze sono ricevute in varie forme attraverso una variet\u00e0 di metodi di invio. Sono esperienze individuali, che riflettono le esperienze di coloro che hanno utilizzato il sito Web e i Servizi in un modo o nell&#8217;altro. Tuttavia, si tratta di risultati individuali e i risultati variano. Non riteniamo che si tratta di risultati tipici che i consumatori generalmente raggiungeranno. Le testimonianze non sono necessariamente rappresentative di tutti coloro che utilizzeranno il sito web e i servizi e Healthcliner non \u00e8 responsabile delle opinioni o dei commenti disponibili sul sito Web e non le condivide necessariamente. Tutte le opinioni espresse sono rigorosamente opinioni dei revisori.<\/p>\n<p>Le testimonianze visualizzate sono fornite alla lettera ad eccezione delle correzioni grammaticali o di errore di battitura. Alcune testimonianze potrebbero essere state modificate per chiarezza o abbreviate nei casi in cui la testimonianza originale includeva informazioni estranee di nessuna rilevanza per il grande pubblico. Le testimonianze possono essere riviste per l&#8217;autenticit\u00e0 prima che siano disponibili per la visualizzazione pubblica. Indennizzo e garanzie<\/p>\n<p>L&#8217;accuratezza, l&#8217;affidabilit\u00e0 e la completezza delle informazioni e dei contenuti, distribuiti attraverso, collegati, scaricati o accessibili dal Sito web e dai Servizi sono garantiti da Healthcliner. Tuttavia, tutte le informazioni sul Sito web sono fornite &#8220;cos\u00ec come sono&#8221;, senza alcuna garanzia dei risultati ottenuti dall&#8217;uso di queste informazioni, e senza garanzia di alcun tipo, espressa o implicita. In nessun caso Healthcliner, o i suoi partner, dipendenti o agenti, saranno responsabili nei confronti dell&#8217;utente o di chiunque altro per qualsiasi decisione presa o azione intrapresa in base alle informazioni sul Sito Web, o per eventuali danni consequenziali, speciali o simili, anche se informati della possibilit\u00e0 di tali danni.<\/p>\n<p>Inoltre, come per qualsiasi azienda, i tuoi risultati possono variare e si baseranno sulla tua capacit\u00e0 individuale, esperienza, competenza e livello di desiderio. Non ci sono garanzie sul livello di successo che potresti sperimentare. Non vi \u00e8 alcuna garanzia che si far\u00e0 alcun reddito e si accetta il rischio che i guadagni e i rendiconti di reddito differiscano per individuo. Il successo di ogni individuo dipende dal suo background, dedizione, desiderio e motivazione. L&#8217;utilizzo delle informazioni sul sito Web e sui Servizi dovrebbe basarsi sulla propria due diligence e l&#8217;utente accetta che Healthcliner non sia responsabile per qualsiasi successo o fallimento della tua attivit\u00e0 che sia direttamente o indirettamente correlato all&#8217;acquisto e all&#8217;uso delle nostre informazioni, prodotti e servizi esaminati o pubblicizzati sul sito Web. Le informazioni contenute nel sito web sono soggette a modifiche in qualsiasi momento e senza preavviso.<\/p>\n<p><strong>Modifiche e modifiche<\/strong><\/p>\n<p>Ci riserviamo il diritto di modificare la presente Dichiarazione di Non responsabilit\u00e0 o i suoi termini relativi al Sito Web e ai Servizi in qualsiasi momento, a effetto al momento della pubblicazione di una versione aggiornata della presente Dichiarazione di non responsabilit\u00e0 sul Sito Web. Quando lo faremo, rivedremo la data aggiornata in fondo a questa pagina. L&#8217;uso continuato del sito web e dei servizi dopo tali modifiche costituir\u00e0 il consenso dell&#8217;utente a tali modifiche.<\/p>\n<p><strong>Accettazione di questo disclaimer<\/strong><\/p>\n<p>L&#8217;utente riconosce di aver letto il presente Disclaimer e di accettare tutti i suoi termini e condizioni. Accedendo e utilizzando il sito Web e i Servizi accetti di essere vincolato da questo Disclaimer. Se l&#8217;utente non accetta di rispettare i termini della presente Dichiarazione di non responsabilit\u00e0, non \u00e8 autorizzato ad accedere o utilizzare il sito Web e i Servizi.<\/p>\n<p><strong>Contattarci<\/strong><\/p>\n<p>Se desideri contattarci per saperne di pi\u00f9 su questo Disclaimer o desideri contattarci in merito a qualsiasi questione ad esso relativa, puoi farlo tramite il modulo di contatto, inviare un&#8217;e-mail a contact@healthcliner.com o scrivere una lettera a 441 Fairview Avenue, Bridgeport, CT 06606, USA.<\/p>\n<p><strong>Questo documento \u00e8 stato aggiornato l&#8217;ultima volta il 3 giugno 2021<\/strong><\/p>\n<p><strong><a href=\"https:\/\/www.websitepolicies.com\/policies\/view\/CLkRTeuB\" target=\"_blank\" rel=\"noopener\">https:\/\/www.websitepolicies.com\/policies\/view\/CLkRTeuB<\/a><\/strong><\/p>\n<p>[\/et_pb_text][\/et_pb_column][\/et_pb_row][\/et_pb_section]<\/p>\n","protected":false},"excerpt":{"rendered":"<p>[et_pb_section fb_built=&#8221;1&#8243; _builder_version=&#8221;4.9.4&#8243; _module_preset=&#8221;default&#8221; custom_padding=&#8221;||0px||false|false&#8221; da_disable_devices=&#8221;off|off|off&#8221; da_is_popup=&#8221;off&#8221; da_exit_intent=&#8221;off&#8221; da_has_close=&#8221;on&#8221; da_alt_close=&#8221;off&#8221; da_dark_close=&#8221;off&#8221; da_not_modal=&#8221;on&#8221; da_is_singular=&#8221;off&#8221; da_with_loader=&#8221;off&#8221; da_has_shadow=&#8221;on&#8221;][et_pb_row _builder_version=&#8221;4.9.4&#8243; _module_preset=&#8221;default&#8221; custom_padding=&#8221;||0px||false|false&#8221;][et_pb_column type=&#8221;4_4&#8243; _builder_version=&#8221;4.9.4&#8243; _module_preset=&#8221;default&#8221;][et_pb_text _builder_version=&#8221;4.9.4&#8243; _module_preset=&#8221;default&#8221; text_font=&#8221;Roboto||||||||&#8221; text_text_color=&#8221;rgba(0,0,0,0.75)&#8221; text_font_size=&#8221;16px&#8221; link_font=&#8221;Roboto||||||||&#8221; link_text_color=&#8221;#68d800&#8243; link_font_size=&#8221;16px&#8221; custom_margin=&#8221;-2vw||||false|false&#8221;] Disconoscimento La presente dichiarazione di non responsabilit\u00e0 (&#8220;Disclaimer&#8221;) stabilisce le linee guida generali, le divulgazioni e i termini dell&#8217;utilizzo del sito Web di healthcliner.com (&#8220;Sito [&hellip;]<\/p>\n","protected":false},"author":1,"featured_media":0,"parent":0,"menu_order":0,"comment_status":"closed","ping_status":"closed","template":"","meta":{"_crdt_document":"","tdm_status":"","tdm_grid_status":"","footnotes":""},"class_list":["post-6684","page","type-page","status-publish"],"yoast_head":"<!-- This site is optimized with the Yoast SEO plugin v27.3 - https:\/\/yoast.com\/product\/yoast-seo-wordpress\/ -->\n<title>Disconoscimento - Healthcliner<\/title>\n<meta name=\"robots\" content=\"index, follow, max-snippet:-1, max-image-preview:large, max-video-preview:-1\" \/>\n<link rel=\"canonical\" href=\"https:\/\/healthcliner.com\/it\/disconoscimento\/\" \/>\n<meta property=\"og:locale\" content=\"it_IT\" \/>\n<meta property=\"og:type\" content=\"article\" \/>\n<meta property=\"og:title\" content=\"Disconoscimento - Healthcliner\" \/>\n<meta property=\"og:description\" content=\"[et_pb_section fb_built=&#8221;1&#8243; _builder_version=&#8221;4.9.4&#8243; _module_preset=&#8221;default&#8221; custom_padding=&#8221;||0px||false|false&#8221; da_disable_devices=&#8221;off|off|off&#8221; da_is_popup=&#8221;off&#8221; da_exit_intent=&#8221;off&#8221; da_has_close=&#8221;on&#8221; da_alt_close=&#8221;off&#8221; da_dark_close=&#8221;off&#8221; da_not_modal=&#8221;on&#8221; da_is_singular=&#8221;off&#8221; da_with_loader=&#8221;off&#8221; da_has_shadow=&#8221;on&#8221;][et_pb_row _builder_version=&#8221;4.9.4&#8243; _module_preset=&#8221;default&#8221; custom_padding=&#8221;||0px||false|false&#8221;][et_pb_column type=&#8221;4_4&#8243; _builder_version=&#8221;4.9.4&#8243; _module_preset=&#8221;default&#8221;][et_pb_text _builder_version=&#8221;4.9.4&#8243; _module_preset=&#8221;default&#8221; text_font=&#8221;Roboto||||||||&#8221; text_text_color=&#8221;rgba(0,0,0,0.75)&#8221; text_font_size=&#8221;16px&#8221; link_font=&#8221;Roboto||||||||&#8221; link_text_color=&#8221;#68d800&#8243; link_font_size=&#8221;16px&#8221; custom_margin=&#8221;-2vw||||false|false&#8221;] Disconoscimento La presente dichiarazione di non responsabilit\u00e0 (&#8220;Disclaimer&#8221;) stabilisce le linee guida generali, le divulgazioni e i termini dell&#8217;utilizzo del sito Web di healthcliner.com (&#8220;Sito [&hellip;]\" \/>\n<meta property=\"og:url\" content=\"https:\/\/healthcliner.com\/it\/disconoscimento\/\" \/>\n<meta property=\"og:site_name\" content=\"Healthcliner\" \/>\n<meta property=\"article:publisher\" content=\"https:\/\/business.facebook.com\/Healthcliner\" \/>\n<meta property=\"article:modified_time\" content=\"2021-08-10T16:54:36+00:00\" \/>\n<meta name=\"twitter:card\" content=\"summary_large_image\" \/>\n<meta name=\"twitter:site\" content=\"@healthcliner\" \/>\n<meta name=\"twitter:label1\" content=\"Tempo di lettura stimato\" \/>\n\t<meta name=\"twitter:data1\" content=\"8 minuti\" \/>\n<script type=\"application\/ld+json\" class=\"yoast-schema-graph\">{\"@context\":\"https:\\\/\\\/schema.org\",\"@graph\":[{\"@type\":\"WebPage\",\"@id\":\"https:\\\/\\\/healthcliner.com\\\/it\\\/disconoscimento\\\/\",\"url\":\"https:\\\/\\\/healthcliner.com\\\/it\\\/disconoscimento\\\/\",\"name\":\"Disconoscimento - Healthcliner\",\"isPartOf\":{\"@id\":\"https:\\\/\\\/healthcliner.com\\\/it\\\/#website\"},\"datePublished\":\"2021-08-10T16:54:34+00:00\",\"dateModified\":\"2021-08-10T16:54:36+00:00\",\"breadcrumb\":{\"@id\":\"https:\\\/\\\/healthcliner.com\\\/it\\\/disconoscimento\\\/#breadcrumb\"},\"inLanguage\":\"it-IT\",\"potentialAction\":[{\"@type\":\"ReadAction\",\"target\":[\"https:\\\/\\\/healthcliner.com\\\/it\\\/disconoscimento\\\/\"]}]},{\"@type\":\"BreadcrumbList\",\"@id\":\"https:\\\/\\\/healthcliner.com\\\/it\\\/disconoscimento\\\/#breadcrumb\",\"itemListElement\":[{\"@type\":\"ListItem\",\"position\":1,\"name\":\"Home\",\"item\":\"https:\\\/\\\/healthcliner.com\\\/it\\\/\"},{\"@type\":\"ListItem\",\"position\":2,\"name\":\"Disconoscimento\"}]},{\"@type\":\"WebSite\",\"@id\":\"https:\\\/\\\/healthcliner.com\\\/it\\\/#website\",\"url\":\"https:\\\/\\\/healthcliner.com\\\/it\\\/\",\"name\":\"Healthcliner\",\"description\":\"Evidence-based Health Information\",\"publisher\":{\"@id\":\"https:\\\/\\\/healthcliner.com\\\/it\\\/#organization\"},\"potentialAction\":[{\"@type\":\"SearchAction\",\"target\":{\"@type\":\"EntryPoint\",\"urlTemplate\":\"https:\\\/\\\/healthcliner.com\\\/it\\\/?s={search_term_string}\"},\"query-input\":{\"@type\":\"PropertyValueSpecification\",\"valueRequired\":true,\"valueName\":\"search_term_string\"}}],\"inLanguage\":\"it-IT\"},{\"@type\":\"Organization\",\"@id\":\"https:\\\/\\\/healthcliner.com\\\/it\\\/#organization\",\"name\":\"Healthcliner\",\"url\":\"https:\\\/\\\/healthcliner.com\\\/it\\\/\",\"logo\":{\"@type\":\"ImageObject\",\"inLanguage\":\"it-IT\",\"@id\":\"https:\\\/\\\/healthcliner.com\\\/it\\\/#\\\/schema\\\/logo\\\/image\\\/\",\"url\":\"https:\\\/\\\/healthcliner.com\\\/wp-content\\\/uploads\\\/2021\\\/09\\\/Small-size-transparent-image-for-web-1.png\",\"contentUrl\":\"https:\\\/\\\/healthcliner.com\\\/wp-content\\\/uploads\\\/2021\\\/09\\\/Small-size-transparent-image-for-web-1.png\",\"width\":500,\"height\":101,\"caption\":\"Healthcliner\"},\"image\":{\"@id\":\"https:\\\/\\\/healthcliner.com\\\/it\\\/#\\\/schema\\\/logo\\\/image\\\/\"},\"sameAs\":[\"https:\\\/\\\/business.facebook.com\\\/Healthcliner\",\"https:\\\/\\\/x.com\\\/healthcliner\",\"https:\\\/\\\/www.instagram.com\\\/healthcliner\\\/\",\"https:\\\/\\\/www.pinterest.com\\\/Healthcliner\\\/\"]}]}<\/script>\n<!-- \/ Yoast SEO plugin. -->","yoast_head_json":{"title":"Disconoscimento - Healthcliner","robots":{"index":"index","follow":"follow","max-snippet":"max-snippet:-1","max-image-preview":"max-image-preview:large","max-video-preview":"max-video-preview:-1"},"canonical":"https:\/\/healthcliner.com\/it\/disconoscimento\/","og_locale":"it_IT","og_type":"article","og_title":"Disconoscimento - Healthcliner","og_description":"[et_pb_section fb_built=&#8221;1&#8243; _builder_version=&#8221;4.9.4&#8243; _module_preset=&#8221;default&#8221; custom_padding=&#8221;||0px||false|false&#8221; da_disable_devices=&#8221;off|off|off&#8221; da_is_popup=&#8221;off&#8221; da_exit_intent=&#8221;off&#8221; da_has_close=&#8221;on&#8221; da_alt_close=&#8221;off&#8221; da_dark_close=&#8221;off&#8221; da_not_modal=&#8221;on&#8221; da_is_singular=&#8221;off&#8221; da_with_loader=&#8221;off&#8221; da_has_shadow=&#8221;on&#8221;][et_pb_row _builder_version=&#8221;4.9.4&#8243; _module_preset=&#8221;default&#8221; custom_padding=&#8221;||0px||false|false&#8221;][et_pb_column type=&#8221;4_4&#8243; _builder_version=&#8221;4.9.4&#8243; _module_preset=&#8221;default&#8221;][et_pb_text _builder_version=&#8221;4.9.4&#8243; _module_preset=&#8221;default&#8221; text_font=&#8221;Roboto||||||||&#8221; text_text_color=&#8221;rgba(0,0,0,0.75)&#8221; text_font_size=&#8221;16px&#8221; link_font=&#8221;Roboto||||||||&#8221; link_text_color=&#8221;#68d800&#8243; link_font_size=&#8221;16px&#8221; custom_margin=&#8221;-2vw||||false|false&#8221;] Disconoscimento La presente dichiarazione di non responsabilit\u00e0 (&#8220;Disclaimer&#8221;) stabilisce le linee guida generali, le divulgazioni e i termini dell&#8217;utilizzo del sito Web di healthcliner.com (&#8220;Sito [&hellip;]","og_url":"https:\/\/healthcliner.com\/it\/disconoscimento\/","og_site_name":"Healthcliner","article_publisher":"https:\/\/business.facebook.com\/Healthcliner","article_modified_time":"2021-08-10T16:54:36+00:00","twitter_card":"summary_large_image","twitter_site":"@healthcliner","twitter_misc":{"Tempo di lettura stimato":"8 minuti"},"schema":{"@context":"https:\/\/schema.org","@graph":[{"@type":"WebPage","@id":"https:\/\/healthcliner.com\/it\/disconoscimento\/","url":"https:\/\/healthcliner.com\/it\/disconoscimento\/","name":"Disconoscimento - Healthcliner","isPartOf":{"@id":"https:\/\/healthcliner.com\/it\/#website"},"datePublished":"2021-08-10T16:54:34+00:00","dateModified":"2021-08-10T16:54:36+00:00","breadcrumb":{"@id":"https:\/\/healthcliner.com\/it\/disconoscimento\/#breadcrumb"},"inLanguage":"it-IT","potentialAction":[{"@type":"ReadAction","target":["https:\/\/healthcliner.com\/it\/disconoscimento\/"]}]},{"@type":"BreadcrumbList","@id":"https:\/\/healthcliner.com\/it\/disconoscimento\/#breadcrumb","itemListElement":[{"@type":"ListItem","position":1,"name":"Home","item":"https:\/\/healthcliner.com\/it\/"},{"@type":"ListItem","position":2,"name":"Disconoscimento"}]},{"@type":"WebSite","@id":"https:\/\/healthcliner.com\/it\/#website","url":"https:\/\/healthcliner.com\/it\/","name":"Healthcliner","description":"Evidence-based Health Information","publisher":{"@id":"https:\/\/healthcliner.com\/it\/#organization"},"potentialAction":[{"@type":"SearchAction","target":{"@type":"EntryPoint","urlTemplate":"https:\/\/healthcliner.com\/it\/?s={search_term_string}"},"query-input":{"@type":"PropertyValueSpecification","valueRequired":true,"valueName":"search_term_string"}}],"inLanguage":"it-IT"},{"@type":"Organization","@id":"https:\/\/healthcliner.com\/it\/#organization","name":"Healthcliner","url":"https:\/\/healthcliner.com\/it\/","logo":{"@type":"ImageObject","inLanguage":"it-IT","@id":"https:\/\/healthcliner.com\/it\/#\/schema\/logo\/image\/","url":"https:\/\/healthcliner.com\/wp-content\/uploads\/2021\/09\/Small-size-transparent-image-for-web-1.png","contentUrl":"https:\/\/healthcliner.com\/wp-content\/uploads\/2021\/09\/Small-size-transparent-image-for-web-1.png","width":500,"height":101,"caption":"Healthcliner"},"image":{"@id":"https:\/\/healthcliner.com\/it\/#\/schema\/logo\/image\/"},"sameAs":["https:\/\/business.facebook.com\/Healthcliner","https:\/\/x.com\/healthcliner","https:\/\/www.instagram.com\/healthcliner\/","https:\/\/www.pinterest.com\/Healthcliner\/"]}]}},"amp_enabled":true,"_links":{"self":[{"href":"https:\/\/healthcliner.com\/it\/wp-json\/wp\/v2\/pages\/6684","targetHints":{"allow":["GET"]}}],"collection":[{"href":"https:\/\/healthcliner.com\/it\/wp-json\/wp\/v2\/pages"}],"about":[{"href":"https:\/\/healthcliner.com\/it\/wp-json\/wp\/v2\/types\/page"}],"author":[{"embeddable":true,"href":"https:\/\/healthcliner.com\/it\/wp-json\/wp\/v2\/users\/1"}],"replies":[{"embeddable":true,"href":"https:\/\/healthcliner.com\/it\/wp-json\/wp\/v2\/comments?post=6684"}],"version-history":[{"count":2,"href":"https:\/\/healthcliner.com\/it\/wp-json\/wp\/v2\/pages\/6684\/revisions"}],"predecessor-version":[{"id":6686,"href":"https:\/\/healthcliner.com\/it\/wp-json\/wp\/v2\/pages\/6684\/revisions\/6686"}],"wp:attachment":[{"href":"https:\/\/healthcliner.com\/it\/wp-json\/wp\/v2\/media?parent=6684"}],"curies":[{"name":"wp","href":"https:\/\/api.w.org\/{rel}","templated":true}]}}