{"id":6690,"date":"2021-08-10T12:56:12","date_gmt":"2021-08-10T16:56:12","guid":{"rendered":"https:\/\/healthcliner.com\/dementi\/"},"modified":"2021-08-10T12:56:45","modified_gmt":"2021-08-10T16:56:45","slug":"dementi","status":"publish","type":"page","link":"https:\/\/healthcliner.com\/fr\/dementi\/","title":{"rendered":"D\u00e9menti"},"content":{"rendered":"<p>[et_pb_section fb_built=\u00a0\u00bb1&Prime; _builder_version=\u00a0\u00bb4.9.4&Prime; _module_preset=\u00a0\u00bbdefault\u00a0\u00bb custom_padding=\u00a0\u00bb||0px||false|false\u00a0\u00bb da_disable_devices=\u00a0\u00bboff|off|off\u00a0\u00bb da_is_popup=\u00a0\u00bboff\u00a0\u00bb da_exit_intent=\u00a0\u00bboff\u00a0\u00bb da_has_close=\u00a0\u00bbon\u00a0\u00bb da_alt_close=\u00a0\u00bboff\u00a0\u00bb da_dark_close=\u00a0\u00bboff\u00a0\u00bb da_not_modal=\u00a0\u00bbon\u00a0\u00bb da_is_singular=\u00a0\u00bboff\u00a0\u00bb da_with_loader=\u00a0\u00bboff\u00a0\u00bb da_has_shadow=\u00a0\u00bbon\u00a0\u00bb][et_pb_row _builder_version=\u00a0\u00bb4.9.4&Prime; _module_preset=\u00a0\u00bbdefault\u00a0\u00bb custom_padding=\u00a0\u00bb||0px||false|false\u00a0\u00bb][et_pb_column type=\u00a0\u00bb4_4&Prime; _builder_version=\u00a0\u00bb4.9.4&Prime; _module_preset=\u00a0\u00bbdefault\u00a0\u00bb][et_pb_text _builder_version=\u00a0\u00bb4.9.4&Prime; _module_preset=\u00a0\u00bbdefault\u00a0\u00bb text_font=\u00a0\u00bbRoboto||||||||\u00a0\u00bb text_text_color=\u00a0\u00bbrgba(0,0,0,0.75)\u00a0\u00bb text_font_size=\u00a0\u00bb16px\u00a0\u00bb link_font=\u00a0\u00bbRoboto||||||||\u00a0\u00bb link_text_color=\u00a0\u00bb#68d800&Prime; link_font_size=\u00a0\u00bb16px\u00a0\u00bb custom_margin=\u00a0\u00bb-2vw||||false|false\u00a0\u00bb]<\/p>\n<p><strong>D\u00e9menti<\/strong><\/p>\n<p>Cette clause de non-responsabilit\u00e9 (\u00abClause de non-responsabilit\u00e9\u00bb) \u00e9nonce les directives g\u00e9n\u00e9rales, les divulgations et les conditions de votre utilisation du site Web healthcliner.com (\u00abSite Web\u00bb ou \u00abService\u00bb) et de l\u2019un de ses produits et services connexes (collectivement, les \u00abServices\u00bb). Cette clause de non-responsabilit\u00e9 est un accord juridiquement contraignant entre vous (\u00abUtilisateur\u00bb, \u00abvous\u00bb ou \u00abvotre\u00bb) et Healthcliner (\u00abHealthcliner\u00bb, \u00abnous\u00bb, \u00abnotre\u00bb ou \u00abnos\u00bb). En acc\u00e9dant et en utilisant le site Web et les services, vous reconnaissez avoir lu, compris et accept\u00e9 d\u2019\u00eatre li\u00e9 par les termes de cette clause de non-responsabilit\u00e9. Si vous concluez cette clause de non-responsabilit\u00e9 au nom d\u2019une entreprise ou d\u2019une autre entit\u00e9 juridique, vous d\u00e9clarez que vous avez le pouvoir de lier cette entit\u00e9 \u00e0 cette clause de non-responsabilit\u00e9, auquel cas les termes \u00abUtilisateur\u00bb, \u00abvous\u00bb ou \u00abvotre\u00bb font r\u00e9f\u00e9rence \u00e0 cette entit\u00e9. Si vous n\u2019avez pas cette autorit\u00e9, ou si vous n\u2019\u00eates pas d\u2019accord avec les termes de cette clause de non-responsabilit\u00e9, vous ne devez pas accepter cette clause de non-responsabilit\u00e9 et ne pouvez pas acc\u00e9der et utiliser le site Web et les services. Vous reconnaissez que cette clause de non-responsabilit\u00e9 est un contrat entre vous et Healthcliner, m\u00eame s\u2019il est \u00e9lectronique et n\u2019est pas sign\u00e9 physiquement par vous, et qu\u2019il r\u00e9git votre utilisation du site Web et des services.<\/p>\n<p><strong>Repr\u00e9sentation<\/strong><\/p>\n<p>Tous les points de vue ou opinions repr\u00e9sent\u00e9s sur le site Web appartiennent uniquement \u00e0 Healthcliner, \u00e0 ses cr\u00e9ateurs de contenu et \u00e0 ses employ\u00e9s, et ne repr\u00e9sentent pas ceux de personnes, d\u2019institutions ou d\u2019organisations auxquelles Healthcliner peut ou non \u00eatre associ\u00e9 \u00e0 titre professionnel ou personnel, sauf indication explicite. Les points de vue ou opinions ne sont pas destin\u00e9s \u00e0 diffamer une religion, un groupe ethnique, un club, une organisation, une entreprise ou un individu.<\/p>\n<p><strong>Contenu et publications<\/strong><\/p>\n<p>Vous ne pouvez pas modifier, imprimer ou copier toute partie du site Web et des services. L\u2019inclusion de toute partie du site Web et des services dans une autre \u0153uvre, que ce soit sous forme imprim\u00e9e ou \u00e9lectronique ou sous une autre forme ou l\u2019inclusion de toute partie du site Web et des services sur une autre ressource par l\u2019int\u00e9gration, le cadrage ou autrement sans l\u2019autorisation expresse de Healthcliner est interdite. Indemnisation et parrainage<\/p>\n<p>Le site Web et les services peuvent contenir des formes de publicit\u00e9. L\u2019espace publicitaire sera toujours identifi\u00e9 comme tel. Certains des liens sur le site Web peuvent \u00eatre des \u00abliens d\u2019affiliation\u00bb. Cela signifie que si vous cliquez sur le lien et achetez un article, Healthcliner recevra une commission d\u2019affiliation. En outre, Healthcliner participe au programme Amazon Associates, un programme de publicit\u00e9 d\u2019affiliation con\u00e7u pour fournir un moyen de gagner des frais de publicit\u00e9 en faisant de la publicit\u00e9 et en cr\u00e9ant des liens vers les propri\u00e9t\u00e9s Amazon. Condition physique et avis de non-responsabilit\u00e9 m\u00e9dicale<\/p>\n<p>Les informations disponibles sur le site Web sont destin\u00e9es uniquement \u00e0 des informations g\u00e9n\u00e9rales sur la sant\u00e9 et ne sont pas destin\u00e9es \u00e0 remplacer les conseils m\u00e9dicaux professionnels, le diagnostic ou le traitement. Vous ne devez pas vous fier exclusivement aux informations fournies sur le site Web pour vos besoins de sant\u00e9. Toutes les questions m\u00e9dicales sp\u00e9cifiques doivent \u00eatre pr\u00e9sent\u00e9es \u00e0 votre propre fournisseur de soins de sant\u00e9 et vous devriez consulter un m\u00e9decin concernant votre sant\u00e9 et avant de commencer toute nutrition, perte de poids ou tout autre type de programme d\u2019entra\u00eenement.<\/p>\n<p>Si vous choisissez d\u2019utiliser les informations disponibles sur le site Web sans consultation pr\u00e9alable et consentement de votre m\u00e9decin, vous acceptez d\u2019accepter l\u2019enti\u00e8re responsabilit\u00e9 de vos d\u00e9cisions et acceptez de d\u00e9gager Healthcliner, ses agents, employ\u00e9s, entrepreneurs et toute soci\u00e9t\u00e9 affili\u00e9e de toute responsabilit\u00e9 en ce qui concerne les blessures ou la maladie \u00e0 vous ou \u00e0 vos biens d\u00e9coulant de ou li\u00e9es \u00e0 votre utilisation de ces informations.<\/p>\n<p>Il peut y avoir des risques associ\u00e9s \u00e0 la participation \u00e0 des activit\u00e9s pr\u00e9sent\u00e9es sur le site Web pour les personnes en bonne ou mauvaise sant\u00e9 ou ayant des probl\u00e8mes de sant\u00e9 physique ou mentale pr\u00e9existants. Si vous choisissez de participer \u00e0 ces risques, vous le faites de votre plein gr\u00e9 et de votre plein accord, en assumant sciemment et volontairement tous les risques associ\u00e9s \u00e0 de telles activit\u00e9s.<\/p>\n<p>Les r\u00e9sultats obtenus \u00e0 partir des informations disponibles sur le site Web peuvent varier et seront bas\u00e9s sur vos ant\u00e9c\u00e9dents individuels, votre sant\u00e9 physique, votre exp\u00e9rience ant\u00e9rieure, votre capacit\u00e9, votre capacit\u00e9 \u00e0 agir, votre motivation et d\u2019autres variables. Il n\u2019y a aucune garantie concernant le niveau de succ\u00e8s que vous pouvez rencontrer. Pas de conseils financiers<\/p>\n<p>Les informations sur le site Web sont fournies pour votre commodit\u00e9 uniquement et ne sont pas destin\u00e9es \u00e0 \u00eatre trait\u00e9es comme des conseils financiers, d\u2019investissement, fiscaux ou autres. Rien dans le site Web ne constitue une sollicitation, une recommandation, un endossement ou une offre de Healthcliner, de ses agents, employ\u00e9s, entrepreneurs et de toute soci\u00e9t\u00e9 affili\u00e9e d\u2019acheter ou de vendre des titres ou d\u2019autres instruments financiers.<\/p>\n<p>Tout le contenu de ce site est une information de nature g\u00e9n\u00e9rale et ne traite pas de la situation d\u2019une personne ou d\u2019une entit\u00e9 en particulier. Rien sur le site Web ne constitue un conseil professionnel et \/ ou financier, et aucune information sur le site Web ne constitue un \u00e9nonc\u00e9 complet ou complet des questions discut\u00e9es ou de la loi s\u2019y rapportant. Vous assumez seul la responsabilit\u00e9 d\u2019\u00e9valuer les m\u00e9rites et les risques associ\u00e9s \u00e0 l\u2019utilisation de toute information ou autre contenu sur le site Web avant de prendre toute d\u00e9cision bas\u00e9e sur ces informations. Vous acceptez de ne pas tenir Healthcliner, ses agents, employ\u00e9s, entrepreneurs et soci\u00e9t\u00e9s affili\u00e9es responsables de toute r\u00e9clamation \u00e9ventuelle pour dommages d\u00e9coulant de toute d\u00e9cision que vous prenez sur la base des informations mises \u00e0 votre disposition via le site Web.Reviews et t\u00e9moignages<\/p>\n<p>Les t\u00e9moignages sont re\u00e7us sous diverses formes par le biais de diverses m\u00e9thodes de soumission. Ce sont des exp\u00e9riences individuelles, refl\u00e9tant les exp\u00e9riences de ceux qui ont utilis\u00e9 le site Web et les services d\u2019une mani\u00e8re ou d\u2019une autre. Cependant, ce sont des r\u00e9sultats individuels et les r\u00e9sultats varient. Nous ne pr\u00e9tendons pas qu\u2019il s\u2019agit de r\u00e9sultats typiques que les consommateurs obtiendront g\u00e9n\u00e9ralement. Les t\u00e9moignages ne sont pas n\u00e9cessairement repr\u00e9sentatifs de tous ceux qui utiliseront le site Web et les services, et Healthcliner n\u2019est pas responsable des opinions ou des commentaires disponibles sur le site Web, et ne les partage pas n\u00e9cessairement. Toutes les opinions exprim\u00e9es sont strictement celles des examinateurs.<\/p>\n<p>Les t\u00e9moignages affich\u00e9s sont donn\u00e9s textuellement sauf pour les corrections d\u2019erreurs grammaticales ou de frappe. Certains t\u00e9moignages peuvent avoir \u00e9t\u00e9 modifi\u00e9s pour plus de clart\u00e9, ou raccourcis dans les cas o\u00f9 le t\u00e9moignage original comprenait des informations \u00e9trang\u00e8res sans pertinence pour le grand public. Les t\u00e9moignages peuvent \u00eatre examin\u00e9s pour l\u2019authenticit\u00e9 avant qu\u2019ils ne soient disponibles pour le public. Indemnisation et garanties<\/p>\n<p>L\u2019exactitude, la fiabilit\u00e9 et l\u2019exhaustivit\u00e9 des informations et du contenu, distribu\u00e9s, li\u00e9s, t\u00e9l\u00e9charg\u00e9s ou accessibles \u00e0 partir du site Web et des services sont garantis par Healthcliner. Cependant, toutes les informations sur le site Web sont fournies \u00abtelles quelle\u00bb, sans garantie des r\u00e9sultats obtenus gr\u00e2ce \u00e0 l\u2019utilisation de ces informations, et sans garantie d\u2019aucune sorte, expresse ou implicite. En aucun cas Healthcliner, ou ses partenaires, employ\u00e9s ou agents, ne seront responsables envers vous ou toute autre personne de toute d\u00e9cision prise ou action prise en se fondant sur les informations sur le site Web, ou de tout dommage cons\u00e9cutif, sp\u00e9cial ou similaire, m\u00eame s\u2019il est inform\u00e9 de la possibilit\u00e9 de tels dommages.<\/p>\n<p>De plus, comme pour toute entreprise, vos r\u00e9sultats peuvent varier et seront bas\u00e9s sur votre capacit\u00e9 individuelle, votre exp\u00e9rience, votre expertise et votre niveau de d\u00e9sir. Il n\u2019y a aucune garantie concernant le niveau de succ\u00e8s que vous pouvez rencontrer. Il n\u2019y a aucune garantie que vous gagnerez un revenu et vous acceptez le risque que les gains et les \u00e9tats des r\u00e9sultats diff\u00e8rent selon l\u2019individu. Le succ\u00e8s de chaque individu d\u00e9pend de ses ant\u00e9c\u00e9dents, de son d\u00e9vouement, de son d\u00e9sir et de sa motivation. L\u2019utilisation des informations sur le site Web et les services doit \u00eatre bas\u00e9e sur votre propre diligence raisonnable et vous acceptez que Healthcliner n\u2019est pas responsable de tout succ\u00e8s ou \u00e9chec de votre entreprise qui est directement ou indirectement li\u00e9 \u00e0 l\u2019achat et \u00e0 l\u2019utilisation de nos informations, produits et services examin\u00e9s ou annonc\u00e9s sur le site Web. Les informations contenues sur le site Web sont susceptibles d\u2019\u00eatre modifi\u00e9es \u00e0 tout moment et sans avertissement.<\/p>\n<p><strong>Changements et modifications<\/strong><\/p>\n<p>Nous nous r\u00e9servons le droit de modifier cette clause de non-responsabilit\u00e9 ou ses conditions relatives au site Web et aux services \u00e0 tout moment, \u00e0 compter de la publication d\u2019une version mise \u00e0 jour de cette clause de non-responsabilit\u00e9 sur le site Web. Lorsque nous le ferons, nous r\u00e9viserons la date de mise \u00e0 jour au bas de cette page. L\u2019utilisation continue du site Web et des services apr\u00e8s de tels changements constitue votre consentement \u00e0 ces changements.<\/p>\n<p><strong>Acceptation de la pr\u00e9sente clause de non-responsabilit\u00e9<\/strong><\/p>\n<p>Vous reconnaissez avoir lu cette clause de non-responsabilit\u00e9 et accepter tous ses termes et conditions. En acc\u00e9dant et en utilisant le site Web et les services, vous acceptez d\u2019\u00eatre li\u00e9 par cette clause de non-responsabilit\u00e9. Si vous n\u2019acceptez pas de respecter les termes de cette clause de non-responsabilit\u00e9, vous n\u2019\u00eates pas autoris\u00e9 \u00e0 acc\u00e9der ou \u00e0 utiliser le site Web et les services.<\/p>\n<p><strong>Nous contacter<\/strong><\/p>\n<p>Si vous souhaitez nous contacter pour en savoir plus sur cette clause de non-responsabilit\u00e9 ou si vous souhaitez nous contacter pour toute question s\u2019y rapportant, vous pouvez le faire via le formulaire de contact, envoyer un e-mail \u00e0 contact@healthcliner.com ou \u00e9crire une lettre au 441 Fairview Avenue, Bridgeport, CT 06606, \u00c9tats-Unis.<\/p>\n<p><strong>Ce document a \u00e9t\u00e9 mis \u00e0 jour pour la derni\u00e8re fois le 3 juin 2021<\/strong><\/p>\n<p><strong><a href=\"https:\/\/www.websitepolicies.com\/policies\/view\/CLkRTeuB\" target=\"_blank\" rel=\"noopener\">https:\/\/www.websitepolicies.com\/policies\/view\/CLkRTeuB<\/a><\/strong><\/p>\n<p>[\/et_pb_text][\/et_pb_column][\/et_pb_row][\/et_pb_section]<\/p>\n","protected":false},"excerpt":{"rendered":"<p>[et_pb_section fb_built=\u00a0\u00bb1&Prime; _builder_version=\u00a0\u00bb4.9.4&Prime; _module_preset=\u00a0\u00bbdefault\u00a0\u00bb custom_padding=\u00a0\u00bb||0px||false|false\u00a0\u00bb da_disable_devices=\u00a0\u00bboff|off|off\u00a0\u00bb da_is_popup=\u00a0\u00bboff\u00a0\u00bb da_exit_intent=\u00a0\u00bboff\u00a0\u00bb da_has_close=\u00a0\u00bbon\u00a0\u00bb da_alt_close=\u00a0\u00bboff\u00a0\u00bb da_dark_close=\u00a0\u00bboff\u00a0\u00bb da_not_modal=\u00a0\u00bbon\u00a0\u00bb da_is_singular=\u00a0\u00bboff\u00a0\u00bb da_with_loader=\u00a0\u00bboff\u00a0\u00bb da_has_shadow=\u00a0\u00bbon\u00a0\u00bb][et_pb_row _builder_version=\u00a0\u00bb4.9.4&Prime; _module_preset=\u00a0\u00bbdefault\u00a0\u00bb custom_padding=\u00a0\u00bb||0px||false|false\u00a0\u00bb][et_pb_column type=\u00a0\u00bb4_4&Prime; _builder_version=\u00a0\u00bb4.9.4&Prime; _module_preset=\u00a0\u00bbdefault\u00a0\u00bb][et_pb_text _builder_version=\u00a0\u00bb4.9.4&Prime; _module_preset=\u00a0\u00bbdefault\u00a0\u00bb text_font=\u00a0\u00bbRoboto||||||||\u00a0\u00bb text_text_color=\u00a0\u00bbrgba(0,0,0,0.75)\u00a0\u00bb text_font_size=\u00a0\u00bb16px\u00a0\u00bb link_font=\u00a0\u00bbRoboto||||||||\u00a0\u00bb link_text_color=\u00a0\u00bb#68d800&Prime; link_font_size=\u00a0\u00bb16px\u00a0\u00bb custom_margin=\u00a0\u00bb-2vw||||false|false\u00a0\u00bb] D\u00e9menti Cette clause de non-responsabilit\u00e9 (\u00abClause de non-responsabilit\u00e9\u00bb) \u00e9nonce les directives g\u00e9n\u00e9rales, les divulgations et les conditions de votre utilisation du site Web healthcliner.com (\u00abSite [&hellip;]<\/p>\n","protected":false},"author":1,"featured_media":0,"parent":0,"menu_order":0,"comment_status":"closed","ping_status":"closed","template":"","meta":{"_crdt_document":"","tdm_status":"","tdm_grid_status":"","footnotes":""},"class_list":["post-6690","page","type-page","status-publish"],"yoast_head":"<!-- This site is optimized with the Yoast SEO plugin v27.4 - https:\/\/yoast.com\/product\/yoast-seo-wordpress\/ -->\n<title>D\u00e9menti - Healthcliner<\/title>\n<meta name=\"robots\" content=\"index, follow, max-snippet:-1, max-image-preview:large, max-video-preview:-1\" \/>\n<link rel=\"canonical\" href=\"https:\/\/healthcliner.com\/fr\/dementi\/\" \/>\n<meta property=\"og:locale\" content=\"fr_FR\" \/>\n<meta property=\"og:type\" content=\"article\" \/>\n<meta property=\"og:title\" content=\"D\u00e9menti - Healthcliner\" \/>\n<meta property=\"og:description\" content=\"[et_pb_section fb_built=\u00a0\u00bb1&Prime; _builder_version=\u00a0\u00bb4.9.4&Prime; _module_preset=\u00a0\u00bbdefault\u00a0\u00bb custom_padding=\u00a0\u00bb||0px||false|false\u00a0\u00bb da_disable_devices=\u00a0\u00bboff|off|off\u00a0\u00bb da_is_popup=\u00a0\u00bboff\u00a0\u00bb da_exit_intent=\u00a0\u00bboff\u00a0\u00bb da_has_close=\u00a0\u00bbon\u00a0\u00bb da_alt_close=\u00a0\u00bboff\u00a0\u00bb da_dark_close=\u00a0\u00bboff\u00a0\u00bb da_not_modal=\u00a0\u00bbon\u00a0\u00bb da_is_singular=\u00a0\u00bboff\u00a0\u00bb da_with_loader=\u00a0\u00bboff\u00a0\u00bb da_has_shadow=\u00a0\u00bbon\u00a0\u00bb][et_pb_row _builder_version=\u00a0\u00bb4.9.4&Prime; _module_preset=\u00a0\u00bbdefault\u00a0\u00bb custom_padding=\u00a0\u00bb||0px||false|false\u00a0\u00bb][et_pb_column type=\u00a0\u00bb4_4&Prime; _builder_version=\u00a0\u00bb4.9.4&Prime; _module_preset=\u00a0\u00bbdefault\u00a0\u00bb][et_pb_text _builder_version=\u00a0\u00bb4.9.4&Prime; _module_preset=\u00a0\u00bbdefault\u00a0\u00bb text_font=\u00a0\u00bbRoboto||||||||\u00a0\u00bb text_text_color=\u00a0\u00bbrgba(0,0,0,0.75)\u00a0\u00bb text_font_size=\u00a0\u00bb16px\u00a0\u00bb link_font=\u00a0\u00bbRoboto||||||||\u00a0\u00bb link_text_color=\u00a0\u00bb#68d800&Prime; link_font_size=\u00a0\u00bb16px\u00a0\u00bb custom_margin=\u00a0\u00bb-2vw||||false|false\u00a0\u00bb] D\u00e9menti Cette clause de non-responsabilit\u00e9 (\u00abClause de non-responsabilit\u00e9\u00bb) \u00e9nonce les directives g\u00e9n\u00e9rales, les divulgations et les conditions de votre utilisation du site Web healthcliner.com (\u00abSite [&hellip;]\" \/>\n<meta property=\"og:url\" content=\"https:\/\/healthcliner.com\/fr\/dementi\/\" \/>\n<meta property=\"og:site_name\" content=\"Healthcliner\" \/>\n<meta property=\"article:publisher\" content=\"https:\/\/business.facebook.com\/Healthcliner\" \/>\n<meta property=\"article:modified_time\" content=\"2021-08-10T16:56:45+00:00\" \/>\n<meta name=\"twitter:card\" content=\"summary_large_image\" \/>\n<meta name=\"twitter:site\" content=\"@healthcliner\" \/>\n<meta name=\"twitter:label1\" content=\"Dur\u00e9e de lecture estim\u00e9e\" \/>\n\t<meta name=\"twitter:data1\" content=\"10 minutes\" \/>\n<script type=\"application\/ld+json\" class=\"yoast-schema-graph\">{\"@context\":\"https:\\\/\\\/schema.org\",\"@graph\":[{\"@type\":\"WebPage\",\"@id\":\"https:\\\/\\\/healthcliner.com\\\/fr\\\/dementi\\\/\",\"url\":\"https:\\\/\\\/healthcliner.com\\\/fr\\\/dementi\\\/\",\"name\":\"D\u00e9menti - Healthcliner\",\"isPartOf\":{\"@id\":\"https:\\\/\\\/healthcliner.com\\\/fr\\\/#website\"},\"datePublished\":\"2021-08-10T16:56:12+00:00\",\"dateModified\":\"2021-08-10T16:56:45+00:00\",\"breadcrumb\":{\"@id\":\"https:\\\/\\\/healthcliner.com\\\/fr\\\/dementi\\\/#breadcrumb\"},\"inLanguage\":\"fr-FR\",\"potentialAction\":[{\"@type\":\"ReadAction\",\"target\":[\"https:\\\/\\\/healthcliner.com\\\/fr\\\/dementi\\\/\"]}]},{\"@type\":\"BreadcrumbList\",\"@id\":\"https:\\\/\\\/healthcliner.com\\\/fr\\\/dementi\\\/#breadcrumb\",\"itemListElement\":[{\"@type\":\"ListItem\",\"position\":1,\"name\":\"Home\",\"item\":\"https:\\\/\\\/healthcliner.com\\\/fr\\\/\"},{\"@type\":\"ListItem\",\"position\":2,\"name\":\"D\u00e9menti\"}]},{\"@type\":\"WebSite\",\"@id\":\"https:\\\/\\\/healthcliner.com\\\/fr\\\/#website\",\"url\":\"https:\\\/\\\/healthcliner.com\\\/fr\\\/\",\"name\":\"Healthcliner\",\"description\":\"Evidence-based Health Information\",\"publisher\":{\"@id\":\"https:\\\/\\\/healthcliner.com\\\/fr\\\/#organization\"},\"potentialAction\":[{\"@type\":\"SearchAction\",\"target\":{\"@type\":\"EntryPoint\",\"urlTemplate\":\"https:\\\/\\\/healthcliner.com\\\/fr\\\/?s={search_term_string}\"},\"query-input\":{\"@type\":\"PropertyValueSpecification\",\"valueRequired\":true,\"valueName\":\"search_term_string\"}}],\"inLanguage\":\"fr-FR\"},{\"@type\":\"Organization\",\"@id\":\"https:\\\/\\\/healthcliner.com\\\/fr\\\/#organization\",\"name\":\"Healthcliner\",\"url\":\"https:\\\/\\\/healthcliner.com\\\/fr\\\/\",\"logo\":{\"@type\":\"ImageObject\",\"inLanguage\":\"fr-FR\",\"@id\":\"https:\\\/\\\/healthcliner.com\\\/fr\\\/#\\\/schema\\\/logo\\\/image\\\/\",\"url\":\"https:\\\/\\\/healthcliner.com\\\/wp-content\\\/uploads\\\/2021\\\/09\\\/Small-size-transparent-image-for-web-1.png\",\"contentUrl\":\"https:\\\/\\\/healthcliner.com\\\/wp-content\\\/uploads\\\/2021\\\/09\\\/Small-size-transparent-image-for-web-1.png\",\"width\":500,\"height\":101,\"caption\":\"Healthcliner\"},\"image\":{\"@id\":\"https:\\\/\\\/healthcliner.com\\\/fr\\\/#\\\/schema\\\/logo\\\/image\\\/\"},\"sameAs\":[\"https:\\\/\\\/business.facebook.com\\\/Healthcliner\",\"https:\\\/\\\/x.com\\\/healthcliner\",\"https:\\\/\\\/www.instagram.com\\\/healthcliner\\\/\",\"https:\\\/\\\/www.pinterest.com\\\/Healthcliner\\\/\"]}]}<\/script>\n<!-- \/ Yoast SEO plugin. -->","yoast_head_json":{"title":"D\u00e9menti - Healthcliner","robots":{"index":"index","follow":"follow","max-snippet":"max-snippet:-1","max-image-preview":"max-image-preview:large","max-video-preview":"max-video-preview:-1"},"canonical":"https:\/\/healthcliner.com\/fr\/dementi\/","og_locale":"fr_FR","og_type":"article","og_title":"D\u00e9menti - Healthcliner","og_description":"[et_pb_section fb_built=\u00a0\u00bb1&Prime; _builder_version=\u00a0\u00bb4.9.4&Prime; _module_preset=\u00a0\u00bbdefault\u00a0\u00bb custom_padding=\u00a0\u00bb||0px||false|false\u00a0\u00bb da_disable_devices=\u00a0\u00bboff|off|off\u00a0\u00bb da_is_popup=\u00a0\u00bboff\u00a0\u00bb da_exit_intent=\u00a0\u00bboff\u00a0\u00bb da_has_close=\u00a0\u00bbon\u00a0\u00bb da_alt_close=\u00a0\u00bboff\u00a0\u00bb da_dark_close=\u00a0\u00bboff\u00a0\u00bb da_not_modal=\u00a0\u00bbon\u00a0\u00bb da_is_singular=\u00a0\u00bboff\u00a0\u00bb da_with_loader=\u00a0\u00bboff\u00a0\u00bb da_has_shadow=\u00a0\u00bbon\u00a0\u00bb][et_pb_row _builder_version=\u00a0\u00bb4.9.4&Prime; _module_preset=\u00a0\u00bbdefault\u00a0\u00bb custom_padding=\u00a0\u00bb||0px||false|false\u00a0\u00bb][et_pb_column type=\u00a0\u00bb4_4&Prime; _builder_version=\u00a0\u00bb4.9.4&Prime; _module_preset=\u00a0\u00bbdefault\u00a0\u00bb][et_pb_text _builder_version=\u00a0\u00bb4.9.4&Prime; _module_preset=\u00a0\u00bbdefault\u00a0\u00bb text_font=\u00a0\u00bbRoboto||||||||\u00a0\u00bb text_text_color=\u00a0\u00bbrgba(0,0,0,0.75)\u00a0\u00bb text_font_size=\u00a0\u00bb16px\u00a0\u00bb link_font=\u00a0\u00bbRoboto||||||||\u00a0\u00bb link_text_color=\u00a0\u00bb#68d800&Prime; link_font_size=\u00a0\u00bb16px\u00a0\u00bb custom_margin=\u00a0\u00bb-2vw||||false|false\u00a0\u00bb] D\u00e9menti Cette clause de non-responsabilit\u00e9 (\u00abClause de non-responsabilit\u00e9\u00bb) \u00e9nonce les directives g\u00e9n\u00e9rales, les divulgations et les conditions de votre utilisation du site Web healthcliner.com (\u00abSite [&hellip;]","og_url":"https:\/\/healthcliner.com\/fr\/dementi\/","og_site_name":"Healthcliner","article_publisher":"https:\/\/business.facebook.com\/Healthcliner","article_modified_time":"2021-08-10T16:56:45+00:00","twitter_card":"summary_large_image","twitter_site":"@healthcliner","twitter_misc":{"Dur\u00e9e de lecture estim\u00e9e":"10 minutes"},"schema":{"@context":"https:\/\/schema.org","@graph":[{"@type":"WebPage","@id":"https:\/\/healthcliner.com\/fr\/dementi\/","url":"https:\/\/healthcliner.com\/fr\/dementi\/","name":"D\u00e9menti - Healthcliner","isPartOf":{"@id":"https:\/\/healthcliner.com\/fr\/#website"},"datePublished":"2021-08-10T16:56:12+00:00","dateModified":"2021-08-10T16:56:45+00:00","breadcrumb":{"@id":"https:\/\/healthcliner.com\/fr\/dementi\/#breadcrumb"},"inLanguage":"fr-FR","potentialAction":[{"@type":"ReadAction","target":["https:\/\/healthcliner.com\/fr\/dementi\/"]}]},{"@type":"BreadcrumbList","@id":"https:\/\/healthcliner.com\/fr\/dementi\/#breadcrumb","itemListElement":[{"@type":"ListItem","position":1,"name":"Home","item":"https:\/\/healthcliner.com\/fr\/"},{"@type":"ListItem","position":2,"name":"D\u00e9menti"}]},{"@type":"WebSite","@id":"https:\/\/healthcliner.com\/fr\/#website","url":"https:\/\/healthcliner.com\/fr\/","name":"Healthcliner","description":"Evidence-based Health Information","publisher":{"@id":"https:\/\/healthcliner.com\/fr\/#organization"},"potentialAction":[{"@type":"SearchAction","target":{"@type":"EntryPoint","urlTemplate":"https:\/\/healthcliner.com\/fr\/?s={search_term_string}"},"query-input":{"@type":"PropertyValueSpecification","valueRequired":true,"valueName":"search_term_string"}}],"inLanguage":"fr-FR"},{"@type":"Organization","@id":"https:\/\/healthcliner.com\/fr\/#organization","name":"Healthcliner","url":"https:\/\/healthcliner.com\/fr\/","logo":{"@type":"ImageObject","inLanguage":"fr-FR","@id":"https:\/\/healthcliner.com\/fr\/#\/schema\/logo\/image\/","url":"https:\/\/healthcliner.com\/wp-content\/uploads\/2021\/09\/Small-size-transparent-image-for-web-1.png","contentUrl":"https:\/\/healthcliner.com\/wp-content\/uploads\/2021\/09\/Small-size-transparent-image-for-web-1.png","width":500,"height":101,"caption":"Healthcliner"},"image":{"@id":"https:\/\/healthcliner.com\/fr\/#\/schema\/logo\/image\/"},"sameAs":["https:\/\/business.facebook.com\/Healthcliner","https:\/\/x.com\/healthcliner","https:\/\/www.instagram.com\/healthcliner\/","https:\/\/www.pinterest.com\/Healthcliner\/"]}]}},"amp_enabled":true,"_links":{"self":[{"href":"https:\/\/healthcliner.com\/fr\/wp-json\/wp\/v2\/pages\/6690","targetHints":{"allow":["GET"]}}],"collection":[{"href":"https:\/\/healthcliner.com\/fr\/wp-json\/wp\/v2\/pages"}],"about":[{"href":"https:\/\/healthcliner.com\/fr\/wp-json\/wp\/v2\/types\/page"}],"author":[{"embeddable":true,"href":"https:\/\/healthcliner.com\/fr\/wp-json\/wp\/v2\/users\/1"}],"replies":[{"embeddable":true,"href":"https:\/\/healthcliner.com\/fr\/wp-json\/wp\/v2\/comments?post=6690"}],"version-history":[{"count":5,"href":"https:\/\/healthcliner.com\/fr\/wp-json\/wp\/v2\/pages\/6690\/revisions"}],"predecessor-version":[{"id":6695,"href":"https:\/\/healthcliner.com\/fr\/wp-json\/wp\/v2\/pages\/6690\/revisions\/6695"}],"wp:attachment":[{"href":"https:\/\/healthcliner.com\/fr\/wp-json\/wp\/v2\/media?parent=6690"}],"curies":[{"name":"wp","href":"https:\/\/api.w.org\/{rel}","templated":true}]}}