{"id":6320,"date":"2021-08-10T03:47:31","date_gmt":"2021-08-10T07:47:31","guid":{"rendered":"https:\/\/healthcliner.com\/auteurs\/"},"modified":"2021-10-01T22:23:45","modified_gmt":"2021-10-02T02:23:45","slug":"auteurs","status":"publish","type":"page","link":"https:\/\/healthcliner.com\/fr\/auteurs\/","title":{"rendered":"Auteurs"},"content":{"rendered":"<p>[et_pb_section fb_built=\u00a0\u00bb1&Prime; admin_label=\u00a0\u00bbsection\u00a0\u00bb _builder_version=\u00a0\u00bb3.22&Prime; global_colors_info=\u00a0\u00bb{}\u00a0\u00bb][et_pb_row admin_label=\u00a0\u00bbramer\u00a0\u00bb _builder_version=\u00a0\u00bb4.10.4&Prime; background_size=\u00a0\u00bbinitial\u00a0\u00bb background_position=\u00a0\u00bbtop_left\u00a0\u00bb background_repeat=\u00a0\u00bbrepeat\u00a0\u00bb custom_margin=\u00a0\u00bb240px||||false|false\u00a0\u00bb hover_enabled=\u00a0\u00bb0&Prime; global_colors_info=\u00a0\u00bb{}\u00a0\u00bb custom_padding=\u00a0\u00bb0px||0px||true|false\u00a0\u00bb sticky_enabled=\u00a0\u00bb0&Prime;][et_pb_column type=\u00a0\u00bb4_4&Prime; _builder_version=\u00a0\u00bb3.25&Prime; custom_padding=\u00a0\u00bb|||\u00a0\u00bb global_colors_info=\u00a0\u00bb{}\u00a0\u00bb custom_padding__hover=\u00a0\u00bb|||\u00a0\u00bb][et_pb_image src=\u00a0\u00bb@ET-DC@eyJkeW5hbWljIjp0cnVlLCJjb250ZW50IjoicG9zdF9hdXRob3JfcHJvZmlsZV9waWN0dXJlIiwic2V0dGluZ3MiOnt9fQ==@\u00a0\u00bb _builder_version=\u00a0\u00bb4.9.9&Prime; _dynamic_attributes=\u00a0\u00bbsrc\u00a0\u00bb _module_preset=\u00a0\u00bbdefault\u00a0\u00bb custom_margin=\u00a0\u00bb-25px|||30vw|false|false\u00a0\u00bb border_radii=\u00a0\u00bbon|50px|50px|50px|50px\u00a0\u00bb global_colors_info=\u00a0\u00bb{}\u00a0\u00bb][\/et_pb_image][et_pb_text admin_label=\u00a0\u00bbText\u00a0\u00bb _builder_version=\u00a0\u00bb4.9.9&Prime; text_font=\u00a0\u00bbRoboto||||||||\u00a0\u00bb text_text_color=\u00a0\u00bb#000000&Prime; text_font_size=\u00a0\u00bb16px\u00a0\u00bb background_size=\u00a0\u00bbinitial\u00a0\u00bb background_position=\u00a0\u00bbtop_left\u00a0\u00bb background_repeat=\u00a0\u00bbrepeat\u00a0\u00bb width=\u00a0\u00bb48%\u00a0\u00bb module_alignment=\u00a0\u00bbcenter\u00a0\u00bb custom_margin=\u00a0\u00bb25px||||false|false\u00a0\u00bb global_colors_info=\u00a0\u00bb{}\u00a0\u00bb]<\/p>\n<p style=\"text-align: left;\">Alfred Amaechi est infirmier autoris\u00e9 (IA), chimiste industriel et auteur. Il est titulaire d\u2019un baccalaur\u00e9at \u00e8s sciences (BSc) en chimie industrielle et d\u2019un baccalaur\u00e9at \u00e8s sciences en sciences infirmi\u00e8res (BSN), et travaille dans divers \u00e9tablissements de sant\u00e9.<\/p>\n<p>[\/et_pb_text][\/et_pb_column][\/et_pb_row][\/et_pb_section]<\/p>\n","protected":false},"excerpt":{"rendered":"<p>[et_pb_section fb_built=\u00a0\u00bb1&Prime; admin_label=\u00a0\u00bbsection\u00a0\u00bb _builder_version=\u00a0\u00bb3.22&Prime; global_colors_info=\u00a0\u00bb{}\u00a0\u00bb][et_pb_row admin_label=\u00a0\u00bbramer\u00a0\u00bb _builder_version=\u00a0\u00bb4.10.4&Prime; background_size=\u00a0\u00bbinitial\u00a0\u00bb background_position=\u00a0\u00bbtop_left\u00a0\u00bb background_repeat=\u00a0\u00bbrepeat\u00a0\u00bb custom_margin=\u00a0\u00bb240px||||false|false\u00a0\u00bb hover_enabled=\u00a0\u00bb0&Prime; global_colors_info=\u00a0\u00bb{}\u00a0\u00bb custom_padding=\u00a0\u00bb0px||0px||true|false\u00a0\u00bb sticky_enabled=\u00a0\u00bb0&Prime;][et_pb_column type=\u00a0\u00bb4_4&Prime; _builder_version=\u00a0\u00bb3.25&Prime; custom_padding=\u00a0\u00bb|||\u00a0\u00bb global_colors_info=\u00a0\u00bb{}\u00a0\u00bb custom_padding__hover=\u00a0\u00bb|||\u00a0\u00bb][et_pb_image src=\u00a0\u00bb@ET-DC@eyJkeW5hbWljIjp0cnVlLCJjb250ZW50IjoicG9zdF9hdXRob3JfcHJvZmlsZV9waWN0dXJlIiwic2V0dGluZ3MiOnt9fQ==@\u00a0\u00bb _builder_version=\u00a0\u00bb4.9.9&Prime; _dynamic_attributes=\u00a0\u00bbsrc\u00a0\u00bb _module_preset=\u00a0\u00bbdefault\u00a0\u00bb custom_margin=\u00a0\u00bb-25px|||30vw|false|false\u00a0\u00bb border_radii=\u00a0\u00bbon|50px|50px|50px|50px\u00a0\u00bb global_colors_info=\u00a0\u00bb{}\u00a0\u00bb][\/et_pb_image][et_pb_text admin_label=\u00a0\u00bbText\u00a0\u00bb _builder_version=\u00a0\u00bb4.9.9&Prime; text_font=\u00a0\u00bbRoboto||||||||\u00a0\u00bb text_text_color=\u00a0\u00bb#000000&Prime; text_font_size=\u00a0\u00bb16px\u00a0\u00bb background_size=\u00a0\u00bbinitial\u00a0\u00bb background_position=\u00a0\u00bbtop_left\u00a0\u00bb background_repeat=\u00a0\u00bbrepeat\u00a0\u00bb width=\u00a0\u00bb48%\u00a0\u00bb module_alignment=\u00a0\u00bbcenter\u00a0\u00bb custom_margin=\u00a0\u00bb25px||||false|false\u00a0\u00bb global_colors_info=\u00a0\u00bb{}\u00a0\u00bb] Alfred Amaechi est infirmier autoris\u00e9 (IA), chimiste industriel et auteur. Il est titulaire d\u2019un baccalaur\u00e9at \u00e8s [&hellip;]<\/p>\n","protected":false},"author":1,"featured_media":2785,"parent":0,"menu_order":0,"comment_status":"closed","ping_status":"closed","template":"","meta":{"_crdt_document":"","tdm_status":"","tdm_grid_status":"","footnotes":""},"class_list":["post-6320","page","type-page","status-publish","has-post-thumbnail"],"yoast_head":"<!-- This site is optimized with the Yoast SEO plugin v27.3 - https:\/\/yoast.com\/product\/yoast-seo-wordpress\/ -->\n<title>Auteurs - Healthcliner<\/title>\n<meta name=\"robots\" content=\"index, follow, max-snippet:-1, max-image-preview:large, max-video-preview:-1\" \/>\n<link rel=\"canonical\" href=\"https:\/\/healthcliner.com\/fr\/auteurs\/\" \/>\n<meta property=\"og:locale\" content=\"fr_FR\" \/>\n<meta property=\"og:type\" content=\"article\" \/>\n<meta property=\"og:title\" content=\"Auteurs - Healthcliner\" \/>\n<meta property=\"og:description\" content=\"[et_pb_section fb_built=\u00a0\u00bb1&Prime; admin_label=\u00a0\u00bbsection\u00a0\u00bb _builder_version=\u00a0\u00bb3.22&Prime; global_colors_info=\u00a0\u00bb{}\u00a0\u00bb][et_pb_row admin_label=\u00a0\u00bbramer\u00a0\u00bb _builder_version=\u00a0\u00bb4.10.4&Prime; background_size=\u00a0\u00bbinitial\u00a0\u00bb background_position=\u00a0\u00bbtop_left\u00a0\u00bb background_repeat=\u00a0\u00bbrepeat\u00a0\u00bb custom_margin=\u00a0\u00bb240px||||false|false\u00a0\u00bb hover_enabled=\u00a0\u00bb0&Prime; global_colors_info=\u00a0\u00bb{}\u00a0\u00bb custom_padding=\u00a0\u00bb0px||0px||true|false\u00a0\u00bb sticky_enabled=\u00a0\u00bb0&Prime;][et_pb_column type=\u00a0\u00bb4_4&Prime; _builder_version=\u00a0\u00bb3.25&Prime; custom_padding=\u00a0\u00bb|||\u00a0\u00bb global_colors_info=\u00a0\u00bb{}\u00a0\u00bb custom_padding__hover=\u00a0\u00bb|||\u00a0\u00bb][et_pb_image src=\u00a0\u00bb@ET-DC@eyJkeW5hbWljIjp0cnVlLCJjb250ZW50IjoicG9zdF9hdXRob3JfcHJvZmlsZV9waWN0dXJlIiwic2V0dGluZ3MiOnt9fQ==@\u00a0\u00bb _builder_version=\u00a0\u00bb4.9.9&Prime; _dynamic_attributes=\u00a0\u00bbsrc\u00a0\u00bb _module_preset=\u00a0\u00bbdefault\u00a0\u00bb custom_margin=\u00a0\u00bb-25px|||30vw|false|false\u00a0\u00bb border_radii=\u00a0\u00bbon|50px|50px|50px|50px\u00a0\u00bb global_colors_info=\u00a0\u00bb{}\u00a0\u00bb][\/et_pb_image][et_pb_text admin_label=\u00a0\u00bbText\u00a0\u00bb _builder_version=\u00a0\u00bb4.9.9&Prime; text_font=\u00a0\u00bbRoboto||||||||\u00a0\u00bb text_text_color=\u00a0\u00bb#000000&Prime; text_font_size=\u00a0\u00bb16px\u00a0\u00bb background_size=\u00a0\u00bbinitial\u00a0\u00bb background_position=\u00a0\u00bbtop_left\u00a0\u00bb background_repeat=\u00a0\u00bbrepeat\u00a0\u00bb width=\u00a0\u00bb48%\u00a0\u00bb module_alignment=\u00a0\u00bbcenter\u00a0\u00bb custom_margin=\u00a0\u00bb25px||||false|false\u00a0\u00bb global_colors_info=\u00a0\u00bb{}\u00a0\u00bb] Alfred Amaechi est infirmier autoris\u00e9 (IA), chimiste industriel et auteur. Il est titulaire d\u2019un baccalaur\u00e9at \u00e8s [&hellip;]\" \/>\n<meta property=\"og:url\" content=\"https:\/\/healthcliner.com\/fr\/auteurs\/\" \/>\n<meta property=\"og:site_name\" content=\"Healthcliner\" \/>\n<meta property=\"article:publisher\" content=\"https:\/\/business.facebook.com\/Healthcliner\" \/>\n<meta property=\"article:modified_time\" content=\"2021-10-02T02:23:45+00:00\" \/>\n<meta property=\"og:image\" content=\"https:\/\/healthcliner.com\/wp-content\/uploads\/2021\/05\/Alfred-Amaechi.jpg\" \/>\n\t<meta property=\"og:image:width\" content=\"385\" \/>\n\t<meta property=\"og:image:height\" content=\"344\" \/>\n\t<meta property=\"og:image:type\" content=\"image\/jpeg\" \/>\n<meta name=\"twitter:card\" content=\"summary_large_image\" \/>\n<meta name=\"twitter:site\" content=\"@healthcliner\" \/>\n<meta name=\"twitter:label1\" content=\"Dur\u00e9e de lecture estim\u00e9e\" \/>\n\t<meta name=\"twitter:data1\" content=\"1 minute\" \/>\n<script type=\"application\/ld+json\" class=\"yoast-schema-graph\">{\"@context\":\"https:\\\/\\\/schema.org\",\"@graph\":[{\"@type\":\"WebPage\",\"@id\":\"https:\\\/\\\/healthcliner.com\\\/fr\\\/auteurs\\\/\",\"url\":\"https:\\\/\\\/healthcliner.com\\\/fr\\\/auteurs\\\/\",\"name\":\"Auteurs - Healthcliner\",\"isPartOf\":{\"@id\":\"https:\\\/\\\/healthcliner.com\\\/fr\\\/#website\"},\"primaryImageOfPage\":{\"@id\":\"https:\\\/\\\/healthcliner.com\\\/fr\\\/auteurs\\\/#primaryimage\"},\"image\":{\"@id\":\"https:\\\/\\\/healthcliner.com\\\/fr\\\/auteurs\\\/#primaryimage\"},\"thumbnailUrl\":\"https:\\\/\\\/healthcliner.com\\\/wp-content\\\/uploads\\\/2021\\\/05\\\/Alfred-Amaechi.jpg\",\"datePublished\":\"2021-08-10T07:47:31+00:00\",\"dateModified\":\"2021-10-02T02:23:45+00:00\",\"breadcrumb\":{\"@id\":\"https:\\\/\\\/healthcliner.com\\\/fr\\\/auteurs\\\/#breadcrumb\"},\"inLanguage\":\"fr-FR\",\"potentialAction\":[{\"@type\":\"ReadAction\",\"target\":[\"https:\\\/\\\/healthcliner.com\\\/fr\\\/auteurs\\\/\"]}]},{\"@type\":\"ImageObject\",\"inLanguage\":\"fr-FR\",\"@id\":\"https:\\\/\\\/healthcliner.com\\\/fr\\\/auteurs\\\/#primaryimage\",\"url\":\"https:\\\/\\\/healthcliner.com\\\/wp-content\\\/uploads\\\/2021\\\/05\\\/Alfred-Amaechi.jpg\",\"contentUrl\":\"https:\\\/\\\/healthcliner.com\\\/wp-content\\\/uploads\\\/2021\\\/05\\\/Alfred-Amaechi.jpg\",\"width\":385,\"height\":344},{\"@type\":\"BreadcrumbList\",\"@id\":\"https:\\\/\\\/healthcliner.com\\\/fr\\\/auteurs\\\/#breadcrumb\",\"itemListElement\":[{\"@type\":\"ListItem\",\"position\":1,\"name\":\"Home\",\"item\":\"https:\\\/\\\/healthcliner.com\\\/fr\\\/\"},{\"@type\":\"ListItem\",\"position\":2,\"name\":\"Auteurs\"}]},{\"@type\":\"WebSite\",\"@id\":\"https:\\\/\\\/healthcliner.com\\\/fr\\\/#website\",\"url\":\"https:\\\/\\\/healthcliner.com\\\/fr\\\/\",\"name\":\"Healthcliner\",\"description\":\"Evidence-based Health Information\",\"publisher\":{\"@id\":\"https:\\\/\\\/healthcliner.com\\\/fr\\\/#organization\"},\"potentialAction\":[{\"@type\":\"SearchAction\",\"target\":{\"@type\":\"EntryPoint\",\"urlTemplate\":\"https:\\\/\\\/healthcliner.com\\\/fr\\\/?s={search_term_string}\"},\"query-input\":{\"@type\":\"PropertyValueSpecification\",\"valueRequired\":true,\"valueName\":\"search_term_string\"}}],\"inLanguage\":\"fr-FR\"},{\"@type\":\"Organization\",\"@id\":\"https:\\\/\\\/healthcliner.com\\\/fr\\\/#organization\",\"name\":\"Healthcliner\",\"url\":\"https:\\\/\\\/healthcliner.com\\\/fr\\\/\",\"logo\":{\"@type\":\"ImageObject\",\"inLanguage\":\"fr-FR\",\"@id\":\"https:\\\/\\\/healthcliner.com\\\/fr\\\/#\\\/schema\\\/logo\\\/image\\\/\",\"url\":\"https:\\\/\\\/healthcliner.com\\\/wp-content\\\/uploads\\\/2021\\\/09\\\/Small-size-transparent-image-for-web-1.png\",\"contentUrl\":\"https:\\\/\\\/healthcliner.com\\\/wp-content\\\/uploads\\\/2021\\\/09\\\/Small-size-transparent-image-for-web-1.png\",\"width\":500,\"height\":101,\"caption\":\"Healthcliner\"},\"image\":{\"@id\":\"https:\\\/\\\/healthcliner.com\\\/fr\\\/#\\\/schema\\\/logo\\\/image\\\/\"},\"sameAs\":[\"https:\\\/\\\/business.facebook.com\\\/Healthcliner\",\"https:\\\/\\\/x.com\\\/healthcliner\",\"https:\\\/\\\/www.instagram.com\\\/healthcliner\\\/\",\"https:\\\/\\\/www.pinterest.com\\\/Healthcliner\\\/\"]}]}<\/script>\n<!-- \/ Yoast SEO plugin. -->","yoast_head_json":{"title":"Auteurs - Healthcliner","robots":{"index":"index","follow":"follow","max-snippet":"max-snippet:-1","max-image-preview":"max-image-preview:large","max-video-preview":"max-video-preview:-1"},"canonical":"https:\/\/healthcliner.com\/fr\/auteurs\/","og_locale":"fr_FR","og_type":"article","og_title":"Auteurs - Healthcliner","og_description":"[et_pb_section fb_built=\u00a0\u00bb1&Prime; admin_label=\u00a0\u00bbsection\u00a0\u00bb _builder_version=\u00a0\u00bb3.22&Prime; global_colors_info=\u00a0\u00bb{}\u00a0\u00bb][et_pb_row admin_label=\u00a0\u00bbramer\u00a0\u00bb _builder_version=\u00a0\u00bb4.10.4&Prime; background_size=\u00a0\u00bbinitial\u00a0\u00bb background_position=\u00a0\u00bbtop_left\u00a0\u00bb background_repeat=\u00a0\u00bbrepeat\u00a0\u00bb custom_margin=\u00a0\u00bb240px||||false|false\u00a0\u00bb hover_enabled=\u00a0\u00bb0&Prime; global_colors_info=\u00a0\u00bb{}\u00a0\u00bb custom_padding=\u00a0\u00bb0px||0px||true|false\u00a0\u00bb sticky_enabled=\u00a0\u00bb0&Prime;][et_pb_column type=\u00a0\u00bb4_4&Prime; _builder_version=\u00a0\u00bb3.25&Prime; custom_padding=\u00a0\u00bb|||\u00a0\u00bb global_colors_info=\u00a0\u00bb{}\u00a0\u00bb custom_padding__hover=\u00a0\u00bb|||\u00a0\u00bb][et_pb_image src=\u00a0\u00bb@ET-DC@eyJkeW5hbWljIjp0cnVlLCJjb250ZW50IjoicG9zdF9hdXRob3JfcHJvZmlsZV9waWN0dXJlIiwic2V0dGluZ3MiOnt9fQ==@\u00a0\u00bb _builder_version=\u00a0\u00bb4.9.9&Prime; _dynamic_attributes=\u00a0\u00bbsrc\u00a0\u00bb _module_preset=\u00a0\u00bbdefault\u00a0\u00bb custom_margin=\u00a0\u00bb-25px|||30vw|false|false\u00a0\u00bb border_radii=\u00a0\u00bbon|50px|50px|50px|50px\u00a0\u00bb global_colors_info=\u00a0\u00bb{}\u00a0\u00bb][\/et_pb_image][et_pb_text admin_label=\u00a0\u00bbText\u00a0\u00bb _builder_version=\u00a0\u00bb4.9.9&Prime; text_font=\u00a0\u00bbRoboto||||||||\u00a0\u00bb text_text_color=\u00a0\u00bb#000000&Prime; text_font_size=\u00a0\u00bb16px\u00a0\u00bb background_size=\u00a0\u00bbinitial\u00a0\u00bb background_position=\u00a0\u00bbtop_left\u00a0\u00bb background_repeat=\u00a0\u00bbrepeat\u00a0\u00bb width=\u00a0\u00bb48%\u00a0\u00bb module_alignment=\u00a0\u00bbcenter\u00a0\u00bb custom_margin=\u00a0\u00bb25px||||false|false\u00a0\u00bb global_colors_info=\u00a0\u00bb{}\u00a0\u00bb] Alfred Amaechi est infirmier autoris\u00e9 (IA), chimiste industriel et auteur. Il est titulaire d\u2019un baccalaur\u00e9at \u00e8s [&hellip;]","og_url":"https:\/\/healthcliner.com\/fr\/auteurs\/","og_site_name":"Healthcliner","article_publisher":"https:\/\/business.facebook.com\/Healthcliner","article_modified_time":"2021-10-02T02:23:45+00:00","og_image":[{"width":385,"height":344,"url":"https:\/\/healthcliner.com\/wp-content\/uploads\/2021\/05\/Alfred-Amaechi.jpg","type":"image\/jpeg"}],"twitter_card":"summary_large_image","twitter_site":"@healthcliner","twitter_misc":{"Dur\u00e9e de lecture estim\u00e9e":"1 minute"},"schema":{"@context":"https:\/\/schema.org","@graph":[{"@type":"WebPage","@id":"https:\/\/healthcliner.com\/fr\/auteurs\/","url":"https:\/\/healthcliner.com\/fr\/auteurs\/","name":"Auteurs - Healthcliner","isPartOf":{"@id":"https:\/\/healthcliner.com\/fr\/#website"},"primaryImageOfPage":{"@id":"https:\/\/healthcliner.com\/fr\/auteurs\/#primaryimage"},"image":{"@id":"https:\/\/healthcliner.com\/fr\/auteurs\/#primaryimage"},"thumbnailUrl":"https:\/\/healthcliner.com\/wp-content\/uploads\/2021\/05\/Alfred-Amaechi.jpg","datePublished":"2021-08-10T07:47:31+00:00","dateModified":"2021-10-02T02:23:45+00:00","breadcrumb":{"@id":"https:\/\/healthcliner.com\/fr\/auteurs\/#breadcrumb"},"inLanguage":"fr-FR","potentialAction":[{"@type":"ReadAction","target":["https:\/\/healthcliner.com\/fr\/auteurs\/"]}]},{"@type":"ImageObject","inLanguage":"fr-FR","@id":"https:\/\/healthcliner.com\/fr\/auteurs\/#primaryimage","url":"https:\/\/healthcliner.com\/wp-content\/uploads\/2021\/05\/Alfred-Amaechi.jpg","contentUrl":"https:\/\/healthcliner.com\/wp-content\/uploads\/2021\/05\/Alfred-Amaechi.jpg","width":385,"height":344},{"@type":"BreadcrumbList","@id":"https:\/\/healthcliner.com\/fr\/auteurs\/#breadcrumb","itemListElement":[{"@type":"ListItem","position":1,"name":"Home","item":"https:\/\/healthcliner.com\/fr\/"},{"@type":"ListItem","position":2,"name":"Auteurs"}]},{"@type":"WebSite","@id":"https:\/\/healthcliner.com\/fr\/#website","url":"https:\/\/healthcliner.com\/fr\/","name":"Healthcliner","description":"Evidence-based Health Information","publisher":{"@id":"https:\/\/healthcliner.com\/fr\/#organization"},"potentialAction":[{"@type":"SearchAction","target":{"@type":"EntryPoint","urlTemplate":"https:\/\/healthcliner.com\/fr\/?s={search_term_string}"},"query-input":{"@type":"PropertyValueSpecification","valueRequired":true,"valueName":"search_term_string"}}],"inLanguage":"fr-FR"},{"@type":"Organization","@id":"https:\/\/healthcliner.com\/fr\/#organization","name":"Healthcliner","url":"https:\/\/healthcliner.com\/fr\/","logo":{"@type":"ImageObject","inLanguage":"fr-FR","@id":"https:\/\/healthcliner.com\/fr\/#\/schema\/logo\/image\/","url":"https:\/\/healthcliner.com\/wp-content\/uploads\/2021\/09\/Small-size-transparent-image-for-web-1.png","contentUrl":"https:\/\/healthcliner.com\/wp-content\/uploads\/2021\/09\/Small-size-transparent-image-for-web-1.png","width":500,"height":101,"caption":"Healthcliner"},"image":{"@id":"https:\/\/healthcliner.com\/fr\/#\/schema\/logo\/image\/"},"sameAs":["https:\/\/business.facebook.com\/Healthcliner","https:\/\/x.com\/healthcliner","https:\/\/www.instagram.com\/healthcliner\/","https:\/\/www.pinterest.com\/Healthcliner\/"]}]}},"amp_enabled":true,"_links":{"self":[{"href":"https:\/\/healthcliner.com\/fr\/wp-json\/wp\/v2\/pages\/6320","targetHints":{"allow":["GET"]}}],"collection":[{"href":"https:\/\/healthcliner.com\/fr\/wp-json\/wp\/v2\/pages"}],"about":[{"href":"https:\/\/healthcliner.com\/fr\/wp-json\/wp\/v2\/types\/page"}],"author":[{"embeddable":true,"href":"https:\/\/healthcliner.com\/fr\/wp-json\/wp\/v2\/users\/1"}],"replies":[{"embeddable":true,"href":"https:\/\/healthcliner.com\/fr\/wp-json\/wp\/v2\/comments?post=6320"}],"version-history":[{"count":11,"href":"https:\/\/healthcliner.com\/fr\/wp-json\/wp\/v2\/pages\/6320\/revisions"}],"predecessor-version":[{"id":9994,"href":"https:\/\/healthcliner.com\/fr\/wp-json\/wp\/v2\/pages\/6320\/revisions\/9994"}],"wp:featuredmedia":[{"embeddable":true,"href":"https:\/\/healthcliner.com\/fr\/wp-json\/wp\/v2\/media\/2785"}],"wp:attachment":[{"href":"https:\/\/healthcliner.com\/fr\/wp-json\/wp\/v2\/media?parent=6320"}],"curies":[{"name":"wp","href":"https:\/\/api.w.org\/{rel}","templated":true}]}}