{"id":6051,"date":"2021-08-10T01:48:09","date_gmt":"2021-08-10T05:48:09","guid":{"rendered":"https:\/\/healthcliner.com\/qui-sommes-nous\/"},"modified":"2021-08-10T01:48:12","modified_gmt":"2021-08-10T05:48:12","slug":"qui-sommes-nous","status":"publish","type":"page","link":"https:\/\/healthcliner.com\/fr\/qui-sommes-nous\/","title":{"rendered":"Qui sommes-nous"},"content":{"rendered":"<p>[et_pb_section fb_built=\u00a0\u00bb1&Prime; _builder_version=\u00a0\u00bb4.9.4&Prime; _module_preset=\u00a0\u00bbdefault\u00a0\u00bb custom_margin=\u00a0\u00bb||||false|false\u00a0\u00bb custom_padding=\u00a0\u00bb||0px||false|false\u00a0\u00bb da_disable_devices=\u00a0\u00bboff|off|off\u00a0\u00bb da_is_popup=\u00a0\u00bboff\u00a0\u00bb da_exit_intent=\u00a0\u00bboff\u00a0\u00bb da_has_close=\u00a0\u00bbon\u00a0\u00bb da_alt_close=\u00a0\u00bboff\u00a0\u00bb da_dark_close=\u00a0\u00bboff\u00a0\u00bb da_not_modal=\u00a0\u00bbon\u00a0\u00bb da_is_singular=\u00a0\u00bboff\u00a0\u00bb da_with_loader=\u00a0\u00bboff\u00a0\u00bb da_has_shadow=\u00a0\u00bbon\u00a0\u00bb][et_pb_row _builder_version=\u00a0\u00bb4.9.4&Prime; _module_preset=\u00a0\u00bbdefault\u00a0\u00bb background_enable_image=\u00a0\u00bboff\u00a0\u00bb custom_margin=\u00a0\u00bb-4vw||||false|false\u00a0\u00bb custom_padding=\u00a0\u00bb0px||0px||true|false\u00a0\u00bb][et_pb_column type=\u00a0\u00bb4_4&Prime; _builder_version=\u00a0\u00bb4.9.4&Prime; _module_preset=\u00a0\u00bbdefault\u00a0\u00bb][et_pb_image src=\u00a0\u00bbhttps:\/\/healthcliner.com\/wp-content\/uploads\/2021\/05\/new-revision.png\u00a0\u00bb title_text=\u00a0\u00bbnouvelle r\u00e9vision\u00a0\u00bb _builder_version=\u00a0\u00bb4.9.4&Prime; _module_preset=\u00a0\u00bbdefault\u00a0\u00bb][\/et_pb_image][et_pb_text _builder_version=\u00a0\u00bb4.9.9&Prime; _module_preset=\u00a0\u00bbdefault\u00a0\u00bb text_font=\u00a0\u00bbRoboto||||||||\u00a0\u00bb text_text_color=\u00a0\u00bb#000000&Prime; text_font_size=\u00a0\u00bb18px\u00a0\u00bb text_line_height=\u00a0\u00bb1.4em\u00a0\u00bb header_font=\u00a0\u00bbRoboto|700||on|||||\u00a0\u00bb header_text_align=\u00a0\u00bbcenter\u00a0\u00bb header_text_color=\u00a0\u00bb#000000&Prime; header_font_size=\u00a0\u00bb45px\u00a0\u00bb header_2_font=\u00a0\u00bbRoboto||||||||\u00a0\u00bb width=\u00a0\u00bb50%\u00a0\u00bb module_alignment=\u00a0\u00bbcenter\u00a0\u00bb hover_enabled=\u00a0\u00bb0&Prime; sticky_enabled=\u00a0\u00bb0&Prime;]<\/p>\n<h2 style=\"text-align: left;\"><\/h2>\n<h2><\/h2>\n<h2><\/h2>\n<p>&nbsp;<\/p>\n<h1>Qui sommes-nous<\/h1>\n<p>Healthcliner est enclin \u00e0 fournir des informations m\u00e9dicales et de sant\u00e9 fond\u00e9es sur des donn\u00e9es probantes. Le contenu de notre site Web est de la plus haute qualit\u00e9, car il provient des \u00e9tudes de recherche en sant\u00e9 les plus r\u00e9centes et les plus r\u00e9put\u00e9es. L\u2019originalit\u00e9 est notre marque de fabrique.<\/p>\n<p>[\/et_pb_text][\/et_pb_column][\/et_pb_row][\/et_pb_section]<\/p>\n","protected":false},"excerpt":{"rendered":"<p>[et_pb_section fb_built=\u00a0\u00bb1&Prime; _builder_version=\u00a0\u00bb4.9.4&Prime; _module_preset=\u00a0\u00bbdefault\u00a0\u00bb custom_margin=\u00a0\u00bb||||false|false\u00a0\u00bb custom_padding=\u00a0\u00bb||0px||false|false\u00a0\u00bb da_disable_devices=\u00a0\u00bboff|off|off\u00a0\u00bb da_is_popup=\u00a0\u00bboff\u00a0\u00bb da_exit_intent=\u00a0\u00bboff\u00a0\u00bb da_has_close=\u00a0\u00bbon\u00a0\u00bb da_alt_close=\u00a0\u00bboff\u00a0\u00bb da_dark_close=\u00a0\u00bboff\u00a0\u00bb da_not_modal=\u00a0\u00bbon\u00a0\u00bb da_is_singular=\u00a0\u00bboff\u00a0\u00bb da_with_loader=\u00a0\u00bboff\u00a0\u00bb da_has_shadow=\u00a0\u00bbon\u00a0\u00bb][et_pb_row _builder_version=\u00a0\u00bb4.9.4&Prime; _module_preset=\u00a0\u00bbdefault\u00a0\u00bb background_enable_image=\u00a0\u00bboff\u00a0\u00bb custom_margin=\u00a0\u00bb-4vw||||false|false\u00a0\u00bb custom_padding=\u00a0\u00bb0px||0px||true|false\u00a0\u00bb][et_pb_column type=\u00a0\u00bb4_4&Prime; _builder_version=\u00a0\u00bb4.9.4&Prime; _module_preset=\u00a0\u00bbdefault\u00a0\u00bb][et_pb_image src=\u00a0\u00bbhttps:\/\/healthcliner.com\/wp-content\/uploads\/2021\/05\/new-revision.png\u00a0\u00bb title_text=\u00a0\u00bbnouvelle r\u00e9vision\u00a0\u00bb _builder_version=\u00a0\u00bb4.9.4&Prime; _module_preset=\u00a0\u00bbdefault\u00a0\u00bb][\/et_pb_image][et_pb_text _builder_version=\u00a0\u00bb4.9.9&Prime; _module_preset=\u00a0\u00bbdefault\u00a0\u00bb text_font=\u00a0\u00bbRoboto||||||||\u00a0\u00bb text_text_color=\u00a0\u00bb#000000&Prime; text_font_size=\u00a0\u00bb18px\u00a0\u00bb text_line_height=\u00a0\u00bb1.4em\u00a0\u00bb header_font=\u00a0\u00bbRoboto|700||on|||||\u00a0\u00bb header_text_align=\u00a0\u00bbcenter\u00a0\u00bb header_text_color=\u00a0\u00bb#000000&Prime; header_font_size=\u00a0\u00bb45px\u00a0\u00bb header_2_font=\u00a0\u00bbRoboto||||||||\u00a0\u00bb width=\u00a0\u00bb50%\u00a0\u00bb module_alignment=\u00a0\u00bbcenter\u00a0\u00bb hover_enabled=\u00a0\u00bb0&Prime; sticky_enabled=\u00a0\u00bb0&Prime;] &nbsp; Qui sommes-nous Healthcliner est enclin \u00e0 fournir des informations m\u00e9dicales [&hellip;]<\/p>\n","protected":false},"author":1,"featured_media":0,"parent":0,"menu_order":9,"comment_status":"closed","ping_status":"closed","template":"","meta":{"_crdt_document":"","tdm_status":"","tdm_grid_status":"","footnotes":""},"class_list":["post-6051","page","type-page","status-publish"],"yoast_head":"<!-- This site is optimized with the Yoast SEO plugin v27.4 - https:\/\/yoast.com\/product\/yoast-seo-wordpress\/ -->\n<title>Qui sommes-nous - Healthcliner<\/title>\n<meta name=\"robots\" content=\"index, follow, max-snippet:-1, max-image-preview:large, max-video-preview:-1\" \/>\n<link rel=\"canonical\" href=\"https:\/\/healthcliner.com\/fr\/qui-sommes-nous\/\" \/>\n<meta property=\"og:locale\" content=\"fr_FR\" \/>\n<meta property=\"og:type\" content=\"article\" \/>\n<meta property=\"og:title\" content=\"Qui sommes-nous - Healthcliner\" \/>\n<meta property=\"og:description\" content=\"[et_pb_section fb_built=\u00a0\u00bb1&Prime; _builder_version=\u00a0\u00bb4.9.4&Prime; _module_preset=\u00a0\u00bbdefault\u00a0\u00bb custom_margin=\u00a0\u00bb||||false|false\u00a0\u00bb custom_padding=\u00a0\u00bb||0px||false|false\u00a0\u00bb da_disable_devices=\u00a0\u00bboff|off|off\u00a0\u00bb da_is_popup=\u00a0\u00bboff\u00a0\u00bb da_exit_intent=\u00a0\u00bboff\u00a0\u00bb da_has_close=\u00a0\u00bbon\u00a0\u00bb da_alt_close=\u00a0\u00bboff\u00a0\u00bb da_dark_close=\u00a0\u00bboff\u00a0\u00bb da_not_modal=\u00a0\u00bbon\u00a0\u00bb da_is_singular=\u00a0\u00bboff\u00a0\u00bb da_with_loader=\u00a0\u00bboff\u00a0\u00bb da_has_shadow=\u00a0\u00bbon\u00a0\u00bb][et_pb_row _builder_version=\u00a0\u00bb4.9.4&Prime; _module_preset=\u00a0\u00bbdefault\u00a0\u00bb background_enable_image=\u00a0\u00bboff\u00a0\u00bb custom_margin=\u00a0\u00bb-4vw||||false|false\u00a0\u00bb custom_padding=\u00a0\u00bb0px||0px||true|false\u00a0\u00bb][et_pb_column type=\u00a0\u00bb4_4&Prime; _builder_version=\u00a0\u00bb4.9.4&Prime; _module_preset=\u00a0\u00bbdefault\u00a0\u00bb][et_pb_image src=\u00a0\u00bbhttps:\/\/healthcliner.com\/wp-content\/uploads\/2021\/05\/new-revision.png\u00a0\u00bb title_text=\u00a0\u00bbnouvelle r\u00e9vision\u00a0\u00bb _builder_version=\u00a0\u00bb4.9.4&Prime; _module_preset=\u00a0\u00bbdefault\u00a0\u00bb][\/et_pb_image][et_pb_text _builder_version=\u00a0\u00bb4.9.9&Prime; _module_preset=\u00a0\u00bbdefault\u00a0\u00bb text_font=\u00a0\u00bbRoboto||||||||\u00a0\u00bb text_text_color=\u00a0\u00bb#000000&Prime; text_font_size=\u00a0\u00bb18px\u00a0\u00bb text_line_height=\u00a0\u00bb1.4em\u00a0\u00bb header_font=\u00a0\u00bbRoboto|700||on|||||\u00a0\u00bb header_text_align=\u00a0\u00bbcenter\u00a0\u00bb header_text_color=\u00a0\u00bb#000000&Prime; header_font_size=\u00a0\u00bb45px\u00a0\u00bb header_2_font=\u00a0\u00bbRoboto||||||||\u00a0\u00bb width=\u00a0\u00bb50%\u00a0\u00bb module_alignment=\u00a0\u00bbcenter\u00a0\u00bb hover_enabled=\u00a0\u00bb0&Prime; sticky_enabled=\u00a0\u00bb0&Prime;] &nbsp; Qui sommes-nous Healthcliner est enclin \u00e0 fournir des informations m\u00e9dicales [&hellip;]\" \/>\n<meta property=\"og:url\" content=\"https:\/\/healthcliner.com\/fr\/qui-sommes-nous\/\" \/>\n<meta property=\"og:site_name\" content=\"Healthcliner\" \/>\n<meta property=\"article:publisher\" content=\"https:\/\/business.facebook.com\/Healthcliner\" \/>\n<meta property=\"article:modified_time\" content=\"2021-08-10T05:48:12+00:00\" \/>\n<meta name=\"twitter:card\" content=\"summary_large_image\" \/>\n<meta name=\"twitter:site\" content=\"@healthcliner\" \/>\n<meta name=\"twitter:label1\" content=\"Dur\u00e9e de lecture estim\u00e9e\" \/>\n\t<meta name=\"twitter:data1\" content=\"1 minute\" \/>\n<script type=\"application\/ld+json\" class=\"yoast-schema-graph\">{\"@context\":\"https:\\\/\\\/schema.org\",\"@graph\":[{\"@type\":\"WebPage\",\"@id\":\"https:\\\/\\\/healthcliner.com\\\/fr\\\/qui-sommes-nous\\\/\",\"url\":\"https:\\\/\\\/healthcliner.com\\\/fr\\\/qui-sommes-nous\\\/\",\"name\":\"Qui sommes-nous - Healthcliner\",\"isPartOf\":{\"@id\":\"https:\\\/\\\/healthcliner.com\\\/fr\\\/#website\"},\"datePublished\":\"2021-08-10T05:48:09+00:00\",\"dateModified\":\"2021-08-10T05:48:12+00:00\",\"breadcrumb\":{\"@id\":\"https:\\\/\\\/healthcliner.com\\\/fr\\\/qui-sommes-nous\\\/#breadcrumb\"},\"inLanguage\":\"fr-FR\",\"potentialAction\":[{\"@type\":\"ReadAction\",\"target\":[\"https:\\\/\\\/healthcliner.com\\\/fr\\\/qui-sommes-nous\\\/\"]}]},{\"@type\":\"BreadcrumbList\",\"@id\":\"https:\\\/\\\/healthcliner.com\\\/fr\\\/qui-sommes-nous\\\/#breadcrumb\",\"itemListElement\":[{\"@type\":\"ListItem\",\"position\":1,\"name\":\"Home\",\"item\":\"https:\\\/\\\/healthcliner.com\\\/fr\\\/\"},{\"@type\":\"ListItem\",\"position\":2,\"name\":\"Qui sommes-nous\"}]},{\"@type\":\"WebSite\",\"@id\":\"https:\\\/\\\/healthcliner.com\\\/fr\\\/#website\",\"url\":\"https:\\\/\\\/healthcliner.com\\\/fr\\\/\",\"name\":\"Healthcliner\",\"description\":\"Evidence-based Health Information\",\"publisher\":{\"@id\":\"https:\\\/\\\/healthcliner.com\\\/fr\\\/#organization\"},\"potentialAction\":[{\"@type\":\"SearchAction\",\"target\":{\"@type\":\"EntryPoint\",\"urlTemplate\":\"https:\\\/\\\/healthcliner.com\\\/fr\\\/?s={search_term_string}\"},\"query-input\":{\"@type\":\"PropertyValueSpecification\",\"valueRequired\":true,\"valueName\":\"search_term_string\"}}],\"inLanguage\":\"fr-FR\"},{\"@type\":\"Organization\",\"@id\":\"https:\\\/\\\/healthcliner.com\\\/fr\\\/#organization\",\"name\":\"Healthcliner\",\"url\":\"https:\\\/\\\/healthcliner.com\\\/fr\\\/\",\"logo\":{\"@type\":\"ImageObject\",\"inLanguage\":\"fr-FR\",\"@id\":\"https:\\\/\\\/healthcliner.com\\\/fr\\\/#\\\/schema\\\/logo\\\/image\\\/\",\"url\":\"https:\\\/\\\/healthcliner.com\\\/wp-content\\\/uploads\\\/2021\\\/09\\\/Small-size-transparent-image-for-web-1.png\",\"contentUrl\":\"https:\\\/\\\/healthcliner.com\\\/wp-content\\\/uploads\\\/2021\\\/09\\\/Small-size-transparent-image-for-web-1.png\",\"width\":500,\"height\":101,\"caption\":\"Healthcliner\"},\"image\":{\"@id\":\"https:\\\/\\\/healthcliner.com\\\/fr\\\/#\\\/schema\\\/logo\\\/image\\\/\"},\"sameAs\":[\"https:\\\/\\\/business.facebook.com\\\/Healthcliner\",\"https:\\\/\\\/x.com\\\/healthcliner\",\"https:\\\/\\\/www.instagram.com\\\/healthcliner\\\/\",\"https:\\\/\\\/www.pinterest.com\\\/Healthcliner\\\/\"]}]}<\/script>\n<!-- \/ Yoast SEO plugin. -->","yoast_head_json":{"title":"Qui sommes-nous - Healthcliner","robots":{"index":"index","follow":"follow","max-snippet":"max-snippet:-1","max-image-preview":"max-image-preview:large","max-video-preview":"max-video-preview:-1"},"canonical":"https:\/\/healthcliner.com\/fr\/qui-sommes-nous\/","og_locale":"fr_FR","og_type":"article","og_title":"Qui sommes-nous - Healthcliner","og_description":"[et_pb_section fb_built=\u00a0\u00bb1&Prime; _builder_version=\u00a0\u00bb4.9.4&Prime; _module_preset=\u00a0\u00bbdefault\u00a0\u00bb custom_margin=\u00a0\u00bb||||false|false\u00a0\u00bb custom_padding=\u00a0\u00bb||0px||false|false\u00a0\u00bb da_disable_devices=\u00a0\u00bboff|off|off\u00a0\u00bb da_is_popup=\u00a0\u00bboff\u00a0\u00bb da_exit_intent=\u00a0\u00bboff\u00a0\u00bb da_has_close=\u00a0\u00bbon\u00a0\u00bb da_alt_close=\u00a0\u00bboff\u00a0\u00bb da_dark_close=\u00a0\u00bboff\u00a0\u00bb da_not_modal=\u00a0\u00bbon\u00a0\u00bb da_is_singular=\u00a0\u00bboff\u00a0\u00bb da_with_loader=\u00a0\u00bboff\u00a0\u00bb da_has_shadow=\u00a0\u00bbon\u00a0\u00bb][et_pb_row _builder_version=\u00a0\u00bb4.9.4&Prime; _module_preset=\u00a0\u00bbdefault\u00a0\u00bb background_enable_image=\u00a0\u00bboff\u00a0\u00bb custom_margin=\u00a0\u00bb-4vw||||false|false\u00a0\u00bb custom_padding=\u00a0\u00bb0px||0px||true|false\u00a0\u00bb][et_pb_column type=\u00a0\u00bb4_4&Prime; _builder_version=\u00a0\u00bb4.9.4&Prime; _module_preset=\u00a0\u00bbdefault\u00a0\u00bb][et_pb_image src=\u00a0\u00bbhttps:\/\/healthcliner.com\/wp-content\/uploads\/2021\/05\/new-revision.png\u00a0\u00bb title_text=\u00a0\u00bbnouvelle r\u00e9vision\u00a0\u00bb _builder_version=\u00a0\u00bb4.9.4&Prime; _module_preset=\u00a0\u00bbdefault\u00a0\u00bb][\/et_pb_image][et_pb_text _builder_version=\u00a0\u00bb4.9.9&Prime; _module_preset=\u00a0\u00bbdefault\u00a0\u00bb text_font=\u00a0\u00bbRoboto||||||||\u00a0\u00bb text_text_color=\u00a0\u00bb#000000&Prime; text_font_size=\u00a0\u00bb18px\u00a0\u00bb text_line_height=\u00a0\u00bb1.4em\u00a0\u00bb header_font=\u00a0\u00bbRoboto|700||on|||||\u00a0\u00bb header_text_align=\u00a0\u00bbcenter\u00a0\u00bb header_text_color=\u00a0\u00bb#000000&Prime; header_font_size=\u00a0\u00bb45px\u00a0\u00bb header_2_font=\u00a0\u00bbRoboto||||||||\u00a0\u00bb width=\u00a0\u00bb50%\u00a0\u00bb module_alignment=\u00a0\u00bbcenter\u00a0\u00bb hover_enabled=\u00a0\u00bb0&Prime; sticky_enabled=\u00a0\u00bb0&Prime;] &nbsp; Qui sommes-nous Healthcliner est enclin \u00e0 fournir des informations m\u00e9dicales [&hellip;]","og_url":"https:\/\/healthcliner.com\/fr\/qui-sommes-nous\/","og_site_name":"Healthcliner","article_publisher":"https:\/\/business.facebook.com\/Healthcliner","article_modified_time":"2021-08-10T05:48:12+00:00","twitter_card":"summary_large_image","twitter_site":"@healthcliner","twitter_misc":{"Dur\u00e9e de lecture estim\u00e9e":"1 minute"},"schema":{"@context":"https:\/\/schema.org","@graph":[{"@type":"WebPage","@id":"https:\/\/healthcliner.com\/fr\/qui-sommes-nous\/","url":"https:\/\/healthcliner.com\/fr\/qui-sommes-nous\/","name":"Qui sommes-nous - Healthcliner","isPartOf":{"@id":"https:\/\/healthcliner.com\/fr\/#website"},"datePublished":"2021-08-10T05:48:09+00:00","dateModified":"2021-08-10T05:48:12+00:00","breadcrumb":{"@id":"https:\/\/healthcliner.com\/fr\/qui-sommes-nous\/#breadcrumb"},"inLanguage":"fr-FR","potentialAction":[{"@type":"ReadAction","target":["https:\/\/healthcliner.com\/fr\/qui-sommes-nous\/"]}]},{"@type":"BreadcrumbList","@id":"https:\/\/healthcliner.com\/fr\/qui-sommes-nous\/#breadcrumb","itemListElement":[{"@type":"ListItem","position":1,"name":"Home","item":"https:\/\/healthcliner.com\/fr\/"},{"@type":"ListItem","position":2,"name":"Qui sommes-nous"}]},{"@type":"WebSite","@id":"https:\/\/healthcliner.com\/fr\/#website","url":"https:\/\/healthcliner.com\/fr\/","name":"Healthcliner","description":"Evidence-based Health Information","publisher":{"@id":"https:\/\/healthcliner.com\/fr\/#organization"},"potentialAction":[{"@type":"SearchAction","target":{"@type":"EntryPoint","urlTemplate":"https:\/\/healthcliner.com\/fr\/?s={search_term_string}"},"query-input":{"@type":"PropertyValueSpecification","valueRequired":true,"valueName":"search_term_string"}}],"inLanguage":"fr-FR"},{"@type":"Organization","@id":"https:\/\/healthcliner.com\/fr\/#organization","name":"Healthcliner","url":"https:\/\/healthcliner.com\/fr\/","logo":{"@type":"ImageObject","inLanguage":"fr-FR","@id":"https:\/\/healthcliner.com\/fr\/#\/schema\/logo\/image\/","url":"https:\/\/healthcliner.com\/wp-content\/uploads\/2021\/09\/Small-size-transparent-image-for-web-1.png","contentUrl":"https:\/\/healthcliner.com\/wp-content\/uploads\/2021\/09\/Small-size-transparent-image-for-web-1.png","width":500,"height":101,"caption":"Healthcliner"},"image":{"@id":"https:\/\/healthcliner.com\/fr\/#\/schema\/logo\/image\/"},"sameAs":["https:\/\/business.facebook.com\/Healthcliner","https:\/\/x.com\/healthcliner","https:\/\/www.instagram.com\/healthcliner\/","https:\/\/www.pinterest.com\/Healthcliner\/"]}]}},"amp_enabled":true,"_links":{"self":[{"href":"https:\/\/healthcliner.com\/fr\/wp-json\/wp\/v2\/pages\/6051","targetHints":{"allow":["GET"]}}],"collection":[{"href":"https:\/\/healthcliner.com\/fr\/wp-json\/wp\/v2\/pages"}],"about":[{"href":"https:\/\/healthcliner.com\/fr\/wp-json\/wp\/v2\/types\/page"}],"author":[{"embeddable":true,"href":"https:\/\/healthcliner.com\/fr\/wp-json\/wp\/v2\/users\/1"}],"replies":[{"embeddable":true,"href":"https:\/\/healthcliner.com\/fr\/wp-json\/wp\/v2\/comments?post=6051"}],"version-history":[{"count":6,"href":"https:\/\/healthcliner.com\/fr\/wp-json\/wp\/v2\/pages\/6051\/revisions"}],"predecessor-version":[{"id":6057,"href":"https:\/\/healthcliner.com\/fr\/wp-json\/wp\/v2\/pages\/6051\/revisions\/6057"}],"wp:attachment":[{"href":"https:\/\/healthcliner.com\/fr\/wp-json\/wp\/v2\/media?parent=6051"}],"curies":[{"name":"wp","href":"https:\/\/api.w.org\/{rel}","templated":true}]}}