{"id":6638,"date":"2021-08-10T11:50:56","date_gmt":"2021-08-10T15:50:56","guid":{"rendered":"https:\/\/healthcliner.com\/renuncia\/"},"modified":"2021-08-10T11:51:00","modified_gmt":"2021-08-10T15:51:00","slug":"renuncia","status":"publish","type":"page","link":"https:\/\/healthcliner.com\/es\/renuncia\/","title":{"rendered":"Renuncia"},"content":{"rendered":"<p>[et_pb_section fb_built=\u00bb1&#8243; _builder_version=\u00bb4.9.4&#8243; _module_preset=\u00bbdefault\u00bb custom_padding=\u00bb||0px||false|false\u00bb da_disable_devices=\u00bboff|off|off\u00bb da_is_popup=\u00bboff\u00bb da_exit_intent=\u00bboff\u00bb da_has_close=\u00bbon\u00bb da_alt_close=\u00bboff\u00bb da_dark_close=\u00bboff\u00bb da_not_modal=\u00bbon\u00bb da_is_singular=\u00bboff\u00bb da_with_loader=\u00bboff\u00bb da_has_shadow=\u00bbon\u00bb][et_pb_row _builder_version=\u00bb4.9.4&#8243; _module_preset=\u00bbdefault\u00bb custom_padding=\u00bb||0px||false|false\u00bb][et_pb_column type=\u00bb4_4&#8243; _builder_version=\u00bb4.9.4&#8243; _module_preset=\u00bbdefault\u00bb][et_pb_text _builder_version=\u00bb4.9.4&#8243; _module_preset=\u00bbdefault\u00bb text_font=\u00bbRoboto||||||||\u00bb text_text_color=\u00bbrgba(0,0,0,0.75)\u00bb text_font_size=\u00bb16px\u00bb link_font=\u00bbRoboto||||||||\u00bb link_text_color=\u00bb#68d800&#8243; link_font_size=\u00bb16px\u00bb custom_margin=\u00bb-2vw||||false|false\u00bb]<\/p>\n<p><strong>Renuncia<\/strong><\/p>\n<p>Este descargo de responsabilidad (\u00abDescargo de responsabilidad\u00bb) establece las pautas generales, divulgaciones y t\u00e9rminos de su uso del sitio web de healthcliner.com (\u00abSitio web\u00bb o \u00abServicio\u00bb) y cualquiera de sus productos y servicios relacionados (colectivamente, \u00abServicios\u00bb). Este Descargo de responsabilidad es un acuerdo legalmente vinculante entre usted (\u00abUsuario\u00bb, \u00abusted\u00bb o \u00absu\u00bb) y Healthcliner (\u00abHealthcliner\u00bb, \u00abnosotros\u00bb, \u00abnos\u00bb o \u00abnuestro\u00bb). Al acceder y utilizar el Sitio web y los Servicios, usted reconoce que ha le\u00eddo, entendido y acepta estar sujeto a los t\u00e9rminos de este Descargo de responsabilidad. Si est\u00e1 celebrando este Descargo de responsabilidad en nombre de una empresa u otra entidad legal, usted declara que tiene la autoridad para vincular a dicha entidad a este Descargo de responsabilidad, en cuyo caso los t\u00e9rminos \u00abUsuario\u00bb, \u00abusted\u00bb o \u00absu\u00bb se referir\u00e1n a dicha entidad. Si no tiene dicha autoridad, o si no est\u00e1 de acuerdo con los t\u00e9rminos de este Descargo de responsabilidad, no debe aceptar este Descargo de responsabilidad y no puede acceder y utilizar el Sitio web y los Servicios. Usted reconoce que este Descargo de responsabilidad es un contrato entre usted y Healthcliner, aunque sea electr\u00f3nico y no est\u00e9 firmado f\u00edsicamente por usted, y rige su uso del Sitio web y los Servicios.<\/p>\n<p><strong>Representaci\u00f3n<\/strong><\/p>\n<p>Cualquier punto de vista u opini\u00f3n representado en el sitio web pertenece \u00fanicamente a Healthcliner, sus creadores de contenido y empleados, y no representan los de personas, instituciones u organizaciones con las que Healthcliner puede o no estar asociado a t\u00edtulo profesional o personal, a menos que se indique expl\u00edcitamente. Cualquier punto de vista u opini\u00f3n no tiene la intenci\u00f3n de difamar a ninguna religi\u00f3n, grupo \u00e9tnico, club, organizaci\u00f3n, empresa o individuo.<\/p>\n<p><strong>Contenido y publicaciones<\/strong><\/p>\n<p>Usted no puede modificar, imprimir o copiar ninguna parte del Sitio Web y los Servicios. La inclusi\u00f3n de cualquier parte del Sitio web y los Servicios en otro trabajo, ya sea en forma impresa o electr\u00f3nica u otra forma, o la inclusi\u00f3n de cualquier parte del Sitio web y los Servicios en otro recurso mediante incrustaci\u00f3n, enmarcado o de otro modo sin el permiso expreso de Healthcliner est\u00e1 prohibida. Compensaci\u00f3n y patrocinio<\/p>\n<p>El Sitio Web y los Servicios pueden contener formas de publicidad. Los espacios publicitarios siempre ser\u00e1n identificados como tales. Algunos de los enlaces en el sitio web pueden ser \u00abenlaces de afiliados\u00bb. Esto significa que si hace clic en el enlace y compra un art\u00edculo, Healthcliner recibir\u00e1 una comisi\u00f3n de afiliado. Adem\u00e1s, Healthcliner participa en el programa Amazon Associates, un programa de publicidad de afiliados dise\u00f1ado para proporcionar un medio para ganar tarifas de publicidad mediante la publicidad y la vinculaci\u00f3n a propiedades de Amazon. Descargo de responsabilidad m\u00e9dica y de fitness<\/p>\n<p>La informaci\u00f3n disponible en el sitio web es solo para informaci\u00f3n general de salud y no pretende ser un sustituto del consejo m\u00e9dico profesional, diagn\u00f3stico o tratamiento. No debe confiar exclusivamente en la informaci\u00f3n proporcionada en el sitio web para sus necesidades de salud. Todas las preguntas m\u00e9dicas espec\u00edficas deben presentarse a su propio proveedor de atenci\u00f3n m\u00e9dica y usted debe buscar consejo m\u00e9dico con respecto a su salud y antes de comenzar cualquier nutrici\u00f3n, p\u00e9rdida de peso o cualquier otro tipo de programa de entrenamiento.<\/p>\n<p>Si decide utilizar la informaci\u00f3n disponible en el sitio web sin la consulta previa y el consentimiento de su m\u00e9dico, usted est\u00e1 de acuerdo en aceptar toda la responsabilidad por sus decisiones y acepta mantener indemne Healthcliner, sus agentes, empleados, contratistas y cualquier compa\u00f1\u00eda afiliada de cualquier responsabilidad con respecto a lesiones o enfermedades a usted o su propiedad que surjan de o est\u00e9n relacionadas con su uso de esta informaci\u00f3n.<\/p>\n<p>Puede haber riesgos asociados con la participaci\u00f3n en actividades presentadas en el sitio web para personas con buena o mala salud o con condiciones de salud f\u00edsica o mental preexistentes. Si decide participar en estos riesgos, lo hace por su propia voluntad y acuerdo, asumiendo a sabiendas y voluntariamente todos los riesgos asociados con tales actividades.<\/p>\n<p>Los resultados obtenidos de la informaci\u00f3n disponible en el Sitio Web pueden variar, y se basar\u00e1n en sus antecedentes individuales, salud f\u00edsica, experiencia previa, capacidad, capacidad de actuar, motivaci\u00f3n y otras variables. No hay garant\u00edas con respecto al nivel de \u00e9xito que puede experimentar. No asesoramiento financiero<\/p>\n<p>La informaci\u00f3n en el sitio web se proporciona solo para su conveniencia y no pretende ser tratada como asesoramiento financiero, de inversi\u00f3n, fiscal o de otro tipo. Nada de lo contenido en el sitio web constituye una solicitud, recomendaci\u00f3n, respaldo u oferta por parte de Healthcliner, sus agentes, empleados, contratistas y cualquier compa\u00f1\u00eda afiliada para comprar o vender valores u otros instrumentos financieros.<\/p>\n<p>Todo el contenido de este sitio es informaci\u00f3n de naturaleza general y no aborda las circunstancias de ninguna persona o entidad en particular. Nada en el Sitio Web constituye asesoramiento profesional y\/o financiero, ni ninguna informaci\u00f3n en el Sitio Web constituye una declaraci\u00f3n completa o completa de los asuntos discutidos o la ley relacionada con los mismos. Usted es el \u00fanico responsable de evaluar los m\u00e9ritos y riesgos asociados con el uso de cualquier informaci\u00f3n u otro contenido en el sitio web antes de tomar cualquier decisi\u00f3n basada en dicha informaci\u00f3n. Usted acepta no responsabilizar a Healthcliner, sus agentes, empleados, contratistas y compa\u00f1\u00edas afiliadas por cualquier posible reclamo por da\u00f1os que surjan de cualquier decisi\u00f3n que tome en base a la informaci\u00f3n puesta a su disposici\u00f3n a trav\u00e9s del Sitio Web.Rese\u00f1as y testimonios<\/p>\n<p>Los testimonios se reciben en varias formas a trav\u00e9s de una variedad de m\u00e9todos de presentaci\u00f3n. Son experiencias individuales, que reflejan experiencias de aquellos que han utilizado el Sitio Web y los Servicios de una manera u otra. Sin embargo, son resultados individuales y los resultados var\u00edan. No pretendemos que sean resultados t\u00edpicos que los consumidores generalmente lograr\u00e1n. Los testimonios no son necesariamente representativos de todos aquellos que utilizar\u00e1n el sitio web y los servicios, y Healthcliner no es responsable de las opiniones o comentarios disponibles en el sitio web, y no necesariamente los comparte. Todas las opiniones expresadas son estrictamente los puntos de vista de los revisores.<\/p>\n<p>Los testimonios mostrados se dan literalmente, excepto para correcciones de errores gramaticales o de mecanograf\u00eda. Algunos testimonios pueden haber sido editados para mayor claridad, o acortados en los casos en que el testimonio original inclu\u00eda informaci\u00f3n extra\u00f1a de ninguna relevancia para el p\u00fablico en general. Los testimonios pueden ser revisados para la autenticidad antes de que est\u00e9n disponibles para su visualizaci\u00f3n p\u00fablica. Indemnizaci\u00f3n y garant\u00edas<\/p>\n<p>Healthcliner garantiza la exactitud, fiabilidad e integridad de la informaci\u00f3n y el contenido, distribuidos, enlazados, descargados o accedidos desde el Sitio Web y los Servicios. Sin embargo, toda la informaci\u00f3n en el sitio web se proporciona \u00abtal cual\u00bb, sin garant\u00eda de los resultados obtenidos del uso de esta informaci\u00f3n, y sin garant\u00eda de ning\u00fan tipo, expresa o impl\u00edcita. En ning\u00fan caso Healthcliner, o sus socios, empleados o agentes, ser\u00e1n responsables ante usted o cualquier otra persona por cualquier decisi\u00f3n tomada o acci\u00f3n tomada en base a la informaci\u00f3n en el Sitio web, o por cualquier da\u00f1o consecuente, especial o similar, incluso si se advierte de la posibilidad de tales da\u00f1os.<\/p>\n<p>Adem\u00e1s, como con cualquier negocio, sus resultados pueden variar y se basar\u00e1n en su capacidad individual, experiencia, conocimientos y nivel de deseo. No hay garant\u00edas con respecto al nivel de \u00e9xito que puede experimentar. No hay garant\u00eda de que usted har\u00e1 ning\u00fan ingreso en absoluto y usted acepta el riesgo de que las declaraciones de ganancias y de ingresos difieren seg\u00fan el individuo. El \u00e9xito de cada individuo depende de sus antecedentes, dedicaci\u00f3n, deseo y motivaci\u00f3n. El uso de la informaci\u00f3n en el Sitio web y los Servicios debe basarse en su propia diligencia debida y usted acepta que Healthcliner no es responsable de ning\u00fan \u00e9xito o fracaso de su negocio que est\u00e9 directa o indirectamente relacionado con la compra y el uso de nuestra informaci\u00f3n, productos y servicios revisados o anunciados en el Sitio web. La informaci\u00f3n contenida en el Sitio Web est\u00e1 sujeta a cambios en cualquier momento y sin previo aviso.<\/p>\n<p><strong>Cambios y enmiendas<\/strong><\/p>\n<p>Nos reservamos el derecho de modificar este Descargo de responsabilidad o sus t\u00e9rminos relacionados con el Sitio web y los Servicios en cualquier momento, a partir de la publicaci\u00f3n de una versi\u00f3n actualizada de este Descargo de responsabilidad en el Sitio web. Cuando lo hagamos, revisaremos la fecha de actualizaci\u00f3n en la parte inferior de esta p\u00e1gina. El uso continuado del Sitio web y los Servicios despu\u00e9s de dichos cambios constituir\u00e1 su consentimiento a dichos cambios.<\/p>\n<p><strong>Aceptaci\u00f3n de este descargo de responsabilidad<\/strong><\/p>\n<p>Usted reconoce que ha le\u00eddo este Descargo de responsabilidad y acepta todos sus t\u00e9rminos y condiciones. Al acceder y utilizar el Sitio web y los Servicios, usted acepta estar sujeto a este Descargo de responsabilidad. Si no acepta cumplir con los t\u00e9rminos de este Descargo de responsabilidad, no est\u00e1 autorizado a acceder o utilizar el Sitio web y los Servicios.<\/p>\n<p><strong>Contactando con nosotros<\/strong><\/p>\n<p>Si desea ponerse en contacto con nosotros para comprender m\u00e1s sobre este Descargo de responsabilidad o desea ponerse en contacto con nosotros en relaci\u00f3n con cualquier asunto relacionado con \u00e9l, puede hacerlo a trav\u00e9s del formulario de contacto, enviar un correo electr\u00f3nico a contact@healthcliner.com o escribir una carta a 441 Fairview Avenue, Bridgeport, CT 06606, EE. UU.<\/p>\n<p><strong>Este documento fue actualizado por \u00faltima vez el 3 de junio de 2021<\/strong><\/p>\n<p><strong><a href=\"https:\/\/www.websitepolicies.com\/policies\/view\/CLkRTeuB\" target=\"_blank\" rel=\"noopener\">https:\/\/www.websitepolicies.com\/policies\/view\/CLkRTeuB<\/a><\/strong><\/p>\n<p>[\/et_pb_text][\/et_pb_column][\/et_pb_row][\/et_pb_section]<\/p>\n","protected":false},"excerpt":{"rendered":"<p>[et_pb_section fb_built=\u00bb1&#8243; _builder_version=\u00bb4.9.4&#8243; _module_preset=\u00bbdefault\u00bb custom_padding=\u00bb||0px||false|false\u00bb da_disable_devices=\u00bboff|off|off\u00bb da_is_popup=\u00bboff\u00bb da_exit_intent=\u00bboff\u00bb da_has_close=\u00bbon\u00bb da_alt_close=\u00bboff\u00bb da_dark_close=\u00bboff\u00bb da_not_modal=\u00bbon\u00bb da_is_singular=\u00bboff\u00bb da_with_loader=\u00bboff\u00bb da_has_shadow=\u00bbon\u00bb][et_pb_row _builder_version=\u00bb4.9.4&#8243; _module_preset=\u00bbdefault\u00bb custom_padding=\u00bb||0px||false|false\u00bb][et_pb_column type=\u00bb4_4&#8243; _builder_version=\u00bb4.9.4&#8243; _module_preset=\u00bbdefault\u00bb][et_pb_text _builder_version=\u00bb4.9.4&#8243; _module_preset=\u00bbdefault\u00bb text_font=\u00bbRoboto||||||||\u00bb text_text_color=\u00bbrgba(0,0,0,0.75)\u00bb text_font_size=\u00bb16px\u00bb link_font=\u00bbRoboto||||||||\u00bb link_text_color=\u00bb#68d800&#8243; link_font_size=\u00bb16px\u00bb custom_margin=\u00bb-2vw||||false|false\u00bb] Renuncia Este descargo de responsabilidad (\u00abDescargo de responsabilidad\u00bb) establece las pautas generales, divulgaciones y t\u00e9rminos de su uso del sitio web de healthcliner.com (\u00abSitio web\u00bb [&hellip;]<\/p>\n","protected":false},"author":1,"featured_media":0,"parent":0,"menu_order":0,"comment_status":"closed","ping_status":"closed","template":"","meta":{"_crdt_document":"","tdm_status":"","tdm_grid_status":"","footnotes":""},"class_list":["post-6638","page","type-page","status-publish"],"yoast_head":"<!-- This site is optimized with the Yoast SEO plugin v27.4 - https:\/\/yoast.com\/product\/yoast-seo-wordpress\/ -->\n<title>Renuncia - Healthcliner<\/title>\n<meta name=\"robots\" content=\"index, follow, max-snippet:-1, max-image-preview:large, max-video-preview:-1\" \/>\n<link rel=\"canonical\" href=\"https:\/\/healthcliner.com\/es\/renuncia\/\" \/>\n<meta property=\"og:locale\" content=\"es_ES\" \/>\n<meta property=\"og:type\" content=\"article\" \/>\n<meta property=\"og:title\" content=\"Renuncia - Healthcliner\" \/>\n<meta property=\"og:description\" content=\"[et_pb_section fb_built=\u00bb1&#8243; _builder_version=\u00bb4.9.4&#8243; _module_preset=\u00bbdefault\u00bb custom_padding=\u00bb||0px||false|false\u00bb da_disable_devices=\u00bboff|off|off\u00bb da_is_popup=\u00bboff\u00bb da_exit_intent=\u00bboff\u00bb da_has_close=\u00bbon\u00bb da_alt_close=\u00bboff\u00bb da_dark_close=\u00bboff\u00bb da_not_modal=\u00bbon\u00bb da_is_singular=\u00bboff\u00bb da_with_loader=\u00bboff\u00bb da_has_shadow=\u00bbon\u00bb][et_pb_row _builder_version=\u00bb4.9.4&#8243; _module_preset=\u00bbdefault\u00bb custom_padding=\u00bb||0px||false|false\u00bb][et_pb_column type=\u00bb4_4&#8243; _builder_version=\u00bb4.9.4&#8243; _module_preset=\u00bbdefault\u00bb][et_pb_text _builder_version=\u00bb4.9.4&#8243; _module_preset=\u00bbdefault\u00bb text_font=\u00bbRoboto||||||||\u00bb text_text_color=\u00bbrgba(0,0,0,0.75)\u00bb text_font_size=\u00bb16px\u00bb link_font=\u00bbRoboto||||||||\u00bb link_text_color=\u00bb#68d800&#8243; link_font_size=\u00bb16px\u00bb custom_margin=\u00bb-2vw||||false|false\u00bb] Renuncia Este descargo de responsabilidad (\u00abDescargo de responsabilidad\u00bb) establece las pautas generales, divulgaciones y t\u00e9rminos de su uso del sitio web de healthcliner.com (\u00abSitio web\u00bb [&hellip;]\" \/>\n<meta property=\"og:url\" content=\"https:\/\/healthcliner.com\/es\/renuncia\/\" \/>\n<meta property=\"og:site_name\" content=\"Healthcliner\" \/>\n<meta property=\"article:publisher\" content=\"https:\/\/business.facebook.com\/Healthcliner\" \/>\n<meta property=\"article:modified_time\" content=\"2021-08-10T15:51:00+00:00\" \/>\n<meta name=\"twitter:card\" content=\"summary_large_image\" \/>\n<meta name=\"twitter:site\" content=\"@healthcliner\" \/>\n<meta name=\"twitter:label1\" content=\"Tiempo de lectura\" \/>\n\t<meta name=\"twitter:data1\" content=\"9 minutos\" \/>\n<script type=\"application\/ld+json\" class=\"yoast-schema-graph\">{\"@context\":\"https:\\\/\\\/schema.org\",\"@graph\":[{\"@type\":\"WebPage\",\"@id\":\"https:\\\/\\\/healthcliner.com\\\/es\\\/renuncia\\\/\",\"url\":\"https:\\\/\\\/healthcliner.com\\\/es\\\/renuncia\\\/\",\"name\":\"Renuncia - Healthcliner\",\"isPartOf\":{\"@id\":\"https:\\\/\\\/healthcliner.com\\\/es\\\/#website\"},\"datePublished\":\"2021-08-10T15:50:56+00:00\",\"dateModified\":\"2021-08-10T15:51:00+00:00\",\"breadcrumb\":{\"@id\":\"https:\\\/\\\/healthcliner.com\\\/es\\\/renuncia\\\/#breadcrumb\"},\"inLanguage\":\"es\",\"potentialAction\":[{\"@type\":\"ReadAction\",\"target\":[\"https:\\\/\\\/healthcliner.com\\\/es\\\/renuncia\\\/\"]}]},{\"@type\":\"BreadcrumbList\",\"@id\":\"https:\\\/\\\/healthcliner.com\\\/es\\\/renuncia\\\/#breadcrumb\",\"itemListElement\":[{\"@type\":\"ListItem\",\"position\":1,\"name\":\"Home\",\"item\":\"https:\\\/\\\/healthcliner.com\\\/es\\\/\"},{\"@type\":\"ListItem\",\"position\":2,\"name\":\"Renuncia\"}]},{\"@type\":\"WebSite\",\"@id\":\"https:\\\/\\\/healthcliner.com\\\/es\\\/#website\",\"url\":\"https:\\\/\\\/healthcliner.com\\\/es\\\/\",\"name\":\"Healthcliner\",\"description\":\"Evidence-based Health Information\",\"publisher\":{\"@id\":\"https:\\\/\\\/healthcliner.com\\\/es\\\/#organization\"},\"potentialAction\":[{\"@type\":\"SearchAction\",\"target\":{\"@type\":\"EntryPoint\",\"urlTemplate\":\"https:\\\/\\\/healthcliner.com\\\/es\\\/?s={search_term_string}\"},\"query-input\":{\"@type\":\"PropertyValueSpecification\",\"valueRequired\":true,\"valueName\":\"search_term_string\"}}],\"inLanguage\":\"es\"},{\"@type\":\"Organization\",\"@id\":\"https:\\\/\\\/healthcliner.com\\\/es\\\/#organization\",\"name\":\"Healthcliner\",\"url\":\"https:\\\/\\\/healthcliner.com\\\/es\\\/\",\"logo\":{\"@type\":\"ImageObject\",\"inLanguage\":\"es\",\"@id\":\"https:\\\/\\\/healthcliner.com\\\/es\\\/#\\\/schema\\\/logo\\\/image\\\/\",\"url\":\"https:\\\/\\\/healthcliner.com\\\/wp-content\\\/uploads\\\/2021\\\/09\\\/Small-size-transparent-image-for-web-1.png\",\"contentUrl\":\"https:\\\/\\\/healthcliner.com\\\/wp-content\\\/uploads\\\/2021\\\/09\\\/Small-size-transparent-image-for-web-1.png\",\"width\":500,\"height\":101,\"caption\":\"Healthcliner\"},\"image\":{\"@id\":\"https:\\\/\\\/healthcliner.com\\\/es\\\/#\\\/schema\\\/logo\\\/image\\\/\"},\"sameAs\":[\"https:\\\/\\\/business.facebook.com\\\/Healthcliner\",\"https:\\\/\\\/x.com\\\/healthcliner\",\"https:\\\/\\\/www.instagram.com\\\/healthcliner\\\/\",\"https:\\\/\\\/www.pinterest.com\\\/Healthcliner\\\/\"]}]}<\/script>\n<!-- \/ Yoast SEO plugin. -->","yoast_head_json":{"title":"Renuncia - Healthcliner","robots":{"index":"index","follow":"follow","max-snippet":"max-snippet:-1","max-image-preview":"max-image-preview:large","max-video-preview":"max-video-preview:-1"},"canonical":"https:\/\/healthcliner.com\/es\/renuncia\/","og_locale":"es_ES","og_type":"article","og_title":"Renuncia - Healthcliner","og_description":"[et_pb_section fb_built=\u00bb1&#8243; _builder_version=\u00bb4.9.4&#8243; _module_preset=\u00bbdefault\u00bb custom_padding=\u00bb||0px||false|false\u00bb da_disable_devices=\u00bboff|off|off\u00bb da_is_popup=\u00bboff\u00bb da_exit_intent=\u00bboff\u00bb da_has_close=\u00bbon\u00bb da_alt_close=\u00bboff\u00bb da_dark_close=\u00bboff\u00bb da_not_modal=\u00bbon\u00bb da_is_singular=\u00bboff\u00bb da_with_loader=\u00bboff\u00bb da_has_shadow=\u00bbon\u00bb][et_pb_row _builder_version=\u00bb4.9.4&#8243; _module_preset=\u00bbdefault\u00bb custom_padding=\u00bb||0px||false|false\u00bb][et_pb_column type=\u00bb4_4&#8243; _builder_version=\u00bb4.9.4&#8243; _module_preset=\u00bbdefault\u00bb][et_pb_text _builder_version=\u00bb4.9.4&#8243; _module_preset=\u00bbdefault\u00bb text_font=\u00bbRoboto||||||||\u00bb text_text_color=\u00bbrgba(0,0,0,0.75)\u00bb text_font_size=\u00bb16px\u00bb link_font=\u00bbRoboto||||||||\u00bb link_text_color=\u00bb#68d800&#8243; link_font_size=\u00bb16px\u00bb custom_margin=\u00bb-2vw||||false|false\u00bb] Renuncia Este descargo de responsabilidad (\u00abDescargo de responsabilidad\u00bb) establece las pautas generales, divulgaciones y t\u00e9rminos de su uso del sitio web de healthcliner.com (\u00abSitio web\u00bb [&hellip;]","og_url":"https:\/\/healthcliner.com\/es\/renuncia\/","og_site_name":"Healthcliner","article_publisher":"https:\/\/business.facebook.com\/Healthcliner","article_modified_time":"2021-08-10T15:51:00+00:00","twitter_card":"summary_large_image","twitter_site":"@healthcliner","twitter_misc":{"Tiempo de lectura":"9 minutos"},"schema":{"@context":"https:\/\/schema.org","@graph":[{"@type":"WebPage","@id":"https:\/\/healthcliner.com\/es\/renuncia\/","url":"https:\/\/healthcliner.com\/es\/renuncia\/","name":"Renuncia - Healthcliner","isPartOf":{"@id":"https:\/\/healthcliner.com\/es\/#website"},"datePublished":"2021-08-10T15:50:56+00:00","dateModified":"2021-08-10T15:51:00+00:00","breadcrumb":{"@id":"https:\/\/healthcliner.com\/es\/renuncia\/#breadcrumb"},"inLanguage":"es","potentialAction":[{"@type":"ReadAction","target":["https:\/\/healthcliner.com\/es\/renuncia\/"]}]},{"@type":"BreadcrumbList","@id":"https:\/\/healthcliner.com\/es\/renuncia\/#breadcrumb","itemListElement":[{"@type":"ListItem","position":1,"name":"Home","item":"https:\/\/healthcliner.com\/es\/"},{"@type":"ListItem","position":2,"name":"Renuncia"}]},{"@type":"WebSite","@id":"https:\/\/healthcliner.com\/es\/#website","url":"https:\/\/healthcliner.com\/es\/","name":"Healthcliner","description":"Evidence-based Health Information","publisher":{"@id":"https:\/\/healthcliner.com\/es\/#organization"},"potentialAction":[{"@type":"SearchAction","target":{"@type":"EntryPoint","urlTemplate":"https:\/\/healthcliner.com\/es\/?s={search_term_string}"},"query-input":{"@type":"PropertyValueSpecification","valueRequired":true,"valueName":"search_term_string"}}],"inLanguage":"es"},{"@type":"Organization","@id":"https:\/\/healthcliner.com\/es\/#organization","name":"Healthcliner","url":"https:\/\/healthcliner.com\/es\/","logo":{"@type":"ImageObject","inLanguage":"es","@id":"https:\/\/healthcliner.com\/es\/#\/schema\/logo\/image\/","url":"https:\/\/healthcliner.com\/wp-content\/uploads\/2021\/09\/Small-size-transparent-image-for-web-1.png","contentUrl":"https:\/\/healthcliner.com\/wp-content\/uploads\/2021\/09\/Small-size-transparent-image-for-web-1.png","width":500,"height":101,"caption":"Healthcliner"},"image":{"@id":"https:\/\/healthcliner.com\/es\/#\/schema\/logo\/image\/"},"sameAs":["https:\/\/business.facebook.com\/Healthcliner","https:\/\/x.com\/healthcliner","https:\/\/www.instagram.com\/healthcliner\/","https:\/\/www.pinterest.com\/Healthcliner\/"]}]}},"amp_enabled":true,"_links":{"self":[{"href":"https:\/\/healthcliner.com\/es\/wp-json\/wp\/v2\/pages\/6638","targetHints":{"allow":["GET"]}}],"collection":[{"href":"https:\/\/healthcliner.com\/es\/wp-json\/wp\/v2\/pages"}],"about":[{"href":"https:\/\/healthcliner.com\/es\/wp-json\/wp\/v2\/types\/page"}],"author":[{"embeddable":true,"href":"https:\/\/healthcliner.com\/es\/wp-json\/wp\/v2\/users\/1"}],"replies":[{"embeddable":true,"href":"https:\/\/healthcliner.com\/es\/wp-json\/wp\/v2\/comments?post=6638"}],"version-history":[{"count":6,"href":"https:\/\/healthcliner.com\/es\/wp-json\/wp\/v2\/pages\/6638\/revisions"}],"predecessor-version":[{"id":6644,"href":"https:\/\/healthcliner.com\/es\/wp-json\/wp\/v2\/pages\/6638\/revisions\/6644"}],"wp:attachment":[{"href":"https:\/\/healthcliner.com\/es\/wp-json\/wp\/v2\/media?parent=6638"}],"curies":[{"name":"wp","href":"https:\/\/api.w.org\/{rel}","templated":true}]}}