{"id":6687,"date":"2021-08-10T12:55:48","date_gmt":"2021-08-10T16:55:48","guid":{"rendered":"https:\/\/healthcliner.com\/verzichtserklaerung\/"},"modified":"2021-08-10T12:55:50","modified_gmt":"2021-08-10T16:55:50","slug":"verzichtserklaerung","status":"publish","type":"page","link":"https:\/\/healthcliner.com\/de\/verzichtserklaerung\/","title":{"rendered":"Verzichtserkl\u00e4rung"},"content":{"rendered":"<p>[et_pb_section fb_built=&#8220;1&#8243; _builder_version=&#8220;4.9.4&#8243; _module_preset=&#8220;default&#8220; custom_padding=&#8220;||0px||false|false&#8220; da_disable_devices=&#8220;off|off|off&#8220; da_is_popup=&#8220;off&#8220; da_exit_intent=&#8220;off&#8220; da_has_close=&#8220;on&#8220; da_alt_close=&#8220;off&#8220; da_dark_close=&#8220;off&#8220; da_not_modal=&#8220;on&#8220; da_is_singular=&#8220;off&#8220; da_with_loader=&#8220;off&#8220; da_has_shadow=&#8220;on&#8220;][et_pb_row _builder_version=&#8220;4.9.4&#8243; _module_preset=&#8220;default&#8220; custom_padding=&#8220;||0px||false|false&#8220;][et_pb_column type=&#8220;4_4&#8243; _builder_version=&#8220;4.9.4&#8243; _module_preset=&#8220;default&#8220;][et_pb_text _builder_version=&#8220;4.9.4&#8243; _module_preset=&#8220;default&#8220; text_font=&#8220;Roboto||||||||&#8220; text_text_color=&#8220;rgba(0,0,0,0.75)&#8220; text_font_size=&#8220;16px&#8220; link_font=&#8220;Roboto||||||||&#8220; link_text_color=&#8220;#68d800&#8243; link_font_size=&#8220;16px&#8220; custom_margin=&#8220;-2vw||||false|false&#8220;]<\/p>\n<p><strong>Verzichtserkl\u00e4rung<\/strong><\/p>\n<p>Dieser Haftungsausschluss (&#8222;Haftungsausschluss&#8220;) legt die allgemeinen Richtlinien, Offenlegungen und Bedingungen f\u00fcr Ihre Nutzung der healthcliner.com-Website (&#8222;Website&#8220; oder &#8222;Service&#8220;) und aller damit verbundenen Produkte und Dienstleistungen (zusammen &#8222;Dienste&#8220;) fest. Dieser Haftungsausschluss ist eine rechtsverbindliche Vereinbarung zwischen Ihnen (&#8222;Benutzer&#8220;, &#8222;Sie&#8220; oder &#8222;Ihr&#8220;) und Healthcliner (&#8222;Healthcliner&#8220;, &#8222;wir&#8220;, &#8222;uns&#8220; oder &#8222;unser&#8220;). Durch den Zugriff auf und die Nutzung der Website und der Dienste best\u00e4tigen Sie, dass Sie die Bedingungen dieses Haftungsausschlusses gelesen, verstanden und damit einverstanden sind, an sie gebunden zu sein. Wenn Sie diesen Haftungsausschluss im Namen eines Unternehmens oder einer anderen juristischen Person eingehen, erkl\u00e4ren Sie, dass Sie befugt sind, diese juristische Person an diesen Haftungsausschluss zu binden, in diesem Fall beziehen sich die Begriffe &#8222;Benutzer&#8220;, &#8222;Sie&#8220; oder &#8222;Ihr&#8220; auf diese Juristische Person. Wenn Sie nicht \u00fcber eine solche Befugnis verf\u00fcgen oder wenn Sie mit den Bedingungen dieses Haftungsausschlusses nicht einverstanden sind, d\u00fcrfen Sie diesen Haftungsausschluss nicht akzeptieren und nicht auf die Website und die Dienste zugreifen und diese nutzen. Sie erkennen an, dass dieser Haftungsausschluss ein Vertrag zwischen Ihnen und Healthcliner ist, auch wenn er elektronisch ist und nicht physisch von Ihnen unterzeichnet wurde, und er Ihre Nutzung der Website und der Dienste regelt.<\/p>\n<p><strong>Vertretung<\/strong><\/p>\n<p>Alle Ansichten oder Meinungen, die auf der Website vertreten werden, geh\u00f6ren ausschlie\u00dflich Healthcliner, seinen Inhaltserstellern und Mitarbeitern und stellen nicht die von Personen, Institutionen oder Organisationen dar, mit denen Healthcliner in beruflicher oder pers\u00f6nlicher Eigenschaft verbunden sein kann oder nicht, es sei denn, dies wird ausdr\u00fccklich angegeben. Irgendwelche Ansichten oder Meinungen sind nicht dazu bestimmt, eine Religion, ethnische Gruppe, Einen Verein, eine Organisation, ein Unternehmen oder eine Einzelperson zu verleumden.<\/p>\n<p><strong>Inhalte und Postings<\/strong><\/p>\n<p>Sie d\u00fcrfen keinen Teil der Website und der Dienste \u00e4ndern, drucken oder kopieren. Die Einbeziehung eines Teils der Website und der Dienste in ein anderes Werk, sei es in gedruckter oder elektronischer oder anderer Form, oder die Aufnahme eines Teils der Website und der Dienste in eine andere Ressource durch Einbettung, Framing oder anderweitig ohne die ausdr\u00fcckliche Genehmigung von Healthcliner ist verboten. Verg\u00fctung und Sponsoring<\/p>\n<p>Die Website und die Dienste k\u00f6nnen Formen der Werbung enthalten. Werbefl\u00e4chen werden immer als solche gekennzeichnet. Einige der Links auf der Website k\u00f6nnen &#8222;Affiliate-Links&#8220; sein. Das hei\u00dft, wenn Sie auf den Link klicken und einen Artikel kaufen, erh\u00e4lt Healthcliner eine Affiliate-Provision. Dar\u00fcber hinaus ist Healthcliner Teilnehmer am Amazon Associates-Programm, einem Affiliate-Werbeprogramm, das entwickelt wurde, um Werbegeb\u00fchren durch Werbung und Links zu Amazon-Immobilien zu verdienen. Fitness und medizinischer Haftungsausschluss<\/p>\n<p>Die auf der Website verf\u00fcgbaren Informationen dienen nur der allgemeinen Gesundheitsinformation und sind nicht als Ersatz f\u00fcr professionelle medizinische Beratung, Diagnose oder Behandlung gedacht. Sie sollten sich f\u00fcr Ihre gesundheitlichen Bed\u00fcrfnisse nicht ausschlie\u00dflich auf die auf der Website bereitgestellten Informationen verlassen. Alle spezifischen medizinischen Fragen sollten Ihrem eigenen Arzt vorgelegt werden und Sie sollten \u00e4rztlichen Rat in Bezug auf Ihre Gesundheit einholen und bevor Sie mit einer Ern\u00e4hrung, Gewichtsabnahme oder einer anderen Art von Trainingsprogramm beginnen.<\/p>\n<p>Wenn Sie sich daf\u00fcr entscheiden, die auf der Website verf\u00fcgbaren Informationen ohne vorherige R\u00fccksprache und Zustimmung Ihres Arztes zu verwenden, erkl\u00e4ren Sie sich damit einverstanden, die volle Verantwortung f\u00fcr Ihre Entscheidungen zu \u00fcbernehmen und Healthcliner, seine Vertreter, Mitarbeiter, Auftragnehmer und alle verbundenen Unternehmen von jeglicher Haftung in Bezug auf Verletzungen oder Krankheiten f\u00fcr Sie oder Ihr Eigentum freizustellen, die sich aus oder im Zusammenhang mit Ihrer Verwendung dieser Informationen ergeben.<\/p>\n<p>Es k\u00f6nnen Risiken im Zusammenhang mit der Teilnahme an Aktivit\u00e4ten auf der Website f\u00fcr Menschen in gutem oder schlechtem Gesundheitszustand oder mit bereits bestehenden k\u00f6rperlichen oder psychischen Erkrankungen bestehen. Wenn Sie sich entscheiden, sich an diesen Risiken zu beteiligen, tun Sie dies aus freiem Willen und Nachgewesen, indem Sie wissentlich und freiwillig alle mit solchen Aktivit\u00e4ten verbundenen Risiken \u00fcbernehmen.<\/p>\n<p>Die Ergebnisse, die aus den auf der Website verf\u00fcgbaren Informationen gewonnen werden, k\u00f6nnen variieren und basieren auf Ihrem individuellen Hintergrund, Ihrer k\u00f6rperlichen Gesundheit, Ihrer fr\u00fcheren Erfahrung, Ihrer F\u00e4higkeit, Ihrer Handlungsf\u00e4higkeit, Ihrer Motivation und anderen Variablen. Es gibt keine Garantien f\u00fcr den Erfolg, den Sie erleben k\u00f6nnen. Keine Finanzberatung<\/p>\n<p>Die Informationen auf der Website werden nur zu Ihrer Bequemlichkeit zur Verf\u00fcgung gestellt und sind nicht als Finanz-, Anlage-, Steuer- oder andere Beratung gedacht. Nichts auf der Website stellt eine Aufforderung, Empfehlung, Billigung oder ein Angebot von Healthcliner, seinen Vertretern, Mitarbeitern, Auftragnehmern und verbundenen Unternehmen zum Kauf oder Verkauf von Wertpapieren oder anderen Finanzinstrumenten dar.<\/p>\n<p>Alle Inhalte auf dieser Website sind Informationen allgemeiner Natur und befassen sich nicht mit den Umst\u00e4nden einer bestimmten nat\u00fcrlichen oder juristischen Person. Nichts auf der Website stellt eine professionelle und\/oder finanzielle Beratung dar, noch stellen Informationen auf der Website eine umfassende oder vollst\u00e4ndige Erkl\u00e4rung der besprochenen Angelegenheiten oder des damit verbundenen Rechts dar. Sie allein \u00fcbernehmen die alleinige Verantwortung f\u00fcr die Bewertung der Vorz\u00fcge und Risiken, die mit der Verwendung von Informationen oder anderen Inhalten auf der Website verbunden sind, bevor Sie Entscheidungen auf der Grundlage solcher Informationen treffen. Sie erkl\u00e4ren sich damit einverstanden, Healthcliner, seine Vertreter, Mitarbeiter, Auftragnehmer und alle verbundenen Unternehmen nicht f\u00fcr m\u00f6gliche Schadensersatzanspr\u00fcche haftbar zu machen, die sich aus einer Entscheidung ergeben, die Sie auf der Grundlage der Informationen treffen, die Ihnen \u00fcber die Website zur Verf\u00fcgung gestellt werden.Bewertungen und Erfahrungsberichte<\/p>\n<p>Testimonials werden in verschiedenen Formen durch eine Vielzahl von Einreichungsmethoden erhalten. Es handelt sich um individuelle Erfahrungen, die Erfahrungen derjenigen widerspiegeln, die die Website und die Dienste auf die eine oder andere Weise genutzt haben. Es handelt sich jedoch um individuelle Ergebnisse, und die Ergebnisse variieren. Wir behaupten nicht, dass es sich um typische Ergebnisse handelt, die Verbraucher im Allgemeinen erzielen werden. Die Testimonials sind nicht unbedingt repr\u00e4sentativ f\u00fcr alle, die die Website und die Dienste nutzen werden, und Healthcliner ist nicht verantwortlich f\u00fcr die auf der Website verf\u00fcgbaren Meinungen oder Kommentare und teilt sie nicht unbedingt. Alle ge\u00e4u\u00dferten Meinungen sind ausschlie\u00dflich die Ansichten der Rezensenten.<\/p>\n<p>Die angezeigten Zeugnisse werden w\u00f6rtlich angegeben, mit Ausnahme von Grammatik- oder Tippfehlerkorrekturen. Einige Zeugnisse wurden m\u00f6glicherweise aus Gr\u00fcnden der Klarheit bearbeitet oder gek\u00fcrzt, wenn das urspr\u00fcngliche Zeugnis irrelevante Informationen enthielt, die f\u00fcr die breite \u00d6ffentlichkeit nicht relevant waren. Testimonials k\u00f6nnen auf Authentizit\u00e4t \u00fcberpr\u00fcft werden, bevor sie f\u00fcr die \u00d6ffentlichkeit zug\u00e4nglich sind. Freistellung und Gew\u00e4hrleistung<\/p>\n<p>Die Genauigkeit, Zuverl\u00e4ssigkeit und Vollst\u00e4ndigkeit der Informationen und Inhalte, die \u00fcber die Website und die Dienste verbreitet, verlinkt, heruntergeladen oder abgerufen werden, werden von Healthcliner garantiert. Alle Informationen auf der Website werden jedoch &#8222;wie besehen&#8220; zur Verf\u00fcgung gestellt, ohne Garantie f\u00fcr die Ergebnisse, die durch die Verwendung dieser Informationen erzielt werden, und ohne jegliche Ausdr\u00fcckliche oder stillschweigende Gew\u00e4hrleistung. In keinem Fall haften Healthcliner oder seine Partner, Mitarbeiter oder Vertreter Ihnen oder einer anderen Person gegen\u00fcber f\u00fcr Entscheidungen oder Handlungen, die im Vertrauen auf die Informationen auf der Website getroffen werden, oder f\u00fcr Folge-, Sonder- oder \u00e4hnliche Sch\u00e4den, selbst wenn auf die M\u00f6glichkeit solcher Sch\u00e4den hingewiesen wurde.<\/p>\n<p>Dar\u00fcber hinaus k\u00f6nnen Ihre Ergebnisse wie bei jedem Unternehmen variieren und basieren auf Ihrer individuellen Kapazit\u00e4t, Erfahrung, Expertise und Ihrem Wunschniveau. Es gibt keine Garantien f\u00fcr den Erfolg, den Sie erleben k\u00f6nnen. Es gibt keine Garantie, dass Sie \u00fcberhaupt ein Einkommen erzielen und Sie akzeptieren das Risiko, dass sich die Gewinn- und Verlustrechnungen von Person zu Person unterscheiden. Der Erfolg jedes Einzelnen h\u00e4ngt von seinem Hintergrund, seinem Engagement, seinem Wunsch und seiner Motivation ab. Die Nutzung der Informationen auf der Website und den Diensten sollte auf Ihrer eigenen Sorgfaltspflicht basieren und Sie stimmen zu, dass Healthcliner nicht f\u00fcr Erfolg oder Misserfolg Ihres Unternehmens haftet, der direkt oder indirekt mit dem Kauf und der Nutzung unserer Informationen, Produkte und Dienstleistungen zusammenh\u00e4ngt, die auf der Website \u00fcberpr\u00fcft oder beworben werden. Die auf der Website enthaltenen Informationen k\u00f6nnen jederzeit und ohne Vorwarnung ge\u00e4ndert werden.<\/p>\n<p><strong>\u00c4nderungen und Erg\u00e4nzungen<\/strong><\/p>\n<p>Wir behalten uns das Recht vor, diesen Haftungsausschluss oder seine Bedingungen in Bezug auf die Website und die Dienste jederzeit zu \u00e4ndern, mit Wirkung von der Ver\u00f6ffentlichung einer aktualisierten Version dieses Haftungsausschlusses auf der Website. Wenn wir dies tun, werden wir das aktualisierte Datum am Ende dieser Seite \u00fcberarbeiten. Die fortgesetzte Nutzung der Website und der Dienste nach solchen \u00c4nderungen stellt Ihre Zustimmung zu diesen \u00c4nderungen dar.<\/p>\n<p><strong>Annahme dieses Haftungsausschlusses<\/strong><\/p>\n<p>Sie best\u00e4tigen, dass Sie diesen Haftungsausschluss gelesen haben und mit allen seinen Bedingungen einverstanden sind. Durch den Zugriff auf und die Nutzung der Website und der Dienste erkl\u00e4ren Sie sich mit diesem Haftungsausschluss einverstanden. Wenn Sie nicht damit einverstanden sind, die Bedingungen dieses Haftungsausschlusses einzuhalten, sind Sie nicht berechtigt, auf die Website und die Dienste zuzugreifen oder diese zu nutzen.<\/p>\n<p><strong>Kontaktieren Sie uns<\/strong><\/p>\n<p>Wenn Sie uns kontaktieren m\u00f6chten, um mehr \u00fcber diesen Haftungsausschluss zu erfahren, oder uns bez\u00fcglich einer damit zusammenh\u00e4ngenden Angelegenheit kontaktieren m\u00f6chten, k\u00f6nnen Sie dies \u00fcber das Kontaktformular tun, eine E-Mail an contact@healthcliner.com senden oder einen Brief an 441 Fairview Avenue, Bridgeport, CT 06606, USA schreiben.<\/p>\n<p><strong>Dieses Dokument wurde zuletzt am 3. Juni 2021 aktualisiert.<\/strong><\/p>\n<p><strong><a href=\"https:\/\/www.websitepolicies.com\/policies\/view\/CLkRTeuB\" target=\"_blank\" rel=\"noopener\">https:\/\/www.websitepolicies.com\/policies\/view\/CLkRTeuB<\/a><\/strong><\/p>\n<p>[\/et_pb_text][\/et_pb_column][\/et_pb_row][\/et_pb_section]<\/p>\n","protected":false},"excerpt":{"rendered":"<p>[et_pb_section fb_built=&#8220;1&#8243; _builder_version=&#8220;4.9.4&#8243; _module_preset=&#8220;default&#8220; custom_padding=&#8220;||0px||false|false&#8220; da_disable_devices=&#8220;off|off|off&#8220; da_is_popup=&#8220;off&#8220; da_exit_intent=&#8220;off&#8220; da_has_close=&#8220;on&#8220; da_alt_close=&#8220;off&#8220; da_dark_close=&#8220;off&#8220; da_not_modal=&#8220;on&#8220; da_is_singular=&#8220;off&#8220; da_with_loader=&#8220;off&#8220; da_has_shadow=&#8220;on&#8220;][et_pb_row _builder_version=&#8220;4.9.4&#8243; _module_preset=&#8220;default&#8220; custom_padding=&#8220;||0px||false|false&#8220;][et_pb_column type=&#8220;4_4&#8243; _builder_version=&#8220;4.9.4&#8243; _module_preset=&#8220;default&#8220;][et_pb_text _builder_version=&#8220;4.9.4&#8243; _module_preset=&#8220;default&#8220; text_font=&#8220;Roboto||||||||&#8220; text_text_color=&#8220;rgba(0,0,0,0.75)&#8220; text_font_size=&#8220;16px&#8220; link_font=&#8220;Roboto||||||||&#8220; link_text_color=&#8220;#68d800&#8243; link_font_size=&#8220;16px&#8220; custom_margin=&#8220;-2vw||||false|false&#8220;] Verzichtserkl\u00e4rung Dieser Haftungsausschluss (&#8222;Haftungsausschluss&#8220;) legt die allgemeinen Richtlinien, Offenlegungen und Bedingungen f\u00fcr Ihre Nutzung der healthcliner.com-Website (&#8222;Website&#8220; oder &#8222;Service&#8220;) und aller damit verbundenen Produkte und [&hellip;]<\/p>\n","protected":false},"author":1,"featured_media":0,"parent":0,"menu_order":0,"comment_status":"closed","ping_status":"closed","template":"","meta":{"_crdt_document":"","tdm_status":"","tdm_grid_status":"","footnotes":""},"class_list":["post-6687","page","type-page","status-publish"],"yoast_head":"<!-- This site is optimized with the Yoast SEO plugin v27.3 - https:\/\/yoast.com\/product\/yoast-seo-wordpress\/ -->\n<title>Verzichtserkl\u00e4rung - Healthcliner<\/title>\n<meta name=\"robots\" content=\"index, follow, max-snippet:-1, max-image-preview:large, max-video-preview:-1\" \/>\n<link rel=\"canonical\" href=\"https:\/\/healthcliner.com\/de\/verzichtserklaerung\/\" \/>\n<meta property=\"og:locale\" content=\"de_DE\" \/>\n<meta property=\"og:type\" content=\"article\" \/>\n<meta property=\"og:title\" content=\"Verzichtserkl\u00e4rung - Healthcliner\" \/>\n<meta property=\"og:description\" content=\"[et_pb_section fb_built=&#8220;1&#8243; _builder_version=&#8220;4.9.4&#8243; _module_preset=&#8220;default&#8220; custom_padding=&#8220;||0px||false|false&#8220; da_disable_devices=&#8220;off|off|off&#8220; da_is_popup=&#8220;off&#8220; da_exit_intent=&#8220;off&#8220; da_has_close=&#8220;on&#8220; da_alt_close=&#8220;off&#8220; da_dark_close=&#8220;off&#8220; da_not_modal=&#8220;on&#8220; da_is_singular=&#8220;off&#8220; da_with_loader=&#8220;off&#8220; da_has_shadow=&#8220;on&#8220;][et_pb_row _builder_version=&#8220;4.9.4&#8243; _module_preset=&#8220;default&#8220; custom_padding=&#8220;||0px||false|false&#8220;][et_pb_column type=&#8220;4_4&#8243; _builder_version=&#8220;4.9.4&#8243; _module_preset=&#8220;default&#8220;][et_pb_text _builder_version=&#8220;4.9.4&#8243; _module_preset=&#8220;default&#8220; text_font=&#8220;Roboto||||||||&#8220; text_text_color=&#8220;rgba(0,0,0,0.75)&#8220; text_font_size=&#8220;16px&#8220; link_font=&#8220;Roboto||||||||&#8220; link_text_color=&#8220;#68d800&#8243; link_font_size=&#8220;16px&#8220; custom_margin=&#8220;-2vw||||false|false&#8220;] Verzichtserkl\u00e4rung Dieser Haftungsausschluss (&#8222;Haftungsausschluss&#8220;) legt die allgemeinen Richtlinien, Offenlegungen und Bedingungen f\u00fcr Ihre Nutzung der healthcliner.com-Website (&#8222;Website&#8220; oder &#8222;Service&#8220;) und aller damit verbundenen Produkte und [&hellip;]\" \/>\n<meta property=\"og:url\" content=\"https:\/\/healthcliner.com\/de\/verzichtserklaerung\/\" \/>\n<meta property=\"og:site_name\" content=\"Healthcliner\" \/>\n<meta property=\"article:publisher\" content=\"https:\/\/business.facebook.com\/Healthcliner\" \/>\n<meta property=\"article:modified_time\" content=\"2021-08-10T16:55:50+00:00\" \/>\n<meta name=\"twitter:card\" content=\"summary_large_image\" \/>\n<meta name=\"twitter:site\" content=\"@healthcliner\" \/>\n<meta name=\"twitter:label1\" content=\"Gesch\u00e4tzte Lesezeit\" \/>\n\t<meta name=\"twitter:data1\" content=\"8\u00a0Minuten\" \/>\n<script type=\"application\/ld+json\" class=\"yoast-schema-graph\">{\"@context\":\"https:\\\/\\\/schema.org\",\"@graph\":[{\"@type\":\"WebPage\",\"@id\":\"https:\\\/\\\/healthcliner.com\\\/de\\\/verzichtserklaerung\\\/\",\"url\":\"https:\\\/\\\/healthcliner.com\\\/de\\\/verzichtserklaerung\\\/\",\"name\":\"Verzichtserkl\u00e4rung - Healthcliner\",\"isPartOf\":{\"@id\":\"https:\\\/\\\/healthcliner.com\\\/de\\\/#website\"},\"datePublished\":\"2021-08-10T16:55:48+00:00\",\"dateModified\":\"2021-08-10T16:55:50+00:00\",\"breadcrumb\":{\"@id\":\"https:\\\/\\\/healthcliner.com\\\/de\\\/verzichtserklaerung\\\/#breadcrumb\"},\"inLanguage\":\"de\",\"potentialAction\":[{\"@type\":\"ReadAction\",\"target\":[\"https:\\\/\\\/healthcliner.com\\\/de\\\/verzichtserklaerung\\\/\"]}]},{\"@type\":\"BreadcrumbList\",\"@id\":\"https:\\\/\\\/healthcliner.com\\\/de\\\/verzichtserklaerung\\\/#breadcrumb\",\"itemListElement\":[{\"@type\":\"ListItem\",\"position\":1,\"name\":\"Home\",\"item\":\"https:\\\/\\\/healthcliner.com\\\/de\\\/\"},{\"@type\":\"ListItem\",\"position\":2,\"name\":\"Verzichtserkl\u00e4rung\"}]},{\"@type\":\"WebSite\",\"@id\":\"https:\\\/\\\/healthcliner.com\\\/de\\\/#website\",\"url\":\"https:\\\/\\\/healthcliner.com\\\/de\\\/\",\"name\":\"Healthcliner\",\"description\":\"Evidence-based Health Information\",\"publisher\":{\"@id\":\"https:\\\/\\\/healthcliner.com\\\/de\\\/#organization\"},\"potentialAction\":[{\"@type\":\"SearchAction\",\"target\":{\"@type\":\"EntryPoint\",\"urlTemplate\":\"https:\\\/\\\/healthcliner.com\\\/de\\\/?s={search_term_string}\"},\"query-input\":{\"@type\":\"PropertyValueSpecification\",\"valueRequired\":true,\"valueName\":\"search_term_string\"}}],\"inLanguage\":\"de\"},{\"@type\":\"Organization\",\"@id\":\"https:\\\/\\\/healthcliner.com\\\/de\\\/#organization\",\"name\":\"Healthcliner\",\"url\":\"https:\\\/\\\/healthcliner.com\\\/de\\\/\",\"logo\":{\"@type\":\"ImageObject\",\"inLanguage\":\"de\",\"@id\":\"https:\\\/\\\/healthcliner.com\\\/de\\\/#\\\/schema\\\/logo\\\/image\\\/\",\"url\":\"https:\\\/\\\/healthcliner.com\\\/wp-content\\\/uploads\\\/2021\\\/09\\\/Small-size-transparent-image-for-web-1.png\",\"contentUrl\":\"https:\\\/\\\/healthcliner.com\\\/wp-content\\\/uploads\\\/2021\\\/09\\\/Small-size-transparent-image-for-web-1.png\",\"width\":500,\"height\":101,\"caption\":\"Healthcliner\"},\"image\":{\"@id\":\"https:\\\/\\\/healthcliner.com\\\/de\\\/#\\\/schema\\\/logo\\\/image\\\/\"},\"sameAs\":[\"https:\\\/\\\/business.facebook.com\\\/Healthcliner\",\"https:\\\/\\\/x.com\\\/healthcliner\",\"https:\\\/\\\/www.instagram.com\\\/healthcliner\\\/\",\"https:\\\/\\\/www.pinterest.com\\\/Healthcliner\\\/\"]}]}<\/script>\n<!-- \/ Yoast SEO plugin. -->","yoast_head_json":{"title":"Verzichtserkl\u00e4rung - Healthcliner","robots":{"index":"index","follow":"follow","max-snippet":"max-snippet:-1","max-image-preview":"max-image-preview:large","max-video-preview":"max-video-preview:-1"},"canonical":"https:\/\/healthcliner.com\/de\/verzichtserklaerung\/","og_locale":"de_DE","og_type":"article","og_title":"Verzichtserkl\u00e4rung - Healthcliner","og_description":"[et_pb_section fb_built=&#8220;1&#8243; _builder_version=&#8220;4.9.4&#8243; _module_preset=&#8220;default&#8220; custom_padding=&#8220;||0px||false|false&#8220; da_disable_devices=&#8220;off|off|off&#8220; da_is_popup=&#8220;off&#8220; da_exit_intent=&#8220;off&#8220; da_has_close=&#8220;on&#8220; da_alt_close=&#8220;off&#8220; da_dark_close=&#8220;off&#8220; da_not_modal=&#8220;on&#8220; da_is_singular=&#8220;off&#8220; da_with_loader=&#8220;off&#8220; da_has_shadow=&#8220;on&#8220;][et_pb_row _builder_version=&#8220;4.9.4&#8243; _module_preset=&#8220;default&#8220; custom_padding=&#8220;||0px||false|false&#8220;][et_pb_column type=&#8220;4_4&#8243; _builder_version=&#8220;4.9.4&#8243; _module_preset=&#8220;default&#8220;][et_pb_text _builder_version=&#8220;4.9.4&#8243; _module_preset=&#8220;default&#8220; text_font=&#8220;Roboto||||||||&#8220; text_text_color=&#8220;rgba(0,0,0,0.75)&#8220; text_font_size=&#8220;16px&#8220; link_font=&#8220;Roboto||||||||&#8220; link_text_color=&#8220;#68d800&#8243; link_font_size=&#8220;16px&#8220; custom_margin=&#8220;-2vw||||false|false&#8220;] Verzichtserkl\u00e4rung Dieser Haftungsausschluss (&#8222;Haftungsausschluss&#8220;) legt die allgemeinen Richtlinien, Offenlegungen und Bedingungen f\u00fcr Ihre Nutzung der healthcliner.com-Website (&#8222;Website&#8220; oder &#8222;Service&#8220;) und aller damit verbundenen Produkte und [&hellip;]","og_url":"https:\/\/healthcliner.com\/de\/verzichtserklaerung\/","og_site_name":"Healthcliner","article_publisher":"https:\/\/business.facebook.com\/Healthcliner","article_modified_time":"2021-08-10T16:55:50+00:00","twitter_card":"summary_large_image","twitter_site":"@healthcliner","twitter_misc":{"Gesch\u00e4tzte Lesezeit":"8\u00a0Minuten"},"schema":{"@context":"https:\/\/schema.org","@graph":[{"@type":"WebPage","@id":"https:\/\/healthcliner.com\/de\/verzichtserklaerung\/","url":"https:\/\/healthcliner.com\/de\/verzichtserklaerung\/","name":"Verzichtserkl\u00e4rung - Healthcliner","isPartOf":{"@id":"https:\/\/healthcliner.com\/de\/#website"},"datePublished":"2021-08-10T16:55:48+00:00","dateModified":"2021-08-10T16:55:50+00:00","breadcrumb":{"@id":"https:\/\/healthcliner.com\/de\/verzichtserklaerung\/#breadcrumb"},"inLanguage":"de","potentialAction":[{"@type":"ReadAction","target":["https:\/\/healthcliner.com\/de\/verzichtserklaerung\/"]}]},{"@type":"BreadcrumbList","@id":"https:\/\/healthcliner.com\/de\/verzichtserklaerung\/#breadcrumb","itemListElement":[{"@type":"ListItem","position":1,"name":"Home","item":"https:\/\/healthcliner.com\/de\/"},{"@type":"ListItem","position":2,"name":"Verzichtserkl\u00e4rung"}]},{"@type":"WebSite","@id":"https:\/\/healthcliner.com\/de\/#website","url":"https:\/\/healthcliner.com\/de\/","name":"Healthcliner","description":"Evidence-based Health Information","publisher":{"@id":"https:\/\/healthcliner.com\/de\/#organization"},"potentialAction":[{"@type":"SearchAction","target":{"@type":"EntryPoint","urlTemplate":"https:\/\/healthcliner.com\/de\/?s={search_term_string}"},"query-input":{"@type":"PropertyValueSpecification","valueRequired":true,"valueName":"search_term_string"}}],"inLanguage":"de"},{"@type":"Organization","@id":"https:\/\/healthcliner.com\/de\/#organization","name":"Healthcliner","url":"https:\/\/healthcliner.com\/de\/","logo":{"@type":"ImageObject","inLanguage":"de","@id":"https:\/\/healthcliner.com\/de\/#\/schema\/logo\/image\/","url":"https:\/\/healthcliner.com\/wp-content\/uploads\/2021\/09\/Small-size-transparent-image-for-web-1.png","contentUrl":"https:\/\/healthcliner.com\/wp-content\/uploads\/2021\/09\/Small-size-transparent-image-for-web-1.png","width":500,"height":101,"caption":"Healthcliner"},"image":{"@id":"https:\/\/healthcliner.com\/de\/#\/schema\/logo\/image\/"},"sameAs":["https:\/\/business.facebook.com\/Healthcliner","https:\/\/x.com\/healthcliner","https:\/\/www.instagram.com\/healthcliner\/","https:\/\/www.pinterest.com\/Healthcliner\/"]}]}},"amp_enabled":true,"_links":{"self":[{"href":"https:\/\/healthcliner.com\/de\/wp-json\/wp\/v2\/pages\/6687","targetHints":{"allow":["GET"]}}],"collection":[{"href":"https:\/\/healthcliner.com\/de\/wp-json\/wp\/v2\/pages"}],"about":[{"href":"https:\/\/healthcliner.com\/de\/wp-json\/wp\/v2\/types\/page"}],"author":[{"embeddable":true,"href":"https:\/\/healthcliner.com\/de\/wp-json\/wp\/v2\/users\/1"}],"replies":[{"embeddable":true,"href":"https:\/\/healthcliner.com\/de\/wp-json\/wp\/v2\/comments?post=6687"}],"version-history":[{"count":2,"href":"https:\/\/healthcliner.com\/de\/wp-json\/wp\/v2\/pages\/6687\/revisions"}],"predecessor-version":[{"id":6689,"href":"https:\/\/healthcliner.com\/de\/wp-json\/wp\/v2\/pages\/6687\/revisions\/6689"}],"wp:attachment":[{"href":"https:\/\/healthcliner.com\/de\/wp-json\/wp\/v2\/media?parent=6687"}],"curies":[{"name":"wp","href":"https:\/\/api.w.org\/{rel}","templated":true}]}}